{"id":6913,"date":"2023-02-14T17:29:51","date_gmt":"2023-02-14T16:29:51","guid":{"rendered":"https:\/\/casaporciatti.it\/shop\/prodotto\/borgogno-barolo-2016\/"},"modified":"2023-03-16T11:51:51","modified_gmt":"2023-03-16T10:51:51","slug":"borgogno-barolo-2016","status":"publish","type":"product","link":"https:\/\/casaporciatti.it\/shop\/prodotto\/borgogno-barolo-2016\/","title":{"rendered":"BORGOGNO Barolo 2016"},"content":{"rendered":"<p>Il Barolo Borgogno 2016 ha una dolce punto di ciliegia candita e lampone che saltano fuori non appena alzi il bicchiere al naso. Quella dolcezza rimane con ad ogni sorso come una piacevole compagnia. E&#8217; Barolo che non esce fuori dalle righe, e quindi, di grande classicit\u00e0.<\/p>\n<p>Barolo \u00e8 un piccolo paese che crea uno dei pi\u00f9 grandi vini del mondo, e il nome Borgogno, una delle pi\u00f9 antiche aziende vinicole in Italia, \u00e8 sempre stato legato a questo paese del Piemonte.<\/p>\n<p>Tutto inizi\u00f2 nel 1761 quando Bartolomeo Borgogno fond\u00f2\u00a0 la cantina. Negli anni che seguirono, la storia della cantina e quella dell&#8217;Italia si intrecciano spesso. Nel 1861, ad esempio, dopo l&#8217;Unit\u00e0 d&#8217;Italia, il Barolo di Borgogno era il vino scelto per accompagnare il pranzo di festa.<\/p>\n<p>Borgogno pone al centro delle sue pratiche il rispetto dell&#8217;ambiente e non utilizza fertilizzanti chimici, optando solo per metodi di produzione sostenibili. Questo duro lavoro si traduce in un&#8217;uva naturale, pulita, essenziale per la produzione di vini di livello mondiale, che mostra un riuscito connubio tra innovazione e tradizione in una cantina cos\u00ec consolidata.<\/p>\n<p>L&#8217;azienda si estende su 20 ettari di vigneto e nel 2008 l&#8217;azienda \u00e8 stata rilevata dalla famiglia Farinetti.<\/p>\n","protected":false},"excerpt":{"rendered":"<p>Il Barolo Borgogno 2016 ha una dolce punto di ciliegia candita e lampone che saltano fuori non appena alzi il [&hellip;]<\/p>\n","protected":false},"featured_media":6914,"template":"","meta":[],"product_brand":[],"product_cat":[16,17],"product_tag":[150,316],"class_list":{"0":"post-6913","1":"product","2":"type-product","3":"status-publish","4":"has-post-thumbnail","6":"product_cat-bere","7":"product_cat-vini-rossi","8":"product_tag-barolo","9":"product_tag-borgogno","10":"pa_produttore-borgogno","12":"first","13":"outofstock","14":"shipping-taxable","15":"purchasable","16":"product-type-simple"},"acf":[],"_links":{"self":[{"href":"https:\/\/casaporciatti.it\/shop\/wp-json\/wp\/v2\/product\/6913","targetHints":{"allow":["GET"]}}],"collection":[{"href":"https:\/\/casaporciatti.it\/shop\/wp-json\/wp\/v2\/product"}],"about":[{"href":"https:\/\/casaporciatti.it\/shop\/wp-json\/wp\/v2\/types\/product"}],"wp:featuredmedia":[{"embeddable":true,"href":"https:\/\/casaporciatti.it\/shop\/wp-json\/wp\/v2\/media\/6914"}],"wp:attachment":[{"href":"https:\/\/casaporciatti.it\/shop\/wp-json\/wp\/v2\/media?parent=6913"}],"wp:term":[{"taxonomy":"product_brand","embeddable":true,"href":"https:\/\/casaporciatti.it\/shop\/wp-json\/wp\/v2\/product_brand?post=6913"},{"taxonomy":"product_cat","embeddable":true,"href":"https:\/\/casaporciatti.it\/shop\/wp-json\/wp\/v2\/product_cat?post=6913"},{"taxonomy":"product_tag","embeddable":true,"href":"https:\/\/casaporciatti.it\/shop\/wp-json\/wp\/v2\/product_tag?post=6913"}],"curies":[{"name":"wp","href":"https:\/\/api.w.org\/{rel}","templated":true}]}}