{"id":6895,"date":"2023-02-14T17:29:51","date_gmt":"2023-02-14T16:29:51","guid":{"rendered":"https:\/\/casaporciatti.it\/shop\/prodotto\/domaine-de-la-grange-des-peres-pays-de-lherault-la-grange-des-peres-rouge-2018\/"},"modified":"2026-01-15T05:35:51","modified_gmt":"2026-01-15T04:35:51","slug":"domaine-de-la-grange-des-peres-pays-de-lherault-la-grange-des-peres-rouge-2018","status":"publish","type":"product","link":"https:\/\/casaporciatti.it\/shop\/prodotto\/domaine-de-la-grange-des-peres-pays-de-lherault-la-grange-des-peres-rouge-2018\/","title":{"rendered":"DOMAINE DE LA GRANGE DES P\u00c8RES, Pays de l\u2019H\u00e9rault, La Grange des P\u00e8res Rouge 2018"},"content":{"rendered":"<p>Una delle tenute iconiche della Languedoc il Domaine de la Grange des P\u00e8res ha realizzato una Grange des P\u00e8res 2018 impressionante.\u00a0 Morbido e dolcemente fruttato \u00e8 un vino che si pu\u00f2 gi\u00e0 bere alla grande. Il bouquet di oliva, pepe e frutta scura dolce, ha una ricchezzapiena, senza spigolature e tannini maturi. Questa \u00e8 una cuv\u00e9e che pu\u00f2 invecchiare, ma di certo non c&#8217;\u00e8 nulla di male nel godersi questa annata nella sua giovinezza.<\/p>\n<p>Laurent Vaill\u00e9 ha fondato\u00a0 il Domanine Grange des P\u00e8res all&#8217;inizio degli anni &#8217;90. Possiede quasi 10 ettari di vigneti nelle famose colline di Aniane, all&#8217;interno della C\u00f4teaux du Languedoc AOC. Tuttavia i suoi vini non possono portare l&#8217;etichetta AOC poich\u00e9 utilizza variet\u00e0 non autorizzate all&#8217;interno dell&#8217;AOC: sono Vins de Pays de l&#8217;H\u00e9rault. Mentre il suo rosso ha raggiunto lo status di vino iconico della Linguadoca, anche il suo bianco (900 bottiglie prodotte ogni anno) \u00e8 molto ricercato.<\/p>\n<p>Laurent Vaill\u00e9, un ex fisioterapista, ha avviato questo domaine nel 1992 dopo aver lavorato per alcuni dei pi\u00f9 grandi vignerons in Francia, tra cui Gerard Chave dell&#8217;Hermitage e Coche Dury in Borgogna. Per Laurent, \u00e8 stato un gradito ritorno al meraviglioso patrimonio della sua famiglia e ora ha 11 ettari di vigneti di Syrah, Mourv\u00e8dre e Cabernet Sauvignon ad Aniane.<\/p>\n<p>I vitigni Syrah e Cabernet Sauvignon sono situati a nord su terreno calcareo a 300 metri di altitudine, mentre il Mourv\u00e8dre \u00e8 esposto a sud su pierres roul\u00e9es, come a Chateauneuf du Pape. Le rese si riducono a un minimo di 25 hl \/ ha grazie al diradamento dei grappoli e alla cernita manuale delle uve. Utilizza pratiche viticole \u201cragionate\u201d, riducendo al minimo l&#8217;uso di prodotti chimici, coltivando il terreno, rimuovendo le foglie per far entrare la generosa luce solare nella chioma ed effettuando una raccolta verde dove necessario.<\/p>\n<p>La vinificazione \u00e8 in stile tradizionale, ogni variet\u00e0 viene vinificata separatamente utilizzando lieviti naturali e lunga macerazione. I vini trascorrono fino a 24 mesi in botte (un terzo nuovo), ma il rovere \u00e8 perfettamente integrato anche al momento del rilascio.<\/p>\n","protected":false},"excerpt":{"rendered":"<p>Una delle tenute iconiche della Languedoc il Domaine de la Grange des P\u00e8res ha realizzato una Grange des P\u00e8res 2018 [&hellip;]<\/p>\n","protected":false},"featured_media":6896,"template":"","meta":[],"product_brand":[],"product_cat":[16,17],"product_tag":[311,312],"class_list":{"0":"post-6895","1":"product","2":"type-product","3":"status-publish","4":"has-post-thumbnail","6":"product_cat-bere","7":"product_cat-vini-rossi","8":"product_tag-domaine-de-la-grange-des-peres","9":"product_tag-languedoc","10":"pa_categorie-speciali-vini-pregiati-e-rari","11":"pa_produttore-domaine-de-la-grange-des-peres","13":"first","14":"instock","15":"shipping-taxable","16":"purchasable","17":"product-type-simple"},"acf":[],"_links":{"self":[{"href":"https:\/\/casaporciatti.it\/shop\/wp-json\/wp\/v2\/product\/6895","targetHints":{"allow":["GET"]}}],"collection":[{"href":"https:\/\/casaporciatti.it\/shop\/wp-json\/wp\/v2\/product"}],"about":[{"href":"https:\/\/casaporciatti.it\/shop\/wp-json\/wp\/v2\/types\/product"}],"wp:featuredmedia":[{"embeddable":true,"href":"https:\/\/casaporciatti.it\/shop\/wp-json\/wp\/v2\/media\/6896"}],"wp:attachment":[{"href":"https:\/\/casaporciatti.it\/shop\/wp-json\/wp\/v2\/media?parent=6895"}],"wp:term":[{"taxonomy":"product_brand","embeddable":true,"href":"https:\/\/casaporciatti.it\/shop\/wp-json\/wp\/v2\/product_brand?post=6895"},{"taxonomy":"product_cat","embeddable":true,"href":"https:\/\/casaporciatti.it\/shop\/wp-json\/wp\/v2\/product_cat?post=6895"},{"taxonomy":"product_tag","embeddable":true,"href":"https:\/\/casaporciatti.it\/shop\/wp-json\/wp\/v2\/product_tag?post=6895"}],"curies":[{"name":"wp","href":"https:\/\/api.w.org\/{rel}","templated":true}]}}