{"id":6889,"date":"2023-02-14T17:29:51","date_gmt":"2023-02-14T16:29:51","guid":{"rendered":"https:\/\/casaporciatti.it\/shop\/prodotto\/castello-della-sala-antinori-umbria-igt-conte-della-vipera-2021\/"},"modified":"2025-11-27T12:31:00","modified_gmt":"2025-11-27T11:31:00","slug":"castello-della-sala-antinori-umbria-igt-conte-della-vipera-2024","status":"publish","type":"product","link":"https:\/\/casaporciatti.it\/shop\/prodotto\/castello-della-sala-antinori-umbria-igt-conte-della-vipera-2024\/","title":{"rendered":"CASTELLO DELLA SALA ANTINORI Umbria igt Conte della Vipera 2024"},"content":{"rendered":"<p>Da un\u2019accurata selezione di uve Sauvignon Blanc e S\u00e9millon. Conte della Vipera rende omaggio ai primi proprietari del castello e l\u2019etichetta riporta la cappella di San Giovanni del XIII secolo, situata nella propriet\u00e0.<\/p>\n<p class=\"p1\">Il Conte della Vipera si caratterizza per i suoi aromi freschi e complessi, con note di frutta tropicale, agrumi, erbe aromatiche e una piacevole mineralit\u00e0. \u00c8 un vino elegante, equilibrato e versatile, apprezzato sia da abbinare a piatti a base di pesce, crostacei e formaggi freschi, sia da gustare da solo come aperitivo<\/p>\n<p>Il Castello della Sala si trova in Umbria, a breve distanza dal confine con la Toscana, a circa 18 chilometri dalla storica citt\u00e0 di Orvieto. Il Castello della Sala, magnifico maniero medievale con 500 ettari di terreno, 170 dei quali coltivati \u200b\u200ba vigneto, si trova a met\u00e0 strada tra il fiume Paglia e la vetta del Monte Nibbio.<\/p>\n<p>STORIA<br \/>\nIl Castello della Sala fu costruito nel 1350 da Angelo Monaldeschi della Vipera la cui famiglia arriv\u00f2 in Italia nel IX secolo al seguito delle truppe di Carlo Magno. Il 1300 segn\u00f2 l&#8217;inizio di una lunga serie di conflitti tra i membri della famiglia per ottenere il controllo di Orvieto. Nel 1437 Gentile, nipote di Angelo dei Monaldeschi della Vipera, ottenne il controllo della citt\u00e0 e regn\u00f2 come dittatore per oltre un decennio. Dopo la morte di Gentile nel 1466, inizi\u00f2 al castello un periodo di pace, culminato con il matrimonio riconciliativo del figlio di Gentile, Pietro Antonio della Vipera, e di sua cugina Giovanna Monaldeschi della Cervara.<\/p>\n<p>I VIGNETI<br \/>\nI 170 ettari di vigneti della tenuta si trovano ad un&#8217;altitudine di 220 &#8211; 470 metri sul livello del mare e sono coltivati \u200b\u200bcon variet\u00e0 tradizionali come Procanico e Grechetto ma anche con Chardonnay, Sauvignon Blanc, S\u00e8millon, Pinot Bianco, Viognier e una piccola quantit\u00e0 di Traminer e Riesling. La regione \u00e8 eccezionale per la produzione di variet\u00e0 bianche con una sola eccezione, il Pinot Nero, che ha trovato in questo terroir le condizioni ideali per esprimere al meglio il suo potenziale. Le viti crescono in suoli a base argillosa e calcarea, ricchi di conchiglie fossili, e sono ben esposte al sorgere del sole con un&#8217;ottima escursione termica tra il giorno e la notte.<\/p>\n<p>.<\/p>\n","protected":false},"excerpt":{"rendered":"<p>Da un\u2019accurata selezione di uve Sauvignon Blanc e S\u00e9millon. Conte della Vipera rende omaggio ai primi proprietari del castello e [&hellip;]<\/p>\n","protected":false},"featured_media":6890,"template":"","meta":[],"product_brand":[],"product_cat":[16,182],"product_tag":[90,307,308],"class_list":{"0":"post-6889","1":"product","2":"type-product","3":"status-publish","4":"has-post-thumbnail","6":"product_cat-bere","7":"product_cat-vini-bianchi","8":"product_tag-antinori","9":"product_tag-castello-della-sala","10":"product_tag-umbria","11":"pa_categorie-speciali-vini-per-lestate","12":"pa_produttore-antinori","14":"first","15":"instock","16":"shipping-taxable","17":"purchasable","18":"product-type-simple"},"acf":[],"_links":{"self":[{"href":"https:\/\/casaporciatti.it\/shop\/wp-json\/wp\/v2\/product\/6889","targetHints":{"allow":["GET"]}}],"collection":[{"href":"https:\/\/casaporciatti.it\/shop\/wp-json\/wp\/v2\/product"}],"about":[{"href":"https:\/\/casaporciatti.it\/shop\/wp-json\/wp\/v2\/types\/product"}],"wp:featuredmedia":[{"embeddable":true,"href":"https:\/\/casaporciatti.it\/shop\/wp-json\/wp\/v2\/media\/6890"}],"wp:attachment":[{"href":"https:\/\/casaporciatti.it\/shop\/wp-json\/wp\/v2\/media?parent=6889"}],"wp:term":[{"taxonomy":"product_brand","embeddable":true,"href":"https:\/\/casaporciatti.it\/shop\/wp-json\/wp\/v2\/product_brand?post=6889"},{"taxonomy":"product_cat","embeddable":true,"href":"https:\/\/casaporciatti.it\/shop\/wp-json\/wp\/v2\/product_cat?post=6889"},{"taxonomy":"product_tag","embeddable":true,"href":"https:\/\/casaporciatti.it\/shop\/wp-json\/wp\/v2\/product_tag?post=6889"}],"curies":[{"name":"wp","href":"https:\/\/api.w.org\/{rel}","templated":true}]}}