{"id":6853,"date":"2023-02-14T17:29:36","date_gmt":"2023-02-14T16:29:36","guid":{"rendered":"https:\/\/casaporciatti.it\/shop\/prodotto\/tramin-alto-adige-sauvignon-blanc-2021\/"},"modified":"2026-01-15T05:36:46","modified_gmt":"2026-01-15T04:36:46","slug":"tramin-alto-adige-sauvignon-blanc-2024","status":"publish","type":"product","link":"https:\/\/casaporciatti.it\/shop\/prodotto\/tramin-alto-adige-sauvignon-blanc-2024\/","title":{"rendered":"TRAMIN Alto Adige Sauvignon Blanc 2024"},"content":{"rendered":"<p>L&#8217;Alto Adige Tramin\u00a0 Sauvignon Blanc proviene da due storiche e rinomate zone vinicole dell&#8217;Alto Adige, Termeno e Montagna.<br \/>\nIl vino si presenta nel bicchiere con un bel colore verde limone. Al naso mostra aromi vivaci di pompelmo, melone ed erba tagliata, in<br \/>\noltre al classico note di uva spina. Leggero ed armonico, si lascia bere con estrema facilit\u00e0.<\/p>\n<p>Situata nel cuore dell&#8217;Alto Adige, nel comune di Termeno, sul versante sud delle Alpi, Tramin comprende una delle pi\u00f9 antiche reti di agricoltori che formano un&#8217;azienda vinicola. Ricchi di tradizione, i vini di Tramin sono espressioni autentiche di un terroir unico, supportati da una filosofia comune di duro lavoro, dedizione, fiducia e creativit\u00e0 tra tutti i membri partecipanti. Tramin opera a misura d&#8217;uomo con un rapporto contadino-terra simile a quello di una piccola tenuta, consentendo una raccolta manuale delicata.<\/p>\n<p>Fondata nel 1889 dal pastore Christian Schrott, Tramin conta oggi 270 membri su circa 620 acri nelle comunit\u00e0 di Termeno, Neumarkt, Montagna e Ora. La citt\u00e0 di Termeno &#8211; il nome tedesco di Termeno &#8211; ospita l&#8217;uva aromatica, il Gew\u00fcrztraminer. L&#8217;uva Traminer (come viene chiamata affettuosamente qui) \u00e8 una delle pi\u00f9 antiche al mondo e vanta una nobile stirpe. Recenti studi dimostrano infatti che \u00e8 l&#8217;antenato di alcuni dei vitigni pi\u00f9 antichi come il Cabernet Sauvignon e il Riesling, e il Pinot Bianco, il Grigio e il Noir. Alla Cantina Tramin l&#8217;uva Traminer cresce nella sottozona del Sella, un terroir particolarmente vocato al Gew\u00fcrztraminer; da qui il nome della cantina, Cantina Tramin.<\/p>\n<p>Posizione del vigneto<br \/>\nTra i vigneti pi\u00f9 settentrionali d&#8217;Italia. Queste viti crescono in una valle glaciale dalle alte pareti che la protegge dal freddo settentrionale e intrappola il calore del sole. La cantina stessa si trova sulla Strada del Vino (Strada di Vino \/ Weinstrasse) nel comune di Termeno &#8211; o Tramin in tedesco &#8211; poche miglia a sud del capoluogo di provincia Bolzano (Bozen) e a 80 km dal confine austriaco.<\/p>\n<p>&nbsp;<\/p>\n<p>&nbsp;<\/p>\n","protected":false},"excerpt":{"rendered":"<p>L&#8217;Alto Adige Tramin\u00a0 Sauvignon Blanc proviene da due storiche e rinomate zone vinicole dell&#8217;Alto Adige, Termeno e Montagna. Il vino [&hellip;]<\/p>\n","protected":false},"featured_media":6854,"template":"","meta":[],"product_brand":[],"product_cat":[16,182],"product_tag":[298,303,84],"class_list":{"0":"post-6853","1":"product","2":"type-product","3":"status-publish","4":"has-post-thumbnail","6":"product_cat-bere","7":"product_cat-vini-bianchi","8":"product_tag-alto-adige","9":"product_tag-tramin","10":"product_tag-vini-per-lestate","11":"pa_categorie-speciali-vini-per-lestate","12":"pa_produttore-tramin","14":"first","15":"instock","16":"shipping-taxable","17":"purchasable","18":"product-type-simple"},"acf":[],"_links":{"self":[{"href":"https:\/\/casaporciatti.it\/shop\/wp-json\/wp\/v2\/product\/6853","targetHints":{"allow":["GET"]}}],"collection":[{"href":"https:\/\/casaporciatti.it\/shop\/wp-json\/wp\/v2\/product"}],"about":[{"href":"https:\/\/casaporciatti.it\/shop\/wp-json\/wp\/v2\/types\/product"}],"wp:featuredmedia":[{"embeddable":true,"href":"https:\/\/casaporciatti.it\/shop\/wp-json\/wp\/v2\/media\/6854"}],"wp:attachment":[{"href":"https:\/\/casaporciatti.it\/shop\/wp-json\/wp\/v2\/media?parent=6853"}],"wp:term":[{"taxonomy":"product_brand","embeddable":true,"href":"https:\/\/casaporciatti.it\/shop\/wp-json\/wp\/v2\/product_brand?post=6853"},{"taxonomy":"product_cat","embeddable":true,"href":"https:\/\/casaporciatti.it\/shop\/wp-json\/wp\/v2\/product_cat?post=6853"},{"taxonomy":"product_tag","embeddable":true,"href":"https:\/\/casaporciatti.it\/shop\/wp-json\/wp\/v2\/product_tag?post=6853"}],"curies":[{"name":"wp","href":"https:\/\/api.w.org\/{rel}","templated":true}]}}