{"id":6817,"date":"2023-02-14T17:29:19","date_gmt":"2023-02-14T16:29:19","guid":{"rendered":"https:\/\/casaporciatti.it\/shop\/prodotto\/cantina-terlano-alto-adige-terlaner-cuvee-2021\/"},"modified":"2026-04-07T18:24:30","modified_gmt":"2026-04-07T16:24:30","slug":"cantina-terlano-alto-adige-terlaner-cuvee-2022","status":"publish","type":"product","link":"https:\/\/casaporciatti.it\/shop\/prodotto\/cantina-terlano-alto-adige-terlaner-cuvee-2022\/","title":{"rendered":"CANTINA TERLANO Alto Adige Terlaner Cuv\u00e9e 2022"},"content":{"rendered":"<p>Il Terlaner della Catina Terlano \u00e8 composizione delle tre variet\u00e0 bianche pi\u00f9 tradizionali della Cantina: Pinot Bianco, Chardonnay e Sauvignon. Questa antica cuv\u00e9e, che \u00e8 uno dei vini prodotti da quando la cantina \u00e8 stata fondata, \u00e8 un vino estremamente complesso. A partire dall&#8217;annata 2013, questo blend espressivo \u00e8 stato potenziato utilizzando uve provenienti da vigneti precedentemente trattenuti per la produzione di Vorberg, Kreuth e Winkl.<\/p>\n<p>La vinificazione prevede pressatura soffice a grappolo intero e chiarifica del mosto per sedimentazione naturale. Alla lenta fermentazione in vasche di acciaio inox a temperatura controllata segue l&#8217;affinamento sui lieviti, anche in acciaio, per 5-7 mesi, con assemblaggio un mese prima dell&#8217;imbottigliamento.<br \/>\nIl Terlaner della Catina Terlano si presenta giallo tenue con riflessi olivastri, i primi aromatici allettano con sentori di cardamomo, pepe bianco e pompelmo rosa tenue. Albicocca persistente e agrumi tropicali maturi turbinano con grazia attorno a un flusso concentrato di intensa mineralit\u00e0. La freschezza definisce il finale di questo vino impeccabilmente equilibrato.<\/p>\n<p>Da provare con stufati di pesce, involtini primavera, agrumi, pollo arrosto al rosmarino e persino barbecue.<\/p>\n<p>Fondata nel 1893, la Cantina Terlano \u00e8 diventata una delle principali cooperative di viticoltori dell&#8217;Alto Adige, nel nord-est dell&#8217;Italia.<\/p>\n<p>Situata sulle Dolomiti, ai piedi delle Alpi, la posizione distintiva di Terlano e lo straordinario terroir sono fondamentali per lo sviluppo dei loro splendidi vini. Situata in una conca riparata, Terlano gode di un&#8217;ottima esposizione a sud. I pendii dei vigneti che vanno dai 250 ai 900 m slm offrono le condizioni ideali per la coltivazione della vite, in particolare il Lagrein, una variet\u00e0 autoctona dell&#8217;Alto Adige. I vigneti composti da rocce rosse ad alto contenuto minerale trattengono il calore della giornata, mentre il terreno poroso permette il drenaggio dell&#8217;acqua, mantenendo il terreno asciutto attorno alle radici delle viti. Questi fattori, uniti alle fresche temperature serali, danno vita a vini di incredibile profondit\u00e0 e potenzialmente da invecchiamento.<\/p>\n<p>Con un&#8217;attuale adesione di 143 produttori che coltivano una superficie totale di 165 ettari, Terlano assicura i pi\u00f9 alti standard di qualit\u00e0 compensando i coltivatori per la qualit\u00e0 delle loro uve e non per la quantit\u00e0. Nei vigneti, l&#8217;enfasi \u00e8 sulla riduzione della resa a favore di una produzione di frutta pi\u00f9 concentrata.<br \/>\nTerlano produce il 30% di vini rossi e il 70% di bianchi, tutti con denominazione di qualit\u00e0 DOC.<\/p>\n","protected":false},"excerpt":{"rendered":"<p>Il Terlaner della Catina Terlano \u00e8 composizione delle tre variet\u00e0 bianche pi\u00f9 tradizionali della Cantina: Pinot Bianco, Chardonnay e Sauvignon. [&hellip;]<\/p>\n","protected":false},"featured_media":6818,"template":"","meta":[],"product_brand":[],"product_cat":[16,182],"product_tag":[298,299,84],"class_list":{"0":"post-6817","1":"product","2":"type-product","3":"status-publish","4":"has-post-thumbnail","6":"product_cat-bere","7":"product_cat-vini-bianchi","8":"product_tag-alto-adige","9":"product_tag-cantina-terlano","10":"product_tag-vini-per-lestate","11":"pa_categorie-speciali-vini-per-lestate","12":"pa_produttore-cantina-terlano","14":"first","15":"outofstock","16":"shipping-taxable","17":"purchasable","18":"product-type-simple"},"acf":[],"_links":{"self":[{"href":"https:\/\/casaporciatti.it\/shop\/wp-json\/wp\/v2\/product\/6817","targetHints":{"allow":["GET"]}}],"collection":[{"href":"https:\/\/casaporciatti.it\/shop\/wp-json\/wp\/v2\/product"}],"about":[{"href":"https:\/\/casaporciatti.it\/shop\/wp-json\/wp\/v2\/types\/product"}],"wp:featuredmedia":[{"embeddable":true,"href":"https:\/\/casaporciatti.it\/shop\/wp-json\/wp\/v2\/media\/6818"}],"wp:attachment":[{"href":"https:\/\/casaporciatti.it\/shop\/wp-json\/wp\/v2\/media?parent=6817"}],"wp:term":[{"taxonomy":"product_brand","embeddable":true,"href":"https:\/\/casaporciatti.it\/shop\/wp-json\/wp\/v2\/product_brand?post=6817"},{"taxonomy":"product_cat","embeddable":true,"href":"https:\/\/casaporciatti.it\/shop\/wp-json\/wp\/v2\/product_cat?post=6817"},{"taxonomy":"product_tag","embeddable":true,"href":"https:\/\/casaporciatti.it\/shop\/wp-json\/wp\/v2\/product_tag?post=6817"}],"curies":[{"name":"wp","href":"https:\/\/api.w.org\/{rel}","templated":true}]}}