{"id":6814,"date":"2023-02-14T17:29:19","date_gmt":"2023-02-14T16:29:19","guid":{"rendered":"https:\/\/casaporciatti.it\/shop\/prodotto\/cantina-terlano-alto-adige-terlaner-riserva-nova-domus-2018\/"},"modified":"2026-04-07T18:25:51","modified_gmt":"2026-04-07T16:25:51","slug":"cantina-terlano-alto-adige-terlaner-riserva-nova-domus-2023","status":"publish","type":"product","link":"https:\/\/casaporciatti.it\/shop\/prodotto\/cantina-terlano-alto-adige-terlaner-riserva-nova-domus-2023\/","title":{"rendered":"CANTINA TERLANO Alto Adige Terlaner Riserva Nova Domus 2023"},"content":{"rendered":"<p>Il segreto del Terlaner Riserva Nova Domus della Cantina Terlano\u00a0 \u00e8 la base vulcanica del terreno poroso e sabbioso. Leggermente acido e fortemente minerale, il vino \u00e8 dotato di attributi sorprendenti, tra cui una grande capacit\u00e0 di invecchiamento fino a 40+ anni in cantina. Voluttuosa ma sofisticata, Nova Domus \u00e8 una nobile cuv\u00e9e di Pinot Bianco, Chardonnay e Sauvignon Blanc che prende il nome dal castello di Neuhaus che svetta in alto sopra Terlano. Il 50% delle uve viene fermentato in vasche di acciaio inox e il restante 50% in tonneaux. Il vino matura per 12 mesi: 50% in botti grandi di rovere e 50% in tonneaux.<br \/>\nIl Terlaner Riserva Nova Domus della Cantina Terlano\u00a0 \u00e8 di colore paglierino chiaro con riflessi dorati e aromi diffusi di albicocca, frutti tropicali e chiodi di garofano. Multistrato e armonico, dispiega vortici mielati di mango, ananas e vaniglia trafitti da un intenso flusso minerale. Molto buono con aragosta bollita, brie al forno, capesante scottate, encroute di lumache, funghi selvatici cremosi, crostacei alla griglia e bouillabaisse.<\/p>\n<p>Fondata nel 1893, la Cantina Terlano \u00e8 diventata una delle principali cooperative di viticoltori dell&#8217;Alto Adige, nel nord-est dell&#8217;Italia.<\/p>\n<p>Situata sulle Dolomiti, ai piedi delle Alpi, la posizione distintiva di Terlano e lo straordinario terroir sono fondamentali per lo sviluppo dei loro splendidi vini. Situata in una conca riparata, Terlano gode di un&#8217;ottima esposizione a sud. I pendii dei vigneti che vanno dai 250 ai 900 m slm offrono le condizioni ideali per la coltivazione della vite, in particolare il Lagrein, una variet\u00e0 autoctona dell&#8217;Alto Adige. I vigneti composti da rocce rosse ad alto contenuto minerale trattengono il calore della giornata, mentre il terreno poroso permette il drenaggio dell&#8217;acqua, mantenendo il terreno asciutto attorno alle radici delle viti. Questi fattori, uniti alle fresche temperature serali, danno vita a vini di incredibile profondit\u00e0 e potenzialmente da invecchiamento.<\/p>\n<p>Con un&#8217;attuale adesione di 143 produttori che coltivano una superficie totale di 165 ettari, Terlano assicura i pi\u00f9 alti standard di qualit\u00e0 compensando i coltivatori per la qualit\u00e0 delle loro uve e non per la quantit\u00e0. Nei vigneti, l&#8217;enfasi \u00e8 sulla riduzione della resa a favore di una produzione di frutta pi\u00f9 concentrata.<br \/>\nTerlano produce il 30% di vini rossi e il 70% di bianchi, tutti con denominazione di qualit\u00e0 DOC.<\/p>\n","protected":false},"excerpt":{"rendered":"<p>Il segreto del Terlaner Riserva Nova Domus della Cantina Terlano\u00a0 \u00e8 la base vulcanica del terreno poroso e sabbioso. Leggermente [&hellip;]<\/p>\n","protected":false},"featured_media":6815,"template":"","meta":[],"product_brand":[],"product_cat":[16,182],"product_tag":[298,299],"class_list":{"0":"post-6814","1":"product","2":"type-product","3":"status-publish","4":"has-post-thumbnail","6":"product_cat-bere","7":"product_cat-vini-bianchi","8":"product_tag-alto-adige","9":"product_tag-cantina-terlano","10":"pa_produttore-cantina-terlano","12":"first","13":"instock","14":"shipping-taxable","15":"purchasable","16":"product-type-simple"},"acf":[],"_links":{"self":[{"href":"https:\/\/casaporciatti.it\/shop\/wp-json\/wp\/v2\/product\/6814","targetHints":{"allow":["GET"]}}],"collection":[{"href":"https:\/\/casaporciatti.it\/shop\/wp-json\/wp\/v2\/product"}],"about":[{"href":"https:\/\/casaporciatti.it\/shop\/wp-json\/wp\/v2\/types\/product"}],"wp:featuredmedia":[{"embeddable":true,"href":"https:\/\/casaporciatti.it\/shop\/wp-json\/wp\/v2\/media\/6815"}],"wp:attachment":[{"href":"https:\/\/casaporciatti.it\/shop\/wp-json\/wp\/v2\/media?parent=6814"}],"wp:term":[{"taxonomy":"product_brand","embeddable":true,"href":"https:\/\/casaporciatti.it\/shop\/wp-json\/wp\/v2\/product_brand?post=6814"},{"taxonomy":"product_cat","embeddable":true,"href":"https:\/\/casaporciatti.it\/shop\/wp-json\/wp\/v2\/product_cat?post=6814"},{"taxonomy":"product_tag","embeddable":true,"href":"https:\/\/casaporciatti.it\/shop\/wp-json\/wp\/v2\/product_tag?post=6814"}],"curies":[{"name":"wp","href":"https:\/\/api.w.org\/{rel}","templated":true}]}}