{"id":6811,"date":"2023-02-14T17:29:19","date_gmt":"2023-02-14T16:29:19","guid":{"rendered":"https:\/\/casaporciatti.it\/shop\/prodotto\/cantina-terlano-alto-adige-sauvignon-blanc-quarz-2020\/"},"modified":"2026-04-07T18:24:47","modified_gmt":"2026-04-07T16:24:47","slug":"cantina-terlano-alto-adige-sauvignon-blanc-quarz-2023","status":"publish","type":"product","link":"https:\/\/casaporciatti.it\/shop\/prodotto\/cantina-terlano-alto-adige-sauvignon-blanc-quarz-2023\/","title":{"rendered":"CANTINA TERLANO Alto Adige Sauvignon Blanc Quarz 2023"},"content":{"rendered":"<p>Il nome Quarz del Sauvignon Blanc della Cantina Terlano sta a indicare la particolare la particolare conformazione geologica dei terreni dove si rovano le vite di Sauvignon Blanc.<\/p>\n<p>I vigneti di Terlano si estendono dalle dolci colline del fondovalle ai ripidi pendii delle montagne con le loro condizioni di coltivazione estreme. Qui la terra \u00e8 dotata di ricchi depositi di cristalli minerali noti ai geologi come porfiri di quarzo. Il carattere distinto, la straordinaria profondit\u00e0 e la straordinaria longevit\u00e0 di questo Sauvignon \u00e8 in gran parte attribuibile al terreno ricco di minerali. Il 60% delle uve viene fermentato in vasche di acciaio inox e il 40% in tonneaux. Il vino matura sui lieviti per 8 mesi. Non vede alcuna fermentazione malolattica.<br \/>\nDi colore paglierino dorato, il Sauvignon Blanc Quarz della Cantina Terlano, ha un profumo straordinario di giacinto, erbe aromatiche appena tritate, scorza di limone, pompelmo, zenzero e miele di fiori selvatici. Terroir incisivo sia al naso che al palato, dove aromi ricchi ma vivaci di albicocca, mela cotogna e pompelmo sono racchiusi in note sottostanti di gesso, benzina e lime. Perfetto con piatti speziati di mare, pesce arrosto in crosta di sale o alle erbe, salmone in camicia, pietanze allo zenzero, formaggio di capra e piselli o asparagi freschi.<\/p>\n<p>Fondata nel 1893, la Cantina Terlano \u00e8 diventata una delle principali cooperative di viticoltori dell&#8217;Alto Adige, nel nord-est dell&#8217;Italia.<\/p>\n<p>Situata sulle Dolomiti, ai piedi delle Alpi, la posizione distintiva di Terlano e lo straordinario terroir sono fondamentali per lo sviluppo dei loro splendidi vini. Situata in una conca riparata, Terlano gode di un&#8217;ottima esposizione a sud. I pendii dei vigneti che vanno dai 250 ai 900 m slm offrono le condizioni ideali per la coltivazione della vite, in particolare il Lagrein, una variet\u00e0 autoctona dell&#8217;Alto Adige. I vigneti composti da rocce rosse ad alto contenuto minerale trattengono il calore della giornata, mentre il terreno poroso permette il drenaggio dell&#8217;acqua, mantenendo il terreno asciutto attorno alle radici delle viti. Questi fattori, uniti alle fresche temperature serali, danno vita a vini di incredibile profondit\u00e0 e potenzialmente da invecchiamento.<\/p>\n<p>Con un&#8217;attuale adesione di 143 produttori che coltivano una superficie totale di 165 ettari, Terlano assicura i pi\u00f9 alti standard di qualit\u00e0 compensando i coltivatori per la qualit\u00e0 delle loro uve e non per la quantit\u00e0. Nei vigneti, l&#8217;enfasi \u00e8 sulla riduzione della resa a favore di una produzione di frutta pi\u00f9 concentrata.<br \/>\nTerlano produce il 30% di vini rossi e il 70% di bianchi, tutti con denominazione di qualit\u00e0 DOC.<\/p>\n","protected":false},"excerpt":{"rendered":"<p>Il nome Quarz del Sauvignon Blanc della Cantina Terlano sta a indicare la particolare la particolare conformazione geologica dei terreni [&hellip;]<\/p>\n","protected":false},"featured_media":6812,"template":"","meta":[],"product_brand":[],"product_cat":[16,182],"product_tag":[298,299,84],"class_list":{"0":"post-6811","1":"product","2":"type-product","3":"status-publish","4":"has-post-thumbnail","6":"product_cat-bere","7":"product_cat-vini-bianchi","8":"product_tag-alto-adige","9":"product_tag-cantina-terlano","10":"product_tag-vini-per-lestate","11":"pa_categorie-speciali-vini-per-lestate","12":"pa_produttore-cantina-terlano","14":"first","15":"instock","16":"shipping-taxable","17":"purchasable","18":"product-type-simple"},"acf":[],"_links":{"self":[{"href":"https:\/\/casaporciatti.it\/shop\/wp-json\/wp\/v2\/product\/6811","targetHints":{"allow":["GET"]}}],"collection":[{"href":"https:\/\/casaporciatti.it\/shop\/wp-json\/wp\/v2\/product"}],"about":[{"href":"https:\/\/casaporciatti.it\/shop\/wp-json\/wp\/v2\/types\/product"}],"wp:featuredmedia":[{"embeddable":true,"href":"https:\/\/casaporciatti.it\/shop\/wp-json\/wp\/v2\/media\/6812"}],"wp:attachment":[{"href":"https:\/\/casaporciatti.it\/shop\/wp-json\/wp\/v2\/media?parent=6811"}],"wp:term":[{"taxonomy":"product_brand","embeddable":true,"href":"https:\/\/casaporciatti.it\/shop\/wp-json\/wp\/v2\/product_brand?post=6811"},{"taxonomy":"product_cat","embeddable":true,"href":"https:\/\/casaporciatti.it\/shop\/wp-json\/wp\/v2\/product_cat?post=6811"},{"taxonomy":"product_tag","embeddable":true,"href":"https:\/\/casaporciatti.it\/shop\/wp-json\/wp\/v2\/product_tag?post=6811"}],"curies":[{"name":"wp","href":"https:\/\/api.w.org\/{rel}","templated":true}]}}