{"id":6791,"date":"2023-02-14T17:29:19","date_gmt":"2023-02-14T16:29:19","guid":{"rendered":"https:\/\/casaporciatti.it\/shop\/prodotto\/fanti-brunello-di-montalcino-2016\/"},"modified":"2023-03-16T11:51:24","modified_gmt":"2023-03-16T10:51:24","slug":"fanti-brunello-di-montalcino-2016","status":"publish","type":"product","link":"https:\/\/casaporciatti.it\/shop\/prodotto\/fanti-brunello-di-montalcino-2016\/","title":{"rendered":"FANTI Brunello di Montalcino 2016"},"content":{"rendered":"<p>Il <strong>Brunello di Montalcino<\/strong>\u00a02016 della<strong>\u00a0Fanti<\/strong> \u00e8 un vino di estrema precisione e pulizia. Il corredo aromatico del <strong>Sangiovese<\/strong> sfoggia con questa interpretazione tutto il suo splendore. Le note primarie di frutta rossa del sangiovese sono ben bilanciate da profumi netti di liquirizia, spezie e pepe. In bocca il sorso \u00e8 avvolgente e appagante con tannini rotondi e di ottima qualit\u00e0.<\/p>\n<p>Il Brunello della Tenuta Fanti nasce da vigne che hanno fra i 20 e i 30 anni di et\u00e0 con una resa per ettaro di 65 q.li. Dopo la vendemmia e la vinificazione condotte nei modi pi\u00f9 tradizionale parte del vino passa in barriques di rovere francese e parte in botti di capacit\u00e0 media per un minimo di 24 mesi.<\/p>\n<p>La Tenuta Fanti si trova nel quadrante sud del comprensorio di Montalcino sulla strada che porta a Castelnuovo dell&#8217;Abata. Gli ettari vitati sono 50 di cui la maggior parte dedicato al Sangiovese. Negli anni il Brunello di Montalcino della Tenuta Fanti si affermato per continuit\u00e0 stilistica e per l&#8217;eccezionale rapporto qualit\u00e0 prezzo.<\/p>\n","protected":false},"excerpt":{"rendered":"<p>Il Brunello di Montalcino\u00a02016 della\u00a0Fanti \u00e8 un vino di estrema precisione e pulizia. Il corredo aromatico del Sangiovese sfoggia con [&hellip;]<\/p>\n","protected":false},"featured_media":5265,"template":"","meta":[],"product_brand":[],"product_cat":[16,17],"product_tag":[121,242],"class_list":{"0":"post-6791","1":"product","2":"type-product","3":"status-publish","4":"has-post-thumbnail","6":"product_cat-bere","7":"product_cat-vini-rossi","8":"product_tag-brunello-di-montalcino","9":"product_tag-fanti","10":"pa_categorie-speciali-brunello-di-montalcino","11":"pa_produttore-fanti","13":"first","14":"outofstock","15":"shipping-taxable","16":"purchasable","17":"product-type-simple"},"acf":[],"_links":{"self":[{"href":"https:\/\/casaporciatti.it\/shop\/wp-json\/wp\/v2\/product\/6791","targetHints":{"allow":["GET"]}}],"collection":[{"href":"https:\/\/casaporciatti.it\/shop\/wp-json\/wp\/v2\/product"}],"about":[{"href":"https:\/\/casaporciatti.it\/shop\/wp-json\/wp\/v2\/types\/product"}],"wp:featuredmedia":[{"embeddable":true,"href":"https:\/\/casaporciatti.it\/shop\/wp-json\/wp\/v2\/media\/5265"}],"wp:attachment":[{"href":"https:\/\/casaporciatti.it\/shop\/wp-json\/wp\/v2\/media?parent=6791"}],"wp:term":[{"taxonomy":"product_brand","embeddable":true,"href":"https:\/\/casaporciatti.it\/shop\/wp-json\/wp\/v2\/product_brand?post=6791"},{"taxonomy":"product_cat","embeddable":true,"href":"https:\/\/casaporciatti.it\/shop\/wp-json\/wp\/v2\/product_cat?post=6791"},{"taxonomy":"product_tag","embeddable":true,"href":"https:\/\/casaporciatti.it\/shop\/wp-json\/wp\/v2\/product_tag?post=6791"}],"curies":[{"name":"wp","href":"https:\/\/api.w.org\/{rel}","templated":true}]}}