{"id":6734,"date":"2023-02-14T17:29:04","date_gmt":"2023-02-14T16:29:04","guid":{"rendered":"https:\/\/casaporciatti.it\/shop\/prodotto\/giuseppe-mascarello-barbera-dalba-superiore-scudetto-2019\/"},"modified":"2026-03-20T13:51:48","modified_gmt":"2026-03-20T12:51:48","slug":"giuseppe-mascarello-langhe-nebbiolo-2023","status":"publish","type":"product","link":"https:\/\/casaporciatti.it\/shop\/prodotto\/giuseppe-mascarello-langhe-nebbiolo-2023\/","title":{"rendered":"GIUSEPPE MASCARELLO Langhe Nebbiolo 2023"},"content":{"rendered":"<p class=\"\" data-start=\"217\" data-end=\"782\">Il <strong data-start=\"220\" data-end=\"262\">Langhe Nebbiolo di Giuseppe Mascarello<\/strong> proviene da vigneti situati nel comune di <strong data-start=\"305\" data-end=\"329\">Castiglione Falletto<\/strong>, su terreni <strong data-start=\"342\" data-end=\"364\">calcareo-argillosi<\/strong> esposti a sud e sud-ovest, a un\u2019altitudine compresa tra i <strong data-start=\"423\" data-end=\"451\">250 e i 300 metri s.l.m.<\/strong>. Le viti hanno un\u2019et\u00e0 media di circa <strong data-start=\"489\" data-end=\"500\">25 anni<\/strong>, e la gestione agronomica \u00e8 rispettosa della tradizione e dell\u2019equilibrio naturale della pianta. La vendemmia \u00e8 <strong data-start=\"613\" data-end=\"624\">manuale<\/strong> e la vinificazione segue un approccio classico, con <strong data-start=\"677\" data-end=\"715\">fermentazione in vasche di cemento<\/strong> e <strong data-start=\"718\" data-end=\"759\">affinamento in grandi botti di rovere<\/strong> per circa <strong data-start=\"770\" data-end=\"781\">un anno<\/strong>.<\/p>\n<p class=\"\" data-start=\"784\" data-end=\"1192\">Il Langhe Nebbiolo rappresenta un&#8217;introduzione perfetta allo stile della cantina Mascarello: \u00e8 un Nebbiolo autentico, di grande eleganza e precisione, che riflette il carattere del territorio con note floreali, tannini setosi e una sorprendente profondit\u00e0 per un vino &#8220;base&#8221;. \u00c8 un vino che nasce per essere goduto nei primi anni di vita, ma che pu\u00f2 anche evolvere piacevolmente in bottiglia per qualche anno.<\/p>\n<p class=\"\" data-start=\"1194\" data-end=\"1512\">La cantina <strong data-start=\"1205\" data-end=\"1237\">Giuseppe Mascarello e Figlio<\/strong>, oggi guidata da <strong data-start=\"1255\" data-end=\"1275\">Mauro Mascarello<\/strong>, \u00e8 tra le pi\u00f9 storiche e rispettate del Piemonte. Pur celebre per i suoi grandi Barolo da cru come <strong data-start=\"1375\" data-end=\"1389\">Monprivato<\/strong>, <strong data-start=\"1391\" data-end=\"1402\">Villero<\/strong> e <strong data-start=\"1405\" data-end=\"1414\">Perno<\/strong>, anche i vini pi\u00f9 accessibili come il Langhe Nebbiolo sono prodotti con la stessa cura e visione.<\/p>\n","protected":false},"excerpt":{"rendered":"<p>Il Langhe Nebbiolo di Giuseppe Mascarello proviene da vigneti situati nel comune di Castiglione Falletto, su terreni calcareo-argillosi esposti a [&hellip;]<\/p>\n","protected":false},"featured_media":12906,"template":"","meta":[],"product_brand":[],"product_cat":[16,17],"product_tag":[163,2730],"class_list":{"0":"post-6734","1":"product","2":"type-product","3":"status-publish","4":"has-post-thumbnail","6":"product_cat-bere","7":"product_cat-vini-rossi","8":"product_tag-giuseppe-mascarello","9":"product_tag-nebbiolo","10":"pa_produttore-giuseppe-mascarello","12":"first","13":"instock","14":"shipping-taxable","15":"purchasable","16":"product-type-simple"},"acf":[],"_links":{"self":[{"href":"https:\/\/casaporciatti.it\/shop\/wp-json\/wp\/v2\/product\/6734","targetHints":{"allow":["GET"]}}],"collection":[{"href":"https:\/\/casaporciatti.it\/shop\/wp-json\/wp\/v2\/product"}],"about":[{"href":"https:\/\/casaporciatti.it\/shop\/wp-json\/wp\/v2\/types\/product"}],"wp:featuredmedia":[{"embeddable":true,"href":"https:\/\/casaporciatti.it\/shop\/wp-json\/wp\/v2\/media\/12906"}],"wp:attachment":[{"href":"https:\/\/casaporciatti.it\/shop\/wp-json\/wp\/v2\/media?parent=6734"}],"wp:term":[{"taxonomy":"product_brand","embeddable":true,"href":"https:\/\/casaporciatti.it\/shop\/wp-json\/wp\/v2\/product_brand?post=6734"},{"taxonomy":"product_cat","embeddable":true,"href":"https:\/\/casaporciatti.it\/shop\/wp-json\/wp\/v2\/product_cat?post=6734"},{"taxonomy":"product_tag","embeddable":true,"href":"https:\/\/casaporciatti.it\/shop\/wp-json\/wp\/v2\/product_tag?post=6734"}],"curies":[{"name":"wp","href":"https:\/\/api.w.org\/{rel}","templated":true}]}}