{"id":6725,"date":"2023-02-14T17:29:04","date_gmt":"2023-02-14T16:29:04","guid":{"rendered":"https:\/\/casaporciatti.it\/shop\/prodotto\/felsina-spumante-metodo-classico-brut\/"},"modified":"2023-07-27T11:21:37","modified_gmt":"2023-07-27T09:21:37","slug":"felsina-spumante-metodo-classico-brut","status":"publish","type":"product","link":"https:\/\/casaporciatti.it\/shop\/prodotto\/felsina-spumante-metodo-classico-brut\/","title":{"rendered":"FELSINA Spumante Metodo Classico Brut"},"content":{"rendered":"<p>Lo Spumante metodo classico Brut di F\u00e8lsina nasce da vigneti posti\u00a0 a sud-est di Siena, nel Comune di Castelnuovo Berardenga, sul confine meridionale della zona di produzione del Chianti Classico. L&#8217;assemblaggio della base spumante \u00e8 composto da\u00a060% Sangiovese, 20% Pinot Nero, 20% Chardonnay. Sosta per 22 mesi sui lieviti.<\/p>\n<p>Nel bicchiere lo spumante metodo classico brut di F\u00e8lsina \u00e8 brillante con un perlage fine e persistente. Il profumo \u00e8 delicato, floreale\u00a0 con rimandi crosta di pane. Al sorso \u00e8 secco ed equilibrato con una buona acidit\u00e0 accompagnata da un finale lungo e sostenuto con ritorni di frutta esotica.<\/p>\n<p>&nbsp;<\/p>\n<p>Era il 1966 quando Domenico Poggialini compr\u00f2 la propriet\u00e0 di <strong>Felsina<\/strong> nel comprensorio della <strong>Berardenga<\/strong> all&#8217;estremo sud della denominazione del <strong>Chianti Classico.<\/strong><\/p>\n<p>A quel tempo l&#8217;azienda esisteva prevalentemente per la produzione di olio, cereali e altri raccolti. Di vigne ce n&#8217;erano appena 2,5 ettari e mentre Domenico e suo figlio Beppe lavoravano duro per espandere le vigne e la cantina durante i primi anni, fu solo con l&#8217;arrivo di Giuseppe Mazzacolin a seguito del matrimonio con la figlia di Domenico, Gloria, che Felsina prese il volo.<\/p>\n<p>Con Mazzacolin arriv\u00f2 anche la consulenza enologica di Bernabei e l&#8217;esigenza di concentrarsi sul Sangiovese come vitigno principe dell&#8217;azienda al contrario della moda del periodo che vedeva affidarsi a vitigni bordolesi.<\/p>\n<p>I vini di Felsina sono figli del loro terroir che \u00e8 molto variegato. I suoli possono essere argillo-sabbiosi con depositi marini oppure sassosi (alberese) e poveri.<\/p>\n<p>&nbsp;<\/p>\n","protected":false},"excerpt":{"rendered":"<p>Lo Spumante metodo classico Brut di F\u00e8lsina nasce da vigneti posti\u00a0 a sud-est di Siena, nel Comune di Castelnuovo Berardenga, [&hellip;]<\/p>\n","protected":false},"featured_media":6726,"template":"","meta":[],"product_brand":[],"product_cat":[16,281],"product_tag":[63,282],"class_list":{"0":"post-6725","1":"product","2":"type-product","3":"status-publish","4":"has-post-thumbnail","6":"product_cat-bere","7":"product_cat-vini-spumanti","8":"product_tag-felsina","9":"product_tag-spumante","10":"pa_categorie-speciali-in-promozione-ora","11":"pa_categorie-speciali-vini-per-lestate","12":"pa_chianti-classico-vini-di-castelnuovo-berardenga","13":"pa_produttore-felsina","15":"first","16":"outofstock","17":"shipping-taxable","18":"purchasable","19":"product-type-simple"},"acf":[],"_links":{"self":[{"href":"https:\/\/casaporciatti.it\/shop\/wp-json\/wp\/v2\/product\/6725","targetHints":{"allow":["GET"]}}],"collection":[{"href":"https:\/\/casaporciatti.it\/shop\/wp-json\/wp\/v2\/product"}],"about":[{"href":"https:\/\/casaporciatti.it\/shop\/wp-json\/wp\/v2\/types\/product"}],"wp:featuredmedia":[{"embeddable":true,"href":"https:\/\/casaporciatti.it\/shop\/wp-json\/wp\/v2\/media\/6726"}],"wp:attachment":[{"href":"https:\/\/casaporciatti.it\/shop\/wp-json\/wp\/v2\/media?parent=6725"}],"wp:term":[{"taxonomy":"product_brand","embeddable":true,"href":"https:\/\/casaporciatti.it\/shop\/wp-json\/wp\/v2\/product_brand?post=6725"},{"taxonomy":"product_cat","embeddable":true,"href":"https:\/\/casaporciatti.it\/shop\/wp-json\/wp\/v2\/product_cat?post=6725"},{"taxonomy":"product_tag","embeddable":true,"href":"https:\/\/casaporciatti.it\/shop\/wp-json\/wp\/v2\/product_tag?post=6725"}],"curies":[{"name":"wp","href":"https:\/\/api.w.org\/{rel}","templated":true}]}}