{"id":6719,"date":"2023-02-14T17:29:04","date_gmt":"2023-02-14T16:29:04","guid":{"rendered":"https:\/\/casaporciatti.it\/shop\/prodotto\/bruno-paillard-champagne-cuvee-72\/"},"modified":"2023-04-07T10:33:28","modified_gmt":"2023-04-07T08:33:28","slug":"bruno-paillard-champagne-cuvee-72","status":"publish","type":"product","link":"https:\/\/casaporciatti.it\/shop\/prodotto\/bruno-paillard-champagne-cuvee-72\/","title":{"rendered":"Bruno Paillard, Champagne Cuv\u00e9e 72"},"content":{"rendered":"<p>La Cuv\u00e9e 72 mesi di Bruno Paillard deve il nome al prolungato invecchiamento di cui gode. Dopo un affinamento di 36 mesi sui lieviti, questa cuv\u00e9e trascorre ulteriori 3 anni di maturazione nelle cantine della casa.<\/p>\n<p>La 72 Mesi Cuv\u00e9e \u00e8 l&#8217;estensione della Premi\u00e8re Cuv\u00e9e, \u00e8 composta da una solera di vini di riserva miscelati con i vini della nuova vendemmia per portare freschezza. Come per il resto della gamma Bruno Paillard, vengono mantenute solo le prime presse. La Cuv\u00e9e 72 Mois Bruno Paillard \u00e8 il risultato di una miscela di una maggioranza di Pinot Nero, completata da Chardonnay e Pinot Meunier, da oltre 30 annate. Una piccola parte (20%) dei vini viene vinificata in legno.<\/p>\n<p>Questa cuv\u00e9e viene quindi affinata per 36 mesi sui lieviti, quindi subisce 36 mesi di ulteriore maturazione nelle cantine della casa dopo la sboccatura. Il suo dosaggio \u00e8 Extra Brut, inferiore a 6 grammi per litro.<\/p>\n<p>La Cuv\u00e9e 72 Mesi ha un colore oro paglierino brillante con riflessi gialli. Le sue bollicine sono fini, delicate e formano un graziosa p\u00e8rlage.<\/p>\n<p>Il naso \u00e8 leggermente dominato dagli agrumi, poi rivela note di fiori bianchi, spezie e zafferano.<\/p>\n<p>Al palato \u00e8 una cuv\u00e9e dall&#8217;attacco vivace e carezzevole. Troviamo le note aromatiche scoperte al naso, a cui si aggiungono ricordi di gelatina di ribes rosso e frutti neri. La consistenza cremosa rivela note leggermente mielate e di frutta secca. Il finale \u00e8 di immensa purezza, lungo e ampio.<\/p>\n<p>&nbsp;<\/p>\n<p>Dalla creazione della sua Maison di Champagne, Bruno Paillard ha stabilito una linea chiara: i suoi champagne devono combinare mineralit\u00e0, purezza, eleganza e complessit\u00e0. Una linea dalla quale non ha mai deviato. Sua figlia Alice, ora a capo della casa, continua questa stessa ricerca. La migliore illustrazione \u00e8 il Brut Premi\u00e8re Cuv\u00e9e che, con vinificazione parziale in botti di rovere, resta uno champagne sia gourmet che fine.<\/p>\n","protected":false},"excerpt":{"rendered":"<p>La Cuv\u00e9e 72 mesi di Bruno Paillard deve il nome al prolungato invecchiamento di cui gode. Dopo un affinamento di [&hellip;]<\/p>\n","protected":false},"featured_media":6720,"template":"","meta":[],"product_brand":[],"product_cat":[16,281],"product_tag":[293,287],"class_list":{"0":"post-6719","1":"product","2":"type-product","3":"status-publish","4":"has-post-thumbnail","6":"product_cat-bere","7":"product_cat-vini-spumanti","8":"product_tag-bruno-paillard","9":"product_tag-champagne","10":"pa_produttore-bruno-paillard","12":"first","13":"outofstock","14":"shipping-taxable","15":"purchasable","16":"product-type-simple"},"acf":[],"_links":{"self":[{"href":"https:\/\/casaporciatti.it\/shop\/wp-json\/wp\/v2\/product\/6719","targetHints":{"allow":["GET"]}}],"collection":[{"href":"https:\/\/casaporciatti.it\/shop\/wp-json\/wp\/v2\/product"}],"about":[{"href":"https:\/\/casaporciatti.it\/shop\/wp-json\/wp\/v2\/types\/product"}],"wp:featuredmedia":[{"embeddable":true,"href":"https:\/\/casaporciatti.it\/shop\/wp-json\/wp\/v2\/media\/6720"}],"wp:attachment":[{"href":"https:\/\/casaporciatti.it\/shop\/wp-json\/wp\/v2\/media?parent=6719"}],"wp:term":[{"taxonomy":"product_brand","embeddable":true,"href":"https:\/\/casaporciatti.it\/shop\/wp-json\/wp\/v2\/product_brand?post=6719"},{"taxonomy":"product_cat","embeddable":true,"href":"https:\/\/casaporciatti.it\/shop\/wp-json\/wp\/v2\/product_cat?post=6719"},{"taxonomy":"product_tag","embeddable":true,"href":"https:\/\/casaporciatti.it\/shop\/wp-json\/wp\/v2\/product_tag?post=6719"}],"curies":[{"name":"wp","href":"https:\/\/api.w.org\/{rel}","templated":true}]}}