{"id":6688,"date":"2023-02-14T17:28:40","date_gmt":"2023-02-14T16:28:40","guid":{"rendered":"https:\/\/casaporciatti.it\/shop\/prodotto\/ca-del-bosco-cuvee-prestige-edizione-45-franciacorta-extra-brut\/"},"modified":"2025-12-18T07:58:00","modified_gmt":"2025-12-18T06:58:00","slug":"ca-del-bosco-cuvee-prestige-edizione-48-franciacorta-extra-brut","status":"publish","type":"product","link":"https:\/\/casaporciatti.it\/shop\/prodotto\/ca-del-bosco-cuvee-prestige-edizione-48-franciacorta-extra-brut\/","title":{"rendered":"CA&#8217; DEL BOSCO Cuv\u00e9e prestige Edizione 48, Franciacorta Extra Brut"},"content":{"rendered":"<p>Cuv\u00e9e Prestige, essenza della Franciacorta in stile Ca&#8217; del Bosco.<\/p>\n<p>Un gioiello nato nel 2007 da un sapere lungo trent&#8217;anni.<\/p>\n<p>Solo le migliori selezioni di uva Chardonnay (75% ), Pinot nero (15% ) e Pinot bianco (10% ) provenienti da ben 134 vigne, vengono vinificate separatamente e sapientemente assemblate alle riserve delle migliori annate (almeno il 20% ), nel rito magico della creazione della Cuv\u00e9e. Solo dopo 28 mesi di affinamento sui lieviti questo vino potr\u00e0 esprimere la sua ricchezza e identit\u00e0.<\/p>\n<p>Un Franciacorta classico, equilibrato, piacevolmente fresco e acidulo.<\/p>\n<p>Perfetto per ogni occasione.<\/p>\n<div class=\"goDown\"><\/div>\n","protected":false},"excerpt":{"rendered":"<p>Cuv\u00e9e Prestige, essenza della Franciacorta in stile Ca&#8217; del Bosco. Un gioiello nato nel 2007 da un sapere lungo trent&#8217;anni. [&hellip;]<\/p>\n","protected":false},"featured_media":6686,"template":"","meta":[],"product_brand":[],"product_cat":[16,281],"product_tag":[286,283],"class_list":{"0":"post-6688","1":"product","2":"type-product","3":"status-publish","4":"has-post-thumbnail","6":"product_cat-bere","7":"product_cat-vini-spumanti","8":"product_tag-ca-del-bosco","9":"product_tag-franciacorta","10":"pa_produttore-ca-del-bosco","12":"first","13":"instock","14":"shipping-taxable","15":"purchasable","16":"product-type-simple"},"acf":[],"_links":{"self":[{"href":"https:\/\/casaporciatti.it\/shop\/wp-json\/wp\/v2\/product\/6688","targetHints":{"allow":["GET"]}}],"collection":[{"href":"https:\/\/casaporciatti.it\/shop\/wp-json\/wp\/v2\/product"}],"about":[{"href":"https:\/\/casaporciatti.it\/shop\/wp-json\/wp\/v2\/types\/product"}],"wp:featuredmedia":[{"embeddable":true,"href":"https:\/\/casaporciatti.it\/shop\/wp-json\/wp\/v2\/media\/6686"}],"wp:attachment":[{"href":"https:\/\/casaporciatti.it\/shop\/wp-json\/wp\/v2\/media?parent=6688"}],"wp:term":[{"taxonomy":"product_brand","embeddable":true,"href":"https:\/\/casaporciatti.it\/shop\/wp-json\/wp\/v2\/product_brand?post=6688"},{"taxonomy":"product_cat","embeddable":true,"href":"https:\/\/casaporciatti.it\/shop\/wp-json\/wp\/v2\/product_cat?post=6688"},{"taxonomy":"product_tag","embeddable":true,"href":"https:\/\/casaporciatti.it\/shop\/wp-json\/wp\/v2\/product_tag?post=6688"}],"curies":[{"name":"wp","href":"https:\/\/api.w.org\/{rel}","templated":true}]}}