{"id":6586,"date":"2023-02-14T17:28:26","date_gmt":"2023-02-14T16:28:26","guid":{"rendered":"https:\/\/casaporciatti.it\/shop\/prodotto\/fontodi-meriggio-sauvignon-2021\/"},"modified":"2025-10-21T10:53:21","modified_gmt":"2025-10-21T08:53:21","slug":"fontodi-meriggio-sauvignon-2022","status":"publish","type":"product","link":"https:\/\/casaporciatti.it\/shop\/prodotto\/fontodi-meriggio-sauvignon-2022\/","title":{"rendered":"FONTODI MERIGGIO Sauvignon 2022"},"content":{"rendered":"<p>Il Fontodi Meriggio \u00e8 un Sauvignon Blanc succoso e raffinato che ha molto da offrire agli amanti del vino bianco. Al naso \u00e8 furttato\u00a0 e croccante con sentori di rocce di fiume, erbe fresche, fiori di campo bianchi e una spolverata di spezie pepate. Agile, questo vino esalta il palato, spinto dai suoi due motori: sapida e spiccata acidit\u00e0. Piacevole al momento del rilascio, questo bianco sofisticato si berr\u00e0 meravigliosamente anche fra qualche anno. Meriggio proviene dal vigneto di Fontodi, esposto a nord, La Rota. Le uve fermentano in acciaio inox a temperatura controllata, e poi il vino matura sui lieviti per sei mesi, prevalentemente in acciaio inox, con una piccola percentuale in anfora.<\/p>\n<p>L&#8217;Azienda Agricola <strong>Fontodi\u00a0<\/strong>\u00e8 stata acquistata\u00a0dalla famiglia Manetti nel 1968. La sua posizione\u00a0 &#8211; proprio al centro della denominazione <strong>Chianti Classico<\/strong>, con vigne che guardano\u00a0 a sud, suoli ricchi di galestro, nel bellissimo anfiteatro naturale che \u00e8 la Conca d&#8217;oro di <strong>Panzano in Chianti <\/strong>a circa 400\u00a0 m slm &#8211; \u00e8 dominante.<\/p>\n<p>La conduzione \u00e8 biologica ormai da molti anni; c&#8217;\u00e8 perfino una piccolo gruppetto di Chianine dalle quali si ricava la base del concime per fertilizzare le viti. Alcune vecchie viti degli anni &#8217;60 e &#8217;70 sono ancora in produzione, ma la maggior parte sono state sostituite da vigneti ad alta densit\u00e0 le cui piante derivano sia da selezione massale che dai miglior cloni emersi durante il progetto Chianti Classico 2000.<\/p>\n<p>La relativamente recente costruzione della nuova cantina \u00e8 perfettamente equipaggiata e funziona secondo i principi di gravit\u00e0 che elimina la necessit\u00e0 dei pompaggi. Tutto \u00e8 stato pensato e progettato per realizzare i migliori vini possibili.<\/p>\n<p>&nbsp;<\/p>\n","protected":false},"excerpt":{"rendered":"<p>Il Fontodi Meriggio \u00e8 un Sauvignon Blanc succoso e raffinato che ha molto da offrire agli amanti del vino bianco. [&hellip;]<\/p>\n","protected":false},"featured_media":6587,"template":"","meta":[],"product_brand":[],"product_cat":[16,182],"product_tag":[71,32,22],"class_list":{"0":"post-6586","1":"product","2":"type-product","3":"status-publish","4":"has-post-thumbnail","6":"product_cat-bere","7":"product_cat-vini-bianchi","8":"product_tag-fontodi","9":"product_tag-vini-di-panzano","10":"product_tag-vino-biologico","11":"pa_chianti-classico-vini-di-panzano","12":"pa_produttore-fontodi","14":"first","15":"instock","16":"shipping-taxable","17":"purchasable","18":"product-type-simple"},"acf":[],"_links":{"self":[{"href":"https:\/\/casaporciatti.it\/shop\/wp-json\/wp\/v2\/product\/6586","targetHints":{"allow":["GET"]}}],"collection":[{"href":"https:\/\/casaporciatti.it\/shop\/wp-json\/wp\/v2\/product"}],"about":[{"href":"https:\/\/casaporciatti.it\/shop\/wp-json\/wp\/v2\/types\/product"}],"wp:featuredmedia":[{"embeddable":true,"href":"https:\/\/casaporciatti.it\/shop\/wp-json\/wp\/v2\/media\/6587"}],"wp:attachment":[{"href":"https:\/\/casaporciatti.it\/shop\/wp-json\/wp\/v2\/media?parent=6586"}],"wp:term":[{"taxonomy":"product_brand","embeddable":true,"href":"https:\/\/casaporciatti.it\/shop\/wp-json\/wp\/v2\/product_brand?post=6586"},{"taxonomy":"product_cat","embeddable":true,"href":"https:\/\/casaporciatti.it\/shop\/wp-json\/wp\/v2\/product_cat?post=6586"},{"taxonomy":"product_tag","embeddable":true,"href":"https:\/\/casaporciatti.it\/shop\/wp-json\/wp\/v2\/product_tag?post=6586"}],"curies":[{"name":"wp","href":"https:\/\/api.w.org\/{rel}","templated":true}]}}