{"id":6580,"date":"2023-02-14T17:28:26","date_gmt":"2023-02-14T16:28:26","guid":{"rendered":"https:\/\/casaporciatti.it\/shop\/prodotto\/antonio-camillo-marittimo-vermentino-2020\/"},"modified":"2023-03-16T11:50:48","modified_gmt":"2023-03-16T10:50:48","slug":"antonio-camillo-marittimo-vermentino-2020","status":"publish","type":"product","link":"https:\/\/casaporciatti.it\/shop\/prodotto\/antonio-camillo-marittimo-vermentino-2020\/","title":{"rendered":"ANTONIO CAMILLO MARITTIMO Vermentino 2020"},"content":{"rendered":"<p>Il Vermentino Marittimo di Antonio Camillo\u00a0nasce da un vigneto di 20 anni d\u2019et\u00e0\u00a0 che si trova a 100 metri sul mare nel comune di Capalbio. Vinificato in acciaio, successivamente l\u2019affinamento viene condotto in vasche di cemento per 6 mesi. La freschezza, determinata da un acidit\u00e0 insolita per un vino bianco di maremma, \u00e8 la caratteristica principale di questo vino.<\/p>\n<p>&#8220;Da 15 anni cammino tra i vigneti della Maremma e produco vini in alcune delle migliori cantine della zona.\u00a0 \u00c8 stato un periodo in cui sono cresciuta professionalmente e in cui ho sviluppato l&#8217;ambizione di fare dei vini con il mio nome e con il mio carattere. L&#8217;area che ho scelto \u00e8 la mia terra d&#8217;origine, dove sono nato e cresciuto, l&#8217;area dell &#8216;&#8221;alta&#8221; Maremma, vicino ai paesi di Manciano. E&#8217; una zona molto maremmana, ma allo stesso tempo molto diversa dalla fascia costiera e anche dalla zona pi\u00f9 interna del Morellino di Scansano. Credo fortemente che in queste localit\u00e0 siamo possono fare vini che possano parlare del loro terroir e che siano facilmente riconoscibili per il loro carattere e la loro classe, e lo voglio dimostrare &#8220;. Antonio Camillo<\/p>\n<p>Nel 2011 Antonio Camillo ha acquistato due vigneti per complessivi 5 ettari nella zona tra Sovana e Pitigliano al confine con il Lazio. Ora \u00e8 fino a 9 ettari ei vigneti sono situati in varie localit\u00e0, per diversi terreni e clima. Sono piantati solo con variet\u00e0 tradizionalmente presenti in Maremma: Vermentino, Trebbiano, Ansonica, Malvasia, Sangiovese, Ciliegiolo e Alicante. I vini sono vegani.<\/p>\n","protected":false},"excerpt":{"rendered":"<p>Il Vermentino Marittimo di Antonio Camillo\u00a0nasce da un vigneto di 20 anni d\u2019et\u00e0\u00a0 che si trova a 100 metri sul [&hellip;]<\/p>\n","protected":false},"featured_media":6581,"template":"","meta":[],"product_brand":[],"product_cat":[16,182],"product_tag":[274,28,34,84],"class_list":{"0":"post-6580","1":"product","2":"type-product","3":"status-publish","4":"has-post-thumbnail","6":"product_cat-bere","7":"product_cat-vini-bianchi","8":"product_tag-antonio-camillo","9":"product_tag-produttore-artigianale","10":"product_tag-scelto-da-riccardo","11":"product_tag-vini-per-lestate","12":"pa_categorie-speciali-vini-per-lestate","13":"pa_etichette-porciatti-consigliato-da-riccardo","14":"pa_etichette-porciatti-produttori-artigianali","15":"pa_produttore-antonio-camillo","17":"first","18":"outofstock","19":"shipping-taxable","20":"purchasable","21":"product-type-simple"},"acf":[],"_links":{"self":[{"href":"https:\/\/casaporciatti.it\/shop\/wp-json\/wp\/v2\/product\/6580","targetHints":{"allow":["GET"]}}],"collection":[{"href":"https:\/\/casaporciatti.it\/shop\/wp-json\/wp\/v2\/product"}],"about":[{"href":"https:\/\/casaporciatti.it\/shop\/wp-json\/wp\/v2\/types\/product"}],"wp:featuredmedia":[{"embeddable":true,"href":"https:\/\/casaporciatti.it\/shop\/wp-json\/wp\/v2\/media\/6581"}],"wp:attachment":[{"href":"https:\/\/casaporciatti.it\/shop\/wp-json\/wp\/v2\/media?parent=6580"}],"wp:term":[{"taxonomy":"product_brand","embeddable":true,"href":"https:\/\/casaporciatti.it\/shop\/wp-json\/wp\/v2\/product_brand?post=6580"},{"taxonomy":"product_cat","embeddable":true,"href":"https:\/\/casaporciatti.it\/shop\/wp-json\/wp\/v2\/product_cat?post=6580"},{"taxonomy":"product_tag","embeddable":true,"href":"https:\/\/casaporciatti.it\/shop\/wp-json\/wp\/v2\/product_tag?post=6580"}],"curies":[{"name":"wp","href":"https:\/\/api.w.org\/{rel}","templated":true}]}}