{"id":6577,"date":"2023-02-14T17:28:26","date_gmt":"2023-02-14T16:28:26","guid":{"rendered":"https:\/\/casaporciatti.it\/shop\/prodotto\/antonio-camillo-principio-ciliegiolo-2019\/"},"modified":"2025-10-21T10:52:41","modified_gmt":"2025-10-21T08:52:41","slug":"antonio-camillo-ciliegiolo-2023","status":"publish","type":"product","link":"https:\/\/casaporciatti.it\/shop\/prodotto\/antonio-camillo-ciliegiolo-2023\/","title":{"rendered":"ANTONIO CAMILLO CILIEGIOLO 2023"},"content":{"rendered":"<p><strong>Antonio Camillo Ciliegiolo<\/strong> \u00e8 un vino limpido e autentico, affinato per 6 mesi in cemento. Il bouquet \u00e8 concentrato sulla ciliegia con un finale balsamico, mentre il sorso \u00e8 caratterizzato da freschezza e succosit\u00e0, con un finale che chiude con una bella progressione tannica che mantiene la beva molto piacevole<\/p>\n<p>&#8220;Da 15 anni cammino tra i vigneti della Maremma e produco vini in alcune delle migliori cantine della zona.\u00a0 \u00c8 stato un periodo in cui sono cresciuta professionalmente e in cui ho sviluppato l&#8217;ambizione di fare dei vini con il mio nome e con il mio carattere. L&#8217;area che ho scelto \u00e8 la mia terra d&#8217;origine, dove sono nato e cresciuto, l&#8217;area dell &#8216;&#8221;alta&#8221; Maremma, vicino ai paesi di Manciano. E&#8217; una zona molto maremmana, ma allo stesso tempo molto diversa dalla fascia costiera e anche dalla zona pi\u00f9 interna del Morellino di Scansano. Credo fortemente che in queste localit\u00e0 siamo possono fare vini che possano parlare del loro terroir e che siano facilmente riconoscibili per il loro carattere e la loro classe, e lo voglio dimostrare &#8220;. Antonio Camillo<\/p>\n<p>Nel 2011 Antonio Camillo ha acquistato due vigneti per complessivi 5 ettari nella zona tra Sovana e Pitigliano al confine con il Lazio. Ora \u00e8 fino a 9 ettari ei vigneti sono situati in varie localit\u00e0, per diversi terreni e clima. Sono piantati solo con variet\u00e0 tradizionalmente presenti in Maremma: Vermentino, Trebbiano, Ansonica, Malvasia, Sangiovese, Ciliegiolo e Alicante. I vini sono vegani.<\/p>\n","protected":false},"excerpt":{"rendered":"<p>Antonio Camillo Ciliegiolo \u00e8 un vino limpido e autentico, affinato per 6 mesi in cemento. Il bouquet \u00e8 concentrato sulla [&hellip;]<\/p>\n","protected":false},"featured_media":6578,"template":"","meta":[],"product_brand":[],"product_cat":[16,17],"product_tag":[274,112,28],"class_list":{"0":"post-6577","1":"product","2":"type-product","3":"status-publish","4":"has-post-thumbnail","6":"product_cat-bere","7":"product_cat-vini-rossi","8":"product_tag-antonio-camillo","9":"product_tag-la-toscana-nascosta","10":"product_tag-produttore-artigianale","11":"pa_categorie-speciali-la-toscana-nascosta","12":"pa_etichette-porciatti-produttori-artigianali","13":"pa_produttore-antonio-camillo","15":"first","16":"outofstock","17":"shipping-taxable","18":"purchasable","19":"product-type-simple"},"acf":[],"_links":{"self":[{"href":"https:\/\/casaporciatti.it\/shop\/wp-json\/wp\/v2\/product\/6577","targetHints":{"allow":["GET"]}}],"collection":[{"href":"https:\/\/casaporciatti.it\/shop\/wp-json\/wp\/v2\/product"}],"about":[{"href":"https:\/\/casaporciatti.it\/shop\/wp-json\/wp\/v2\/types\/product"}],"wp:featuredmedia":[{"embeddable":true,"href":"https:\/\/casaporciatti.it\/shop\/wp-json\/wp\/v2\/media\/6578"}],"wp:attachment":[{"href":"https:\/\/casaporciatti.it\/shop\/wp-json\/wp\/v2\/media?parent=6577"}],"wp:term":[{"taxonomy":"product_brand","embeddable":true,"href":"https:\/\/casaporciatti.it\/shop\/wp-json\/wp\/v2\/product_brand?post=6577"},{"taxonomy":"product_cat","embeddable":true,"href":"https:\/\/casaporciatti.it\/shop\/wp-json\/wp\/v2\/product_cat?post=6577"},{"taxonomy":"product_tag","embeddable":true,"href":"https:\/\/casaporciatti.it\/shop\/wp-json\/wp\/v2\/product_tag?post=6577"}],"curies":[{"name":"wp","href":"https:\/\/api.w.org\/{rel}","templated":true}]}}