{"id":6538,"date":"2023-02-14T17:28:11","date_gmt":"2023-02-14T16:28:11","guid":{"rendered":"https:\/\/casaporciatti.it\/shop\/prodotto\/rocca-di-castagnoli-chianti-classico-2019\/"},"modified":"2023-03-16T11:50:42","modified_gmt":"2023-03-16T10:50:42","slug":"rocca-di-castagnoli-chianti-classico-2019","status":"publish","type":"product","link":"https:\/\/casaporciatti.it\/shop\/prodotto\/rocca-di-castagnoli-chianti-classico-2019\/","title":{"rendered":"ROCCA DI CASTAGNOLI Chianti Classico 2019"},"content":{"rendered":"<p><strong>Il Chianti Classico Rocca di Castagnoli<\/strong> \u00e8 un vino di ottima complessit\u00e0 e struttura gustativa; si presenta di colore rosso con riflessi violacei, Il profumo \u00e8 intenso e ricco di note fruttate e vinose. Accompagnate da una piacevole componente fruttata di ciliegia, la nota fresca \u00e8 particolarmente apprezzabile e bilanciata con accenni di tannini ben vivaci, ma perfettamente integrati alle componenti estrattive del vino.<\/p>\n<p>Le uve da cui trae origine questo vino sono prodotte da tutti gli appezzamenti di propriet\u00e0, 72 ettari siti intorno alla Rocca medievale e il borgo da cui ha origine il nome dell\u2019azienda.<\/p>\n<p><strong>La Rocca di Castagnoli s<\/strong>vetta dal Cuore del Chianti Classico, su un colle che gi\u00e0 gli Etruschi conoscevano molto bene: circondato da boschi, vigneti e olivi, domina la vallate di Gaiole in Chianti dall&#8217;alto di un poggio che riporta la mente a tempi remoti.<\/p>\n<p>Le caratteristiche geologiche di Castagnoli, con terreni profondi, ricchi di calcare e scheletro, insieme ad un clima particolare caratterizzato da importanti escursioni termiche e alla accurata selezione clonale dei vigneti, aiutano a produrre vini complessi, piacevoli, eleganti e con una struttura e acidit\u00e0 tali da renderli adatti anche a lunghi invecchiamenti.<\/p>\n","protected":false},"excerpt":{"rendered":"<p>Il Chianti Classico Rocca di Castagnoli \u00e8 un vino di ottima complessit\u00e0 e struttura gustativa; si presenta di colore rosso [&hellip;]<\/p>\n","protected":false},"featured_media":6539,"template":"","meta":[],"product_brand":[],"product_cat":[16,17],"product_tag":[18,271],"class_list":{"0":"post-6538","1":"product","2":"type-product","3":"status-publish","4":"has-post-thumbnail","6":"product_cat-bere","7":"product_cat-vini-rossi","8":"product_tag-chianti-classico","9":"product_tag-rocca-di-castagnoli","10":"pa_chianti-classico-vini-di-gaiole-in-chianti","11":"pa_produttore-rocca-di-castagnoli","13":"first","14":"outofstock","15":"shipping-taxable","16":"purchasable","17":"product-type-simple"},"acf":[],"_links":{"self":[{"href":"https:\/\/casaporciatti.it\/shop\/wp-json\/wp\/v2\/product\/6538","targetHints":{"allow":["GET"]}}],"collection":[{"href":"https:\/\/casaporciatti.it\/shop\/wp-json\/wp\/v2\/product"}],"about":[{"href":"https:\/\/casaporciatti.it\/shop\/wp-json\/wp\/v2\/types\/product"}],"wp:featuredmedia":[{"embeddable":true,"href":"https:\/\/casaporciatti.it\/shop\/wp-json\/wp\/v2\/media\/6539"}],"wp:attachment":[{"href":"https:\/\/casaporciatti.it\/shop\/wp-json\/wp\/v2\/media?parent=6538"}],"wp:term":[{"taxonomy":"product_brand","embeddable":true,"href":"https:\/\/casaporciatti.it\/shop\/wp-json\/wp\/v2\/product_brand?post=6538"},{"taxonomy":"product_cat","embeddable":true,"href":"https:\/\/casaporciatti.it\/shop\/wp-json\/wp\/v2\/product_cat?post=6538"},{"taxonomy":"product_tag","embeddable":true,"href":"https:\/\/casaporciatti.it\/shop\/wp-json\/wp\/v2\/product_tag?post=6538"}],"curies":[{"name":"wp","href":"https:\/\/api.w.org\/{rel}","templated":true}]}}