{"id":6524,"date":"2023-02-14T17:28:11","date_gmt":"2023-02-14T16:28:11","guid":{"rendered":"https:\/\/casaporciatti.it\/shop\/prodotto\/caparsa-chianti-classico-riserva-caparsino-2017\/"},"modified":"2025-08-28T17:00:42","modified_gmt":"2025-08-28T15:00:42","slug":"caparsa-chianti-classico-riserva-caparsino-2019","status":"publish","type":"product","link":"https:\/\/casaporciatti.it\/shop\/prodotto\/caparsa-chianti-classico-riserva-caparsino-2019\/","title":{"rendered":"CAPARSA Chianti Classico Riserva Caparsino 2019"},"content":{"rendered":"<p>Il Caparsa Chianti Classico Riserva Caparsino \u00e8 un vino di grande tipicit\u00e0. Prodotto con uve Sangiovese raccolte a mano nelle vigne di Caparsa a Radda in Chianti<br \/>\nCaparsa offre ai suoi estimatori un vino spontaneo, di pregio che gode di una grande polpa accompagnata dalla consueta freschezza tipica del Caparsino.<\/p>\n<p>La storia di Caparsa \u00e8 fatta di passione, impegno per la qualit\u00e0 e rispetto per la terra. Avviata da Paolo Cianferoni nel 1982, l&#8217;azienda \u00e8 certificata biologica e ospita alcune piante di Sangiovese molto antiche. Con sede a Radda in Chianti, nel cuore della Toscana, Paolo produce circa 20.000 bottiglie (meno di 2.000 casse) di vino all&#8217;anno.<\/p>\n<p>Le pratiche agricole e di vinificazione di Paolo sono naturali. Non usa sostanze chimiche nei suoi vigneti, tutte le uve vengono raccolte e selezionate a mano, le fermentazioni vengono eseguite con lieviti autoctoni e i vini vengono imbottigliati senza filtro e con aggiunte minime di solfiti. Questo impegno a coltivare in modo pulito e a lasciare che la natura produca i suoi vini ha ovviamente pagato e ora i vini di Caparsa sono fra i pi\u00f9 ricercati di Radda in Chianti.<\/p>\n<p>&nbsp;<\/p>\n","protected":false},"excerpt":{"rendered":"<p>Il Caparsa Chianti Classico Riserva Caparsino \u00e8 un vino di grande tipicit\u00e0. Prodotto con uve Sangiovese raccolte a mano nelle [&hellip;]<\/p>\n","protected":false},"featured_media":6525,"template":"","meta":[],"product_brand":[],"product_cat":[16,17],"product_tag":[269,37,28,21,22],"class_list":{"0":"post-6524","1":"product","2":"type-product","3":"status-publish","4":"has-post-thumbnail","6":"product_cat-bere","7":"product_cat-vini-rossi","8":"product_tag-caparsa","9":"product_tag-chianti-classico-riserva","10":"product_tag-produttore-artigianale","11":"product_tag-vini-di-radda","12":"product_tag-vino-biologico","13":"pa_categorie-speciali-vini-di-radda","14":"pa_categorie-speciali-vino-biologico","15":"pa_chianti-classico-vini-di-radda-in-chianti","16":"pa_etichette-porciatti-produttori-artigianali","17":"pa_etichette-porciatti-vino-biologico","18":"pa_produttore-caparsa","20":"first","21":"instock","22":"shipping-taxable","23":"purchasable","24":"product-type-simple"},"acf":[],"_links":{"self":[{"href":"https:\/\/casaporciatti.it\/shop\/wp-json\/wp\/v2\/product\/6524","targetHints":{"allow":["GET"]}}],"collection":[{"href":"https:\/\/casaporciatti.it\/shop\/wp-json\/wp\/v2\/product"}],"about":[{"href":"https:\/\/casaporciatti.it\/shop\/wp-json\/wp\/v2\/types\/product"}],"wp:featuredmedia":[{"embeddable":true,"href":"https:\/\/casaporciatti.it\/shop\/wp-json\/wp\/v2\/media\/6525"}],"wp:attachment":[{"href":"https:\/\/casaporciatti.it\/shop\/wp-json\/wp\/v2\/media?parent=6524"}],"wp:term":[{"taxonomy":"product_brand","embeddable":true,"href":"https:\/\/casaporciatti.it\/shop\/wp-json\/wp\/v2\/product_brand?post=6524"},{"taxonomy":"product_cat","embeddable":true,"href":"https:\/\/casaporciatti.it\/shop\/wp-json\/wp\/v2\/product_cat?post=6524"},{"taxonomy":"product_tag","embeddable":true,"href":"https:\/\/casaporciatti.it\/shop\/wp-json\/wp\/v2\/product_tag?post=6524"}],"curies":[{"name":"wp","href":"https:\/\/api.w.org\/{rel}","templated":true}]}}