{"id":6521,"date":"2023-02-14T17:28:11","date_gmt":"2023-02-14T16:28:11","guid":{"rendered":"https:\/\/casaporciatti.it\/shop\/prodotto\/caparsa-chianti-classico-2018\/"},"modified":"2026-03-12T15:47:10","modified_gmt":"2026-03-12T14:47:10","slug":"caparsa-chianti-classico-2021","status":"publish","type":"product","link":"https:\/\/casaporciatti.it\/shop\/prodotto\/caparsa-chianti-classico-2021\/","title":{"rendered":"CAPARSA Chianti Classico 2021"},"content":{"rendered":"<p>Il Caparsa Chianti Classico 2021 \u00e8 un ruspante e fedele interprete del terroir di Radda in Chianti<\/p>\n<p>La storia di Caparsa \u00e8 fatta di passione, impegno per la qualit\u00e0 e rispetto per la terra. Avviata da Paolo Cianferoni nel 1982, l&#8217;azienda \u00e8 certificata biologica e ospita alcune piante di Sangiovese molto antiche. Con sede a Radda in Chianti, nel cuore della Toscana, Paolo produce circa 20.000 bottiglie (meno di 2.000 casse) di vino all&#8217;anno.<\/p>\n<p>Le pratiche agricole e di vinificazione di Paolo sono naturali. Non usa sostanze chimiche nei suoi vigneti, tutte le uve vengono raccolte e selezionate a mano, le fermentazioni vengono eseguite con lieviti autoctoni e i vini vengono imbottigliati senza filtro e con aggiunte minime di solfiti. Questo impegno a coltivare in modo pulito e a lasciare che la natura produca i suoi vini ha ovviamente pagato e ora i vini di Caparsa sono fra i pi\u00f9 ricercati di Radda in Chianti.<\/p>\n<p>&nbsp;<\/p>\n","protected":false},"excerpt":{"rendered":"<p>Il Caparsa Chianti Classico 2021 \u00e8 un ruspante e fedele interprete del terroir di Radda in Chianti La storia di [&hellip;]<\/p>\n","protected":false},"featured_media":6522,"template":"","meta":[],"product_brand":[],"product_cat":[16,17],"product_tag":[269,18,34,21,22],"class_list":{"0":"post-6521","1":"product","2":"type-product","3":"status-publish","4":"has-post-thumbnail","6":"product_cat-bere","7":"product_cat-vini-rossi","8":"product_tag-caparsa","9":"product_tag-chianti-classico","10":"product_tag-scelto-da-riccardo","11":"product_tag-vini-di-radda","12":"product_tag-vino-biologico","13":"pa_categorie-speciali-portami-in-chianti","14":"pa_categorie-speciali-vini-di-radda","15":"pa_categorie-speciali-vino-biologico","16":"pa_chianti-classico-vini-di-radda-in-chianti","17":"pa_etichette-porciatti-consigliato-da-riccardo","18":"pa_etichette-porciatti-vino-biologico","19":"pa_produttore-caparsa","21":"first","22":"instock","23":"shipping-taxable","24":"purchasable","25":"product-type-simple"},"acf":[],"_links":{"self":[{"href":"https:\/\/casaporciatti.it\/shop\/wp-json\/wp\/v2\/product\/6521","targetHints":{"allow":["GET"]}}],"collection":[{"href":"https:\/\/casaporciatti.it\/shop\/wp-json\/wp\/v2\/product"}],"about":[{"href":"https:\/\/casaporciatti.it\/shop\/wp-json\/wp\/v2\/types\/product"}],"wp:featuredmedia":[{"embeddable":true,"href":"https:\/\/casaporciatti.it\/shop\/wp-json\/wp\/v2\/media\/6522"}],"wp:attachment":[{"href":"https:\/\/casaporciatti.it\/shop\/wp-json\/wp\/v2\/media?parent=6521"}],"wp:term":[{"taxonomy":"product_brand","embeddable":true,"href":"https:\/\/casaporciatti.it\/shop\/wp-json\/wp\/v2\/product_brand?post=6521"},{"taxonomy":"product_cat","embeddable":true,"href":"https:\/\/casaporciatti.it\/shop\/wp-json\/wp\/v2\/product_cat?post=6521"},{"taxonomy":"product_tag","embeddable":true,"href":"https:\/\/casaporciatti.it\/shop\/wp-json\/wp\/v2\/product_tag?post=6521"}],"curies":[{"name":"wp","href":"https:\/\/api.w.org\/{rel}","templated":true}]}}