{"id":6452,"date":"2023-02-14T17:27:52","date_gmt":"2023-02-14T16:27:52","guid":{"rendered":"https:\/\/casaporciatti.it\/shop\/prodotto\/giacomo-conterno-barolo-arione-2018\/"},"modified":"2025-05-16T05:41:47","modified_gmt":"2025-05-16T03:41:47","slug":"giacomo-conterno-barolo-arione-2018","status":"publish","type":"product","link":"https:\/\/casaporciatti.it\/shop\/prodotto\/giacomo-conterno-barolo-arione-2018\/","title":{"rendered":"GIACOMO CONTERNO Barolo Arione 2018"},"content":{"rendered":"<p>Il <strong>Barolo Arione 2018<\/strong> di Giacomo Conterno \u00e8 la novit\u00e0 in casa Conterno. Il vino \u00e8 figlio del Cru Arione a Serralunga d&#8217;Alba e si presenta nel 2018 con la sua prima annata. Il Barolo Arione 2018 di Giacomo Conterno \u00e8 un vino caratterizzato da ricchezza e densit\u00e0, con una levigata nota minerale che non si nasconde mai palato. La ricchezza dei terreni di questo vigneto corrisponde alla densit\u00e0 e alla struttura del vino. La maggior parte del vigneto \u00e8 stata piantata negli anni &#8217;60 con alcuni reimpianti negli anni &#8217;80 e &#8217;90. Se Francia \u00e8 eleganza, Arione \u00e8 potenza.<\/p>\n<p><strong>Cantine Giacomo Conterno<\/strong>\u00a0\u00e8 uno dei pi\u00f9 grandi nomi di tutto il Piemonte. La tenuta fu fondata nel 1908 quando il padre di Giacomo, Giovanni Conterno, avvi\u00f2 un\u2019osteria nel paese di San Giuseppe. Giovanni faceva Barolo da uve acquistate e vendeva quello che non era necessario per l\u2019osteria, come era consuetudine in tutta la regione all\u2019inizio del XX secolo. La\u00a0 Riserva Barolo Monfortino,\u00a0 fu imbottigliata per la prima volta nel 1920 prodotto da Giovanni e suo figlio\u00a0 Giacomo al ritorno dalla guerra. Il mito inizi\u00f2 cos\u00ec.<\/p>\n","protected":false},"excerpt":{"rendered":"<p>Il Barolo Arione 2018 di Giacomo Conterno \u00e8 la novit\u00e0 in casa Conterno. Il vino \u00e8 figlio del Cru Arione [&hellip;]<\/p>\n","protected":false},"featured_media":6453,"template":"","meta":[],"product_brand":[],"product_cat":[16,17],"product_tag":[150,162],"class_list":{"0":"post-6452","1":"product","2":"type-product","3":"status-publish","4":"has-post-thumbnail","6":"product_cat-bere","7":"product_cat-vini-rossi","8":"product_tag-barolo","9":"product_tag-giacomo-conterno","10":"pa_categorie-speciali-vini-pregiati-e-rari","11":"pa_produttore-giacomo-conterno","13":"first","14":"instock","15":"shipping-taxable","16":"purchasable","17":"product-type-simple"},"acf":[],"_links":{"self":[{"href":"https:\/\/casaporciatti.it\/shop\/wp-json\/wp\/v2\/product\/6452","targetHints":{"allow":["GET"]}}],"collection":[{"href":"https:\/\/casaporciatti.it\/shop\/wp-json\/wp\/v2\/product"}],"about":[{"href":"https:\/\/casaporciatti.it\/shop\/wp-json\/wp\/v2\/types\/product"}],"wp:featuredmedia":[{"embeddable":true,"href":"https:\/\/casaporciatti.it\/shop\/wp-json\/wp\/v2\/media\/6453"}],"wp:attachment":[{"href":"https:\/\/casaporciatti.it\/shop\/wp-json\/wp\/v2\/media?parent=6452"}],"wp:term":[{"taxonomy":"product_brand","embeddable":true,"href":"https:\/\/casaporciatti.it\/shop\/wp-json\/wp\/v2\/product_brand?post=6452"},{"taxonomy":"product_cat","embeddable":true,"href":"https:\/\/casaporciatti.it\/shop\/wp-json\/wp\/v2\/product_cat?post=6452"},{"taxonomy":"product_tag","embeddable":true,"href":"https:\/\/casaporciatti.it\/shop\/wp-json\/wp\/v2\/product_tag?post=6452"}],"curies":[{"name":"wp","href":"https:\/\/api.w.org\/{rel}","templated":true}]}}