{"id":6351,"date":"2023-02-14T17:27:25","date_gmt":"2023-02-14T16:27:25","guid":{"rendered":"https:\/\/casaporciatti.it\/shop\/prodotto\/soprassata-casa-porciatti-trancio-da-500-gr-ca-2\/"},"modified":"2025-02-16T08:37:32","modified_gmt":"2025-02-16T07:37:32","slug":"soprassata-casa-porciatti-trancio-da-500-gr-ca-2","status":"publish","type":"product","link":"https:\/\/casaporciatti.it\/shop\/prodotto\/soprassata-casa-porciatti-trancio-da-500-gr-ca-2\/","title":{"rendered":"SOPRASSATA Casa Porciatti Trancio da 500 gr ca"},"content":{"rendered":"<p>Per fare la <strong>Soprassata<\/strong> prendiamo le parti magre della testa, la lingua, le cotenne del maiale e le mettiamo a cuocere in acqua. A cottura ultimata sminuzziamo la carne e la amalgamiamo con sale, pepe, spezie, aglio, rosmarino tritato e scorza di limone.<\/p>\n<p>Insacchiamo l\u2019impasto in un tessuto e lo lasciamo raffreddare una notte attaccato ad un gancio. La gelatina e il poco grasso fanno da collanti con le parti solide e quando \u00e8 fredda la soprassata \u00e8 pronta per essere affettata.<\/p>\n<p><em><strong>La soprassata<\/strong>, elemento caratteristico dell\u2019antipasto toscano,\u00e8 companatico insuperabile e saporito per colazione e merenda.Anche se \u00e8 un salume tipico invernale, nel periodo primaverile \u00e8 senz\u2019altro\u00a0<\/em><em>da provare l\u2019insalata di soprassata, dove verdure crude, come finocchi, carote o sedano, accompagnano bene fette sottili di <strong>capofreddo<\/strong>.<\/em><\/p>\n<p data-start=\"113\" data-end=\"279\">Se sei interessato ad acquistare questo prodotto, scrivici a <strong data-start=\"174\" data-end=\"204\"><a rel=\"noopener\" data-start=\"176\" data-end=\"202\">ecommerce@casaporciatti.it<\/a><\/strong> e ti forniremo tutte le informazioni necessarie per completare l\u2019ordine.<\/p>\n<p data-start=\"281\" data-end=\"358\">\n","protected":false},"excerpt":{"rendered":"<p>Per fare la Soprassata prendiamo le parti magre della testa, la lingua, le cotenne del maiale e le mettiamo a [&hellip;]<\/p>\n","protected":false},"featured_media":6352,"template":"","meta":[],"product_brand":[],"product_cat":[103,262],"product_tag":[263],"class_list":{"0":"post-6351","1":"product","2":"type-product","3":"status-publish","4":"has-post-thumbnail","6":"product_cat-mangiare","7":"product_cat-salumi","8":"product_tag-salumi","9":"pa_produttore-casa-porciatti","11":"first","12":"outofstock","13":"shipping-taxable","14":"purchasable","15":"product-type-simple"},"acf":[],"_links":{"self":[{"href":"https:\/\/casaporciatti.it\/shop\/wp-json\/wp\/v2\/product\/6351","targetHints":{"allow":["GET"]}}],"collection":[{"href":"https:\/\/casaporciatti.it\/shop\/wp-json\/wp\/v2\/product"}],"about":[{"href":"https:\/\/casaporciatti.it\/shop\/wp-json\/wp\/v2\/types\/product"}],"wp:featuredmedia":[{"embeddable":true,"href":"https:\/\/casaporciatti.it\/shop\/wp-json\/wp\/v2\/media\/6352"}],"wp:attachment":[{"href":"https:\/\/casaporciatti.it\/shop\/wp-json\/wp\/v2\/media?parent=6351"}],"wp:term":[{"taxonomy":"product_brand","embeddable":true,"href":"https:\/\/casaporciatti.it\/shop\/wp-json\/wp\/v2\/product_brand?post=6351"},{"taxonomy":"product_cat","embeddable":true,"href":"https:\/\/casaporciatti.it\/shop\/wp-json\/wp\/v2\/product_cat?post=6351"},{"taxonomy":"product_tag","embeddable":true,"href":"https:\/\/casaporciatti.it\/shop\/wp-json\/wp\/v2\/product_tag?post=6351"}],"curies":[{"name":"wp","href":"https:\/\/api.w.org\/{rel}","templated":true}]}}