{"id":6333,"date":"2023-02-14T17:27:25","date_gmt":"2023-02-14T16:27:25","guid":{"rendered":"https:\/\/casaporciatti.it\/shop\/prodotto\/tenuta-di-carleone-rosato-2021-2\/"},"modified":"2026-03-11T17:29:20","modified_gmt":"2026-03-11T16:29:20","slug":"tenuta-di-carleone-rosato-2025","status":"publish","type":"product","link":"https:\/\/casaporciatti.it\/shop\/prodotto\/tenuta-di-carleone-rosato-2025\/","title":{"rendered":"TENUTA DI CARLEONE Rosato 2025"},"content":{"rendered":"<p><strong>Tenuta di Carleone Rosato 2025 <\/strong>\u00e8 un sangiovese 100%. Leggero, rinfrescante, rosa. E&#8217; un vino toscano per l&#8217;estete<\/p>\n<p><strong>La Tenuta di Carlone<\/strong>\u00a0\u00e8 situata su un soleggiato e dolce pendio di\u00a0<strong>Radda in Chianti<\/strong>. La tenuta si estende su 100 ettari di terreno fra boschi, oliveti, e 20 ettari di vigneti di Sangiovese, alcuni con pi\u00f9 di 60 anni di et\u00e0. La vinificazione \u00e8 tradizionale e artigianale, con lunghe macerazioni, fermentazioni con lieviti indigeni e l\u2019utilizzo di grappoli interi in tini di cemento e rovere, vecchi e nuovi.<\/p>\n<p>Le persone dietro questa tenuta sono l<strong>\u2018imprenditore austriaco Karl Egger e il suo amico Sean O\u2019Callaghan, alias Il Guercio.<\/strong>\u00a0Viene adottato un approccio di vinificazione non interventista, senza lieviti commerciali e senza agenti chiarificanti. Nei vigneti vengono utilizzati principi sia biologici che biodinamici.<\/p>\n","protected":false},"excerpt":{"rendered":"<p>Tenuta di Carleone Rosato 2025 \u00e8 un sangiovese 100%. Leggero, rinfrescante, rosa. E&#8217; un vino toscano per l&#8217;estete La Tenuta [&hellip;]<\/p>\n","protected":false},"featured_media":6334,"template":"","meta":[],"product_brand":[],"product_cat":[16,82],"product_tag":[28,83,190,21,84,22],"class_list":{"0":"post-6333","1":"product","2":"type-product","3":"status-publish","4":"has-post-thumbnail","6":"product_cat-bere","7":"product_cat-vini-rosati","8":"product_tag-produttore-artigianale","9":"product_tag-rosato","10":"product_tag-tenuta-di-carleone","11":"product_tag-vini-di-radda","12":"product_tag-vini-per-lestate","13":"product_tag-vino-biologico","14":"pa_categorie-speciali-vini-di-radda","15":"pa_categorie-speciali-vini-per-lestate","16":"pa_categorie-speciali-vino-biologico","17":"pa_chianti-classico-vini-di-radda-in-chianti","18":"pa_etichette-porciatti-produttori-artigianali","19":"pa_etichette-porciatti-vino-biodinamico","20":"pa_produttore-tenuta-di-carleone","22":"first","23":"instock","24":"shipping-taxable","25":"purchasable","26":"product-type-simple"},"acf":[],"_links":{"self":[{"href":"https:\/\/casaporciatti.it\/shop\/wp-json\/wp\/v2\/product\/6333","targetHints":{"allow":["GET"]}}],"collection":[{"href":"https:\/\/casaporciatti.it\/shop\/wp-json\/wp\/v2\/product"}],"about":[{"href":"https:\/\/casaporciatti.it\/shop\/wp-json\/wp\/v2\/types\/product"}],"wp:featuredmedia":[{"embeddable":true,"href":"https:\/\/casaporciatti.it\/shop\/wp-json\/wp\/v2\/media\/6334"}],"wp:attachment":[{"href":"https:\/\/casaporciatti.it\/shop\/wp-json\/wp\/v2\/media?parent=6333"}],"wp:term":[{"taxonomy":"product_brand","embeddable":true,"href":"https:\/\/casaporciatti.it\/shop\/wp-json\/wp\/v2\/product_brand?post=6333"},{"taxonomy":"product_cat","embeddable":true,"href":"https:\/\/casaporciatti.it\/shop\/wp-json\/wp\/v2\/product_cat?post=6333"},{"taxonomy":"product_tag","embeddable":true,"href":"https:\/\/casaporciatti.it\/shop\/wp-json\/wp\/v2\/product_tag?post=6333"}],"curies":[{"name":"wp","href":"https:\/\/api.w.org\/{rel}","templated":true}]}}