{"id":6326,"date":"2023-02-14T17:27:12","date_gmt":"2023-02-14T16:27:12","guid":{"rendered":"https:\/\/casaporciatti.it\/shop\/prodotto\/montevertine-pian-del-ciampolo-toscana-igt-2018\/"},"modified":"2025-11-24T08:15:11","modified_gmt":"2025-11-24T07:15:11","slug":"montevertine-pian-del-ciampolo-2023","status":"publish","type":"product","link":"https:\/\/casaporciatti.it\/shop\/prodotto\/montevertine-pian-del-ciampolo-2023\/","title":{"rendered":"MONTEVERTINE PIAN DEL CIAMPOLO 2023"},"content":{"rendered":"<p class=\"p1\">Il <strong>Montevertine <\/strong><strong>Pian del Ciampolo<\/strong> 2023 \u00e8 composto da Sangiovese con piccole quantit\u00e0 di Canaiolo e Colorino. Mostra doti di bevibilit\u00e0 e immediatezza, ma sotto sotto nasconde una grande ricchezza di frutto e una sorprendente persistenza.<\/p>\n<p class=\"p1\">18 mesi di affinamento in botte grande. La particella di 1,5 ettari di vigneto \u00e8 stata reimpiantata nel 2003; i vigneti sono orientati a est &#8211; nord-est, il che porta alla completa maturazione dopo una lunga stagione di crescita delle uve e all&#8217;eccezionale equilibrio di questo vino che riflette il classico stile di Montevertine caratterizzato da eleganza e complessit\u00e0.<\/p>\n<p class=\"p1\"><strong>Montevertine<\/strong> \u00e8 situata nel cuore del <strong>Chianti<\/strong>, a met\u00e0 strada tra Firenze e Siena, precisamente a 3 chilometri a sud di Rad<strong>da in Chianti<\/strong>.<\/p>\n<p class=\"p1\">Sergio Manetti acquist\u00f2 Montevertine nel 1967 come casa vacanza per la sua famiglia.\u00a0 Manetti piant\u00f2 subito due ettari di vigneti e costru\u00ec una piccola cantina con l&#8217;idea di produrre vino per la famiglia e gli amici. La prima annata prodotta e imbottigliata sotto la supervisione di Sergio Manetti risale al 1971 e fu subito chiaro che non sarebbe stato di un vino &#8220;solo per gli amici&#8221;. Pochi anni dopo Manetti abbandon\u00f2 la sua attivit\u00e0 principale per dedicarsi a quella che era di ventata la sua nuova passione il vino.<\/p>\n<p class=\"p1\"><strong>Manetti<\/strong> riconobbe fin da subito le potenzialit\u00e0 del sangiovese e a quello dedic\u00f2 tutti i suoi sforzi.\u00a0 Nel 1981, a causa del rifiuto del Chianti Classico di approvare un vino che fosse fatto di solo sangiovese, Montevertine lasci\u00f2 il consorzio Chianti Classico, rinunciando quindi alla denominazione. Nonostante la mancanza formale dell&#8217;appellativo, Montevertine resta comunque\u00a0 uno dei rari esempi di un vero Chianti Classico.<\/p>\n<p class=\"p1\">Gli ultimi anni hanno visto un passaggio generazionale a Montevertine con la scomparsa di Sergio Manetti, Giulio Gambelli (il maestro assaggiatore della tenuta per molti anni e\u00a0 grande conoscitore del vitigno Sangiovese) e, pi\u00f9 recentemente, Bruno Bini (il cantiniere). Montevertine \u00e8 ora nelle mani di Martino Manetti, figlio di Sergio, e Paolo Salvi, allievo di Gambelli. Entrambi proteggono lo stile e alla filosofia dei loro predecessori.<\/p>\n<p class=\"p1\">La tenuta si trova ad un&#8217;altitudine di 425 metri. Ci sono 18 ettari di vigneti a Montevertine, il 90% dei quali coltivati a uva Sangiovese con i restanti vigneti dedicati a Colorino e Canaiolo.<\/p>\n<p class=\"p1\">I vigneti sono divisi in nove parcelle separate.\u00a0 Il vigneto pi\u00f9 vecchio, piantato nel 1968 \u00e8 quello del Pergole Torte.\u00a0 Dopo una raccolta manuale, le uve vengono fatte fermentare in grossi tini di cemento (150 hl) per almeno 25 giorni.<\/p>\n<p class=\"p1\">\u00a0La fermentazione malolattica avviene in cemento, poi il vino viene travasato in botti di rovere di Slavonia che variano in dimensioni da 5, 5 a 18 ettolitri di capacit\u00e0. La Pergole Torte viene infine travasata in barriques francesi (Alliers)\u00a0 per i sei mesi finali del suo affinamento.<\/p>\n<p class=\"p1\">\n","protected":false},"excerpt":{"rendered":"<p>Il Montevertine Pian del Ciampolo 2023 \u00e8 composto da Sangiovese con piccole quantit\u00e0 di Canaiolo e Colorino. Mostra doti di [&hellip;]<\/p>\n","protected":false},"featured_media":5120,"template":"","meta":[],"product_brand":[],"product_cat":[16,17],"product_tag":[107,93],"class_list":{"0":"post-6326","1":"product","2":"type-product","3":"status-publish","4":"has-post-thumbnail","6":"product_cat-bere","7":"product_cat-vini-rossi","8":"product_tag-montevertine","9":"product_tag-toscana-igt","10":"pa_categorie-speciali-montevertine","11":"pa_chianti-classico-vini-di-radda-in-chianti","12":"pa_produttore-montevertine","14":"first","15":"outofstock","16":"shipping-taxable","17":"purchasable","18":"product-type-simple"},"acf":[],"_links":{"self":[{"href":"https:\/\/casaporciatti.it\/shop\/wp-json\/wp\/v2\/product\/6326","targetHints":{"allow":["GET"]}}],"collection":[{"href":"https:\/\/casaporciatti.it\/shop\/wp-json\/wp\/v2\/product"}],"about":[{"href":"https:\/\/casaporciatti.it\/shop\/wp-json\/wp\/v2\/types\/product"}],"wp:featuredmedia":[{"embeddable":true,"href":"https:\/\/casaporciatti.it\/shop\/wp-json\/wp\/v2\/media\/5120"}],"wp:attachment":[{"href":"https:\/\/casaporciatti.it\/shop\/wp-json\/wp\/v2\/media?parent=6326"}],"wp:term":[{"taxonomy":"product_brand","embeddable":true,"href":"https:\/\/casaporciatti.it\/shop\/wp-json\/wp\/v2\/product_brand?post=6326"},{"taxonomy":"product_cat","embeddable":true,"href":"https:\/\/casaporciatti.it\/shop\/wp-json\/wp\/v2\/product_cat?post=6326"},{"taxonomy":"product_tag","embeddable":true,"href":"https:\/\/casaporciatti.it\/shop\/wp-json\/wp\/v2\/product_tag?post=6326"}],"curies":[{"name":"wp","href":"https:\/\/api.w.org\/{rel}","templated":true}]}}