{"id":6319,"date":"2023-02-14T17:27:12","date_gmt":"2023-02-14T16:27:12","guid":{"rendered":"https:\/\/casaporciatti.it\/shop\/prodotto\/comm-g-b-burlotto-barbera-dalba-2018\/"},"modified":"2023-03-16T11:50:06","modified_gmt":"2023-03-16T10:50:06","slug":"comm-g-b-burlotto-barbera-dalba-2018","status":"publish","type":"product","link":"https:\/\/casaporciatti.it\/shop\/prodotto\/comm-g-b-burlotto-barbera-dalba-2018\/","title":{"rendered":"COMM. G.B. BURLOTTO Barbera d&#8217;Alba 2018"},"content":{"rendered":"<p class=\"p1\">La Barbera d&#8217;Alba di Burlotto viene prodotta secondo semplici criteri enologici per esaltarne la purezza varietale e il suo fascino tradizionale. Il vino \u00e8 affinato in grandi botte di quercia. Questa \u00e8 una versione estremamente pulita e raffinata di Barbera con buona acidit\u00e0 e polpa.<\/p>\n<p class=\"p1\">Questa storica tenuta situata nel comune di Verduno nel Barolo DOCG, fu fondata da Giovan Battista Burlotto, il Commendatore, a met\u00e0 del XVIII secolo, durante il quale ottenne l&#8217;illustre titolo di &#8220;Fornitore della Real Casa dei Savoia &#8221; ,\u00a0 e &#8220;L&#8217;unico fornitore della spedizione artica del duca d&#8217;Abruzzo al Polo Nord &#8220;. Burlotto si distinse introducendo la pratica della vendita di vino in bottiglia con il nome della sua tenuta (alla maniera dei castelli francesi) in un&#8217;epoca in cui in Langa era pratica abituale vendere vino in botte.<\/p>\n<p class=\"p1\">La maggior parte dei vigneti della tenuta si trovano nel comune di Verduno, dove si trova anche il famoso cru Monvigliero, che \u00e8 noto per la sua posizione interamente a sud e il suolo di marna bianca.<\/p>\n<p class=\"p1\">La tenuta rimane di propriet\u00e0 della famiglia ed \u00e8 attualmente sotto la direzione della pronipote di Burlotto, Mariana Burlotto, e di suo marito, Giuseppe Alessandria.<\/p>\n","protected":false},"excerpt":{"rendered":"<p>La Barbera d&#8217;Alba di Burlotto viene prodotta secondo semplici criteri enologici per esaltarne la purezza varietale e il suo fascino [&hellip;]<\/p>\n","protected":false},"featured_media":6320,"template":"","meta":[],"product_brand":[],"product_cat":[16,17],"product_tag":[161,251],"class_list":{"0":"post-6319","1":"product","2":"type-product","3":"status-publish","4":"has-post-thumbnail","6":"product_cat-bere","7":"product_cat-vini-rossi","8":"product_tag-barbera-dalba","9":"product_tag-comm-g-b-burlotto","10":"pa_produttore-comm-g-b-burlotto","12":"first","13":"outofstock","14":"shipping-taxable","15":"purchasable","16":"product-type-simple"},"acf":[],"_links":{"self":[{"href":"https:\/\/casaporciatti.it\/shop\/wp-json\/wp\/v2\/product\/6319","targetHints":{"allow":["GET"]}}],"collection":[{"href":"https:\/\/casaporciatti.it\/shop\/wp-json\/wp\/v2\/product"}],"about":[{"href":"https:\/\/casaporciatti.it\/shop\/wp-json\/wp\/v2\/types\/product"}],"wp:featuredmedia":[{"embeddable":true,"href":"https:\/\/casaporciatti.it\/shop\/wp-json\/wp\/v2\/media\/6320"}],"wp:attachment":[{"href":"https:\/\/casaporciatti.it\/shop\/wp-json\/wp\/v2\/media?parent=6319"}],"wp:term":[{"taxonomy":"product_brand","embeddable":true,"href":"https:\/\/casaporciatti.it\/shop\/wp-json\/wp\/v2\/product_brand?post=6319"},{"taxonomy":"product_cat","embeddable":true,"href":"https:\/\/casaporciatti.it\/shop\/wp-json\/wp\/v2\/product_cat?post=6319"},{"taxonomy":"product_tag","embeddable":true,"href":"https:\/\/casaporciatti.it\/shop\/wp-json\/wp\/v2\/product_tag?post=6319"}],"curies":[{"name":"wp","href":"https:\/\/api.w.org\/{rel}","templated":true}]}}