{"id":6316,"date":"2023-02-14T17:27:12","date_gmt":"2023-02-14T16:27:12","guid":{"rendered":"https:\/\/casaporciatti.it\/shop\/prodotto\/comm-g-b-burlotto-pelaverga-2020\/"},"modified":"2026-03-31T14:39:14","modified_gmt":"2026-03-31T12:39:14","slug":"comm-g-b-burlotto-pelaverga-2024","status":"publish","type":"product","link":"https:\/\/casaporciatti.it\/shop\/prodotto\/comm-g-b-burlotto-pelaverga-2024\/","title":{"rendered":"COMM. G.B. BURLOTTO Pelaverga 2024"},"content":{"rendered":"<p class=\"p1\">Il Pelaverga \u00e8 uno dei vini pi\u00f9 originali dei Burlotto. Un&#8217;antica variet\u00e0 coltivata dalla famiglia fin dal 1800.\u00a0Il colore si presenta\u00a0<b>rosso rubino<\/b>\u00a0intenso che muta con il passare del tempo verso l\u2019<b>aranciato<\/b>. Al naso i sentori tipici dell\u2019uva ricordano quelli di violetta e ribes per accompagnarsi poi alla nota che forse contraddistingue maggiormente il vitigno: il pepe bianco. All\u2019assaggio la trama fruttata e fragrante creano un equilibrio fresco e vellutato con aromi di frutta secca nel finale.<\/p>\n<p class=\"p1\">Questa storica tenuta situata nel comune di Verduno nel Barolo DOCG, fu fondata da Giovan Battista Burlotto, il Commendatore, a met\u00e0 del XVIII secolo, durante il quale ottenne l&#8217;illustre titolo di &#8220;Fornitore della Real Casa dei Savoia &#8221; ,\u00a0 e &#8220;L&#8217;unico fornitore della spedizione artica del duca d&#8217;Abruzzo al Polo Nord &#8220;. Burlotto si distinse introducendo la pratica della vendita di vino in bottiglia con il nome della sua tenuta (alla maniera dei castelli francesi) in un&#8217;epoca in cui in Langa era pratica abituale vendere vino in botte.<\/p>\n<p class=\"p1\">La maggior parte dei vigneti della tenuta si trovano nel comune di Verduno, dove si trova anche il famoso cru Monvigliero, che \u00e8 noto per la sua posizione interamente a sud e il suolo di marna bianca.<\/p>\n<p class=\"p1\">La tenuta rimane di propriet\u00e0 della famiglia ed \u00e8 attualmente sotto la direzione della pronipote di Burlotto, Mariana Burlotto, e di suo marito, Giuseppe Alessandria.<\/p>\n","protected":false},"excerpt":{"rendered":"<p>Il Pelaverga \u00e8 uno dei vini pi\u00f9 originali dei Burlotto. Un&#8217;antica variet\u00e0 coltivata dalla famiglia fin dal 1800.\u00a0Il colore si [&hellip;]<\/p>\n","protected":false},"featured_media":6317,"template":"","meta":[],"product_brand":[],"product_cat":[16,17],"product_tag":[251,261,28,34],"class_list":{"0":"post-6316","1":"product","2":"type-product","3":"status-publish","4":"has-post-thumbnail","6":"product_cat-bere","7":"product_cat-vini-rossi","8":"product_tag-comm-g-b-burlotto","9":"product_tag-pelaverga","10":"product_tag-produttore-artigianale","11":"product_tag-scelto-da-riccardo","12":"pa_etichette-porciatti-consigliato-da-riccardo","13":"pa_etichette-porciatti-produttori-artigianali","14":"pa_produttore-comm-g-b-burlotto","16":"first","17":"instock","18":"shipping-taxable","19":"purchasable","20":"product-type-simple"},"acf":[],"_links":{"self":[{"href":"https:\/\/casaporciatti.it\/shop\/wp-json\/wp\/v2\/product\/6316","targetHints":{"allow":["GET"]}}],"collection":[{"href":"https:\/\/casaporciatti.it\/shop\/wp-json\/wp\/v2\/product"}],"about":[{"href":"https:\/\/casaporciatti.it\/shop\/wp-json\/wp\/v2\/types\/product"}],"wp:featuredmedia":[{"embeddable":true,"href":"https:\/\/casaporciatti.it\/shop\/wp-json\/wp\/v2\/media\/6317"}],"wp:attachment":[{"href":"https:\/\/casaporciatti.it\/shop\/wp-json\/wp\/v2\/media?parent=6316"}],"wp:term":[{"taxonomy":"product_brand","embeddable":true,"href":"https:\/\/casaporciatti.it\/shop\/wp-json\/wp\/v2\/product_brand?post=6316"},{"taxonomy":"product_cat","embeddable":true,"href":"https:\/\/casaporciatti.it\/shop\/wp-json\/wp\/v2\/product_cat?post=6316"},{"taxonomy":"product_tag","embeddable":true,"href":"https:\/\/casaporciatti.it\/shop\/wp-json\/wp\/v2\/product_tag?post=6316"}],"curies":[{"name":"wp","href":"https:\/\/api.w.org\/{rel}","templated":true}]}}