{"id":6303,"date":"2023-02-14T17:27:12","date_gmt":"2023-02-14T16:27:12","guid":{"rendered":"https:\/\/casaporciatti.it\/shop\/prodotto\/tenuta-di-carleone-randagio-2020-2\/"},"modified":"2025-10-13T10:36:18","modified_gmt":"2025-10-13T08:36:18","slug":"tenuta-di-carleone-randagio-2023","status":"publish","type":"product","link":"https:\/\/casaporciatti.it\/shop\/prodotto\/tenuta-di-carleone-randagio-2023\/","title":{"rendered":"TENUTA DI CARLEONE Randagio 2023"},"content":{"rendered":"<p>Tenuta Carleone Randagio 2023\u00a0 \u00e8 l&#8217;ennesimo colpo di scena di Sean O&#8217;Callaghan. Il Randagio \u00e8 un 50% Cabernet Franc e 50% Merlot vinificato in &#8220;Guercio style&#8221;: uve pressate delicatamente con i piedi e\u00a0 lunghissima macerazione per circa 18 mesi in acciaio e cemento.<\/p>\n<p>Tutta fantasia e beva, per quello che viene affettuosamente chiamato &#8220;Il Guercino&#8221;.<\/p>\n<p><strong>La Tenuta di Carlone<\/strong>\u00a0\u00e8 situata su un soleggiato e dolce pendio di\u00a0<strong>Radda in Chianti<\/strong>. La tenuta si estende su 100 ettari di terreno fra boschi, oliveti, e 20 ettari di vigneti di Sangiovese, alcuni con pi\u00f9 di 60 anni di et\u00e0. La vinificazione \u00e8 tradizionale e artigianale, con lunghe macerazioni, fermentazioni con lieviti indigeni e l\u2019utilizzo di grappoli interi in tini di cemento e rovere, vecchi e nuovi.<\/p>\n<p>Le persone dietro questa tenuta sono l<strong>\u2018imprenditore austriaco Karl Egger e il suo amico Sean O\u2019Callaghan, alias Il Guercio.<\/strong>\u00a0Viene adottato un approccio di vinificazione non interventista, senza lieviti commerciali e senza agenti chiarificanti. Nei vigneti vengono utilizzati principi sia biologici che biodinamici.<\/p>\n","protected":false},"excerpt":{"rendered":"<p>Tenuta Carleone Randagio 2023\u00a0 \u00e8 l&#8217;ennesimo colpo di scena di Sean O&#8217;Callaghan. Il Randagio \u00e8 un 50% Cabernet Franc e [&hellip;]<\/p>\n","protected":false},"featured_media":6304,"template":"","meta":[],"product_brand":[],"product_cat":[16,17],"product_tag":[112,190,93,21,22],"class_list":{"0":"post-6303","1":"product","2":"type-product","3":"status-publish","4":"has-post-thumbnail","6":"product_cat-bere","7":"product_cat-vini-rossi","8":"product_tag-la-toscana-nascosta","9":"product_tag-tenuta-di-carleone","10":"product_tag-toscana-igt","11":"product_tag-vini-di-radda","12":"product_tag-vino-biologico","13":"pa_categorie-speciali-in-promozione-ora","14":"pa_categorie-speciali-la-toscana-nascosta","15":"pa_categorie-speciali-vini-di-radda","16":"pa_categorie-speciali-vino-biologico","17":"pa_chianti-classico-vini-di-radda-in-chianti","18":"pa_etichette-porciatti-vino-biodinamico","19":"pa_produttore-tenuta-di-carleone","21":"first","22":"instock","23":"shipping-taxable","24":"purchasable","25":"product-type-simple"},"acf":[],"_links":{"self":[{"href":"https:\/\/casaporciatti.it\/shop\/wp-json\/wp\/v2\/product\/6303","targetHints":{"allow":["GET"]}}],"collection":[{"href":"https:\/\/casaporciatti.it\/shop\/wp-json\/wp\/v2\/product"}],"about":[{"href":"https:\/\/casaporciatti.it\/shop\/wp-json\/wp\/v2\/types\/product"}],"wp:featuredmedia":[{"embeddable":true,"href":"https:\/\/casaporciatti.it\/shop\/wp-json\/wp\/v2\/media\/6304"}],"wp:attachment":[{"href":"https:\/\/casaporciatti.it\/shop\/wp-json\/wp\/v2\/media?parent=6303"}],"wp:term":[{"taxonomy":"product_brand","embeddable":true,"href":"https:\/\/casaporciatti.it\/shop\/wp-json\/wp\/v2\/product_brand?post=6303"},{"taxonomy":"product_cat","embeddable":true,"href":"https:\/\/casaporciatti.it\/shop\/wp-json\/wp\/v2\/product_cat?post=6303"},{"taxonomy":"product_tag","embeddable":true,"href":"https:\/\/casaporciatti.it\/shop\/wp-json\/wp\/v2\/product_tag?post=6303"}],"curies":[{"name":"wp","href":"https:\/\/api.w.org\/{rel}","templated":true}]}}