{"id":6264,"date":"2023-02-14T17:27:00","date_gmt":"2023-02-14T16:27:00","guid":{"rendered":"https:\/\/casaporciatti.it\/shop\/prodotto\/filetta-di-lamole-fontodi-chianti-classico-2019\/"},"modified":"2026-02-23T03:07:42","modified_gmt":"2026-02-23T02:07:42","slug":"filetta-di-lamole-fontodi-chianti-classico-2021","status":"publish","type":"product","link":"https:\/\/casaporciatti.it\/shop\/prodotto\/filetta-di-lamole-fontodi-chianti-classico-2021\/","title":{"rendered":"FILETTA DI LAMOLE FONTODI Chianti Classico 2021"},"content":{"rendered":"<p><strong>Filetta di Lamole 2021 di Fontodi<\/strong> propone un bouquet ricco di frutta, netto e ampio. In bocca \u00e8 serrato e snello con sentori di frutti di bosco, ribes nero e amarena sostenuti da note minerali di pietrisco e pietra focaia. \u00c8 leggero in termini di consistenza con una chiusura fine ed elegante. Filetta di Lamole mostra un carattere indomito nello stile della di Fontodi.<\/p>\n<p>Lamole \u00e8 un angolo dimenticato del Chianti, situato in alto sopra Panzano. Alcuni parcelle di vecchio Sangiovese, condotto ad alberello sono sopravvissuti alla decimazione dei reimpianti dei primi anni &#8217;70. \u00c8 da queste vecchie viti, piantate negli anni &#8217;20, che Giovanni Manetti di Fontodi ha prese le talee per propagare i propri cloni e ripiantare i suoi vigneti a Fontodi. \u00c8 in parte da queste vecchie viti che deriva la qualit\u00e0 e l&#8217;intensit\u00e0 di Fontodi.<\/p>\n<p>Giovanni da tempo custodiva il sogno di produrre un vino a <strong>Lamole<\/strong>, ritenendola una delle zone pi\u00f9 distintive del Chianti. Il borgo \u00e8 620 metri sul livello del mare. I vini provengono dai suoli sabbiosi e sono profumati ed eleganti, il bouquet si sviluppa nelle notti fresche e dalla lunga stagione di maturazione a tale altitudine. Giovanni Manetti ha convinto suo cugino, Lorenzo Socci, a lavorare con lui su sette ettari di vigneto in una propriet\u00e0 chiamata <strong>Filetta<\/strong>. Insieme hanno ripristinato la vigna e nel 2014 hanno raccolto le loro prime uve.<\/p>\n<p>Il vino si \u00e8 rivelato fin da subito affascinante. Poich\u00e9 i vini sono pi\u00f9 leggeri, Giovanni ha deciso di invecchiarli in grandi botti, al contrario delle barrique che utilizza a Fontodi. Realizzato esclusivamente con Sangiovese, ha un bel colore, con una tonalit\u00e0 simile al Pinot Nero sia nel bicchiere che sul naso.<\/p>\n<p>L&#8217;Azienda Agricola <strong>Fontodi\u00a0<\/strong>\u00e8 stata acquistata\u00a0dalla famiglia Manetti nel 1968. La sua posizione\u00a0 &#8211; proprio al centro della denominazione <strong>Chianti Classico<\/strong>, con vigne che guardano\u00a0 a sud, suoli ricchi di galestro, nel bellissimo anfiteatro naturale che \u00e8 la Conca d&#8217;oro di <strong>Panzano in Chianti <\/strong>a circa 400\u00a0 m slm &#8211; \u00e8 dominante.<\/p>\n<p>La conduzione \u00e8 biologica ormai da molti anni; c&#8217;\u00e8 perfino una piccolo gruppetto di Chianine dalle quali si ricava la base del concime per fertilizzare le viti. Alcune vecchie viti degli anni &#8217;60 e &#8217;70 sono ancora in produzione, ma la maggior parte sono state sostituite da vigneti ad alta densit\u00e0 le cui piante derivano sia da selezione massale che dai miglior cloni emersi durante il progetto Chianti Classico 2000.<\/p>\n<p>La relativamente recente costruzione della nuova cantina \u00e8 perfettamente equipaggiata e funziona secondo i principi di gravit\u00e0 che elimina la necessit\u00e0 dei pompaggi. Tutto \u00e8 stato pensato e progettato per realizzare i migliori vini possibili.<\/p>\n<p>&nbsp;<\/p>\n","protected":false},"excerpt":{"rendered":"<p>Filetta di Lamole 2021 di Fontodi propone un bouquet ricco di frutta, netto e ampio. In bocca \u00e8 serrato e [&hellip;]<\/p>\n","protected":false},"featured_media":6265,"template":"","meta":[],"product_brand":[],"product_cat":[16,17],"product_tag":[18,254,71,32,22],"class_list":{"0":"post-6264","1":"product","2":"type-product","3":"status-publish","4":"has-post-thumbnail","6":"product_cat-bere","7":"product_cat-vini-rossi","8":"product_tag-chianti-classico","9":"product_tag-filetta-di-lamole","10":"product_tag-fontodi","11":"product_tag-vini-di-panzano","12":"product_tag-vino-biologico","13":"pa_categorie-speciali-portami-in-chianti","14":"pa_categorie-speciali-vino-biologico","15":"pa_chianti-classico-vini-di-lamole","16":"pa_etichette-porciatti-vino-biologico","17":"pa_produttore-fontodi","19":"first","20":"instock","21":"shipping-taxable","22":"purchasable","23":"product-type-simple"},"acf":[],"_links":{"self":[{"href":"https:\/\/casaporciatti.it\/shop\/wp-json\/wp\/v2\/product\/6264","targetHints":{"allow":["GET"]}}],"collection":[{"href":"https:\/\/casaporciatti.it\/shop\/wp-json\/wp\/v2\/product"}],"about":[{"href":"https:\/\/casaporciatti.it\/shop\/wp-json\/wp\/v2\/types\/product"}],"wp:featuredmedia":[{"embeddable":true,"href":"https:\/\/casaporciatti.it\/shop\/wp-json\/wp\/v2\/media\/6265"}],"wp:attachment":[{"href":"https:\/\/casaporciatti.it\/shop\/wp-json\/wp\/v2\/media?parent=6264"}],"wp:term":[{"taxonomy":"product_brand","embeddable":true,"href":"https:\/\/casaporciatti.it\/shop\/wp-json\/wp\/v2\/product_brand?post=6264"},{"taxonomy":"product_cat","embeddable":true,"href":"https:\/\/casaporciatti.it\/shop\/wp-json\/wp\/v2\/product_cat?post=6264"},{"taxonomy":"product_tag","embeddable":true,"href":"https:\/\/casaporciatti.it\/shop\/wp-json\/wp\/v2\/product_tag?post=6264"}],"curies":[{"name":"wp","href":"https:\/\/api.w.org\/{rel}","templated":true}]}}