{"id":6238,"date":"2023-02-14T17:27:00","date_gmt":"2023-02-14T16:27:00","guid":{"rendered":"https:\/\/casaporciatti.it\/shop\/prodotto\/giovanni-rosso-barolo-serralunga-dalba-2015\/"},"modified":"2023-03-16T11:49:46","modified_gmt":"2023-03-16T10:49:46","slug":"giovanni-rosso-barolo-serralunga-dalba-2015","status":"publish","type":"product","link":"https:\/\/casaporciatti.it\/shop\/prodotto\/giovanni-rosso-barolo-serralunga-dalba-2015\/","title":{"rendered":"GIOVANNI ROSSO Barolo Serralunga d&#8217;Alba 2015"},"content":{"rendered":"<p class=\"p1\">Il Barolo Serralunga d&#8217;Alba di Giovanni Rosso esprime fedelmente il Terroir di questa zona di Langa. Struttura, frutto e complessit\u00e0 per un vino di grande avvenire<\/p>\n<p class=\"p1\">Da oltre un secolo la famiglia rosso possiede vigneti in alcuni dei pi\u00f9 rinomati Cru di Langa: Cerretta, La Serra, Broglio, Meriame, Sorano, Costa bella, Lirano e Damiano. All&#8217;inizio degli anni &#8217;80, Giovanni Rosso ristruttur\u00f2 gran parte dei vigneti con sesti di impianto modernissimi, atti a produrre solo uva di grande qualit\u00e0. Ad affiancare Giovanni alla conduzione dell&#8217;azienda c&#8217;\u00e8 dai primi anni 2000 il figlio Davide che insieme al padre porta avanti il concetto di vini di Terroir<\/p>\n","protected":false},"excerpt":{"rendered":"<p>Il Barolo Serralunga d&#8217;Alba di Giovanni Rosso esprime fedelmente il Terroir di questa zona di Langa. Struttura, frutto e complessit\u00e0 [&hellip;]<\/p>\n","protected":false},"featured_media":6236,"template":"","meta":[],"product_brand":[],"product_cat":[16,17],"product_tag":[150,250],"class_list":{"0":"post-6238","1":"product","2":"type-product","3":"status-publish","4":"has-post-thumbnail","6":"product_cat-bere","7":"product_cat-vini-rossi","8":"product_tag-barolo","9":"product_tag-giovanni-rosso","10":"pa_produttore-giovanni-rosso","12":"first","13":"outofstock","14":"shipping-taxable","15":"purchasable","16":"product-type-simple"},"acf":[],"_links":{"self":[{"href":"https:\/\/casaporciatti.it\/shop\/wp-json\/wp\/v2\/product\/6238","targetHints":{"allow":["GET"]}}],"collection":[{"href":"https:\/\/casaporciatti.it\/shop\/wp-json\/wp\/v2\/product"}],"about":[{"href":"https:\/\/casaporciatti.it\/shop\/wp-json\/wp\/v2\/types\/product"}],"wp:featuredmedia":[{"embeddable":true,"href":"https:\/\/casaporciatti.it\/shop\/wp-json\/wp\/v2\/media\/6236"}],"wp:attachment":[{"href":"https:\/\/casaporciatti.it\/shop\/wp-json\/wp\/v2\/media?parent=6238"}],"wp:term":[{"taxonomy":"product_brand","embeddable":true,"href":"https:\/\/casaporciatti.it\/shop\/wp-json\/wp\/v2\/product_brand?post=6238"},{"taxonomy":"product_cat","embeddable":true,"href":"https:\/\/casaporciatti.it\/shop\/wp-json\/wp\/v2\/product_cat?post=6238"},{"taxonomy":"product_tag","embeddable":true,"href":"https:\/\/casaporciatti.it\/shop\/wp-json\/wp\/v2\/product_tag?post=6238"}],"curies":[{"name":"wp","href":"https:\/\/api.w.org\/{rel}","templated":true}]}}