{"id":6232,"date":"2023-02-14T17:27:00","date_gmt":"2023-02-14T16:27:00","guid":{"rendered":"https:\/\/casaporciatti.it\/shop\/prodotto\/valentini-trebbiano-dabruzzo-2015\/"},"modified":"2026-01-15T05:22:52","modified_gmt":"2026-01-15T04:22:52","slug":"valentini-trebbiano-dabruzzo-2021","status":"publish","type":"product","link":"https:\/\/casaporciatti.it\/shop\/prodotto\/valentini-trebbiano-dabruzzo-2021\/","title":{"rendered":"VALENTINI TREBBIANO D&#8217;ABRUZZO 2021"},"content":{"rendered":"<p>Fra gli addetti ai lavori il Trebbiano d&#8217;Abruzzo\u00a0 di Valentini \u00e8 considerato probabilmente il vino di maggior successo della tenuta.<\/p>\n<p>Il Trebbiano d&#8217;Abruzzo \u00e8 il vino, ma l&#8217;uva si chiama trebbiano abruzzese. Valentini sembra possedere un biotipo pi\u00f9 vecchio di trebbiano abruzzese, uno che \u00e8 ancora pi\u00f9 incline alle malattie e meno produttivo del normale ed \u00e8 il prodotto di selezioni massali in corso. Questo \u00e8 solo uno dei tanti segreti della versione di alta qualit\u00e0 di Valentini.<\/p>\n<p>Ampiamente considerato il pi\u00f9 grande viticoltore d&#8217;Abruzzo, Edoardo Valentini ha prodotto vino sin dall&#8217;annata 1956 fino alla sua morte nel 2006 all&#8217;et\u00e0 di 72 anni. Durante questo mezzo secolo la sua fama tra gli appassionati di grandi vini italiani \u00e8 cresciuta sino a farne diventare un un&#8217;icona. Il suo approccio unico alla gestione delle viti, combinato con la sua personalit\u00e0 eccentrica, ha fatto alimentato la sua leggenda, ma \u00e8 stata l&#8217;eccellenza in bottiglia a consolidare davvero la sua reputazione come uno dei grandi artigiani italiani di vini naturali.<\/p>\n<p>Rinunciando alla carriera da avvocato, Valentini torn\u00f2 con la famiglia nella loro casa di Loreto Aprutino, a circa mezz&#8217;ora nell&#8217;entroterra pescarese. Ha coltivato circa 60 ettari di terreno coltivato a vigneto distribuito in diversi siti di vigneto e centinaia di acri coltivati \u200b\u200ba alberi da frutto e ulivi.<\/p>\n<p>Valentini \u00e8 diventato famoso per la sua avversione ai media e il disprezzo per il marketing del vino. Di conseguenza, le poche informazioni che possiamo raccogliere sull&#8217;uomo e sui suoi vini servono solo a migliorare la mistica che circonda entrambi. Dalla scomparsa di Edoardo Valentini il figlio Francesco Paolo, coadiuvato dalla moglie El\u00e8na, e dal figlio Gabriele, ha portato avanti con fedelt\u00e0 e rigore la produzione dell&#8217;ammiratissima linea di vini abruzzesi di famiglia. \u00c8 evidente in degustazione che l&#8217;eredit\u00e0 Valentini rimane forte e sar\u00e0 ben curata.<\/p>\n","protected":false},"excerpt":{"rendered":"<p>Fra gli addetti ai lavori il Trebbiano d&#8217;Abruzzo\u00a0 di Valentini \u00e8 considerato probabilmente il vino di maggior successo della tenuta. [&hellip;]<\/p>\n","protected":false},"featured_media":5877,"template":"","meta":[],"product_brand":[],"product_cat":[16,182],"product_tag":[207,206],"class_list":{"0":"post-6232","1":"product","2":"type-product","3":"status-publish","4":"has-post-thumbnail","6":"product_cat-bere","7":"product_cat-vini-bianchi","8":"product_tag-trebbiano-dabruzzo","9":"product_tag-valentini","10":"pa_produttore-valentini","12":"first","13":"instock","14":"shipping-taxable","15":"purchasable","16":"product-type-simple"},"acf":[],"_links":{"self":[{"href":"https:\/\/casaporciatti.it\/shop\/wp-json\/wp\/v2\/product\/6232","targetHints":{"allow":["GET"]}}],"collection":[{"href":"https:\/\/casaporciatti.it\/shop\/wp-json\/wp\/v2\/product"}],"about":[{"href":"https:\/\/casaporciatti.it\/shop\/wp-json\/wp\/v2\/types\/product"}],"wp:featuredmedia":[{"embeddable":true,"href":"https:\/\/casaporciatti.it\/shop\/wp-json\/wp\/v2\/media\/5877"}],"wp:attachment":[{"href":"https:\/\/casaporciatti.it\/shop\/wp-json\/wp\/v2\/media?parent=6232"}],"wp:term":[{"taxonomy":"product_brand","embeddable":true,"href":"https:\/\/casaporciatti.it\/shop\/wp-json\/wp\/v2\/product_brand?post=6232"},{"taxonomy":"product_cat","embeddable":true,"href":"https:\/\/casaporciatti.it\/shop\/wp-json\/wp\/v2\/product_cat?post=6232"},{"taxonomy":"product_tag","embeddable":true,"href":"https:\/\/casaporciatti.it\/shop\/wp-json\/wp\/v2\/product_tag?post=6232"}],"curies":[{"name":"wp","href":"https:\/\/api.w.org\/{rel}","templated":true}]}}