{"id":6221,"date":"2023-02-14T17:26:49","date_gmt":"2023-02-14T16:26:49","guid":{"rendered":"https:\/\/casaporciatti.it\/shop\/prodotto\/il-marroneto-brunello-di-montalcino-2014\/"},"modified":"2025-04-24T00:14:40","modified_gmt":"2025-04-23T22:14:40","slug":"il-marroneto-brunello-di-montalcino-2019","status":"publish","type":"product","link":"https:\/\/casaporciatti.it\/shop\/prodotto\/il-marroneto-brunello-di-montalcino-2019\/","title":{"rendered":"IL MARRONETO Brunello di Montalcino 2019"},"content":{"rendered":"<p>Il Brunello di Montalcino del Il Marroneto in pochi anni ha saputo catturare l&#8217;attenzione di critica e appassionati di sangiovese. Eleganza, precisione e finezza sono di suoi marchi di fabbrica.<\/p>\n<p>Il Marroneto prende il nome da un&#8217;antica torre risalente al XIII secolo dove le monache (che vivevano nel convento della Madonna delle Grazie) custodivano le castagne usate per fare la farina per il pane.<\/p>\n<p>Il Marroneto si trova nel quadrante Nord di Montalcino, non lontano dal borgo. I 5,8 ettari della tenuta sono stati piantati in momenti diversi: un prima parte 1975, una seconda nel 1977 e il resto in inverno tra il 1982-1983. I vigneti sono posti a 400 metri sul livello del mare, e i terreni sono un intricato mix di sabbia di grandi dimensioni di pietra calcarea e galestro. Le viti sono piantate con ampia spaziatura in mente in modo che il Sangiovese prosperi su un terreno ricco di sostanze nutritive.<\/p>\n<p>Creando alcuni dei Brunelli pi\u00f9 eleganti e longevi nella denominazione, Alessandro Mori pu\u00f2 essere annoverato fra i produttori pi\u00f9 tradizionalisti di Brunello. Le buone pratiche del\u00a0 Mori prevedono un intervento minimo in vigna, senza uso di prodotti chimici. Fermentazioni affidate a lieviti indigeni e invecchiamento in tradizionali\u00a0 botti di rovere. L&#8217;obiettivo di Alessandro Mori \u00e8 quello di creare Brunello di Montalcino che esprimano il senso del luogo.<\/p>\n","protected":false},"excerpt":{"rendered":"<p>Il Brunello di Montalcino del Il Marroneto in pochi anni ha saputo catturare l&#8217;attenzione di critica e appassionati di sangiovese. [&hellip;]<\/p>\n","protected":false},"featured_media":5288,"template":"","meta":[],"product_brand":[],"product_cat":[16,17],"product_tag":[121,141],"class_list":{"0":"post-6221","1":"product","2":"type-product","3":"status-publish","4":"has-post-thumbnail","6":"product_cat-bere","7":"product_cat-vini-rossi","8":"product_tag-brunello-di-montalcino","9":"product_tag-il-marroneto","10":"pa_produttore-il-marroneto","12":"first","13":"outofstock","14":"shipping-taxable","15":"purchasable","16":"product-type-simple"},"acf":[],"_links":{"self":[{"href":"https:\/\/casaporciatti.it\/shop\/wp-json\/wp\/v2\/product\/6221","targetHints":{"allow":["GET"]}}],"collection":[{"href":"https:\/\/casaporciatti.it\/shop\/wp-json\/wp\/v2\/product"}],"about":[{"href":"https:\/\/casaporciatti.it\/shop\/wp-json\/wp\/v2\/types\/product"}],"wp:featuredmedia":[{"embeddable":true,"href":"https:\/\/casaporciatti.it\/shop\/wp-json\/wp\/v2\/media\/5288"}],"wp:attachment":[{"href":"https:\/\/casaporciatti.it\/shop\/wp-json\/wp\/v2\/media?parent=6221"}],"wp:term":[{"taxonomy":"product_brand","embeddable":true,"href":"https:\/\/casaporciatti.it\/shop\/wp-json\/wp\/v2\/product_brand?post=6221"},{"taxonomy":"product_cat","embeddable":true,"href":"https:\/\/casaporciatti.it\/shop\/wp-json\/wp\/v2\/product_cat?post=6221"},{"taxonomy":"product_tag","embeddable":true,"href":"https:\/\/casaporciatti.it\/shop\/wp-json\/wp\/v2\/product_tag?post=6221"}],"curies":[{"name":"wp","href":"https:\/\/api.w.org\/{rel}","templated":true}]}}