{"id":6179,"date":"2023-02-14T17:26:49","date_gmt":"2023-02-14T16:26:49","guid":{"rendered":"https:\/\/casaporciatti.it\/shop\/prodotto\/castello-di-argiano-sesti-brunello-di-montalcino-2016\/"},"modified":"2025-05-14T06:23:38","modified_gmt":"2025-05-14T04:23:38","slug":"castello-di-argiano-sesti-brunello-di-montalcino-2016","status":"publish","type":"product","link":"https:\/\/casaporciatti.it\/shop\/prodotto\/castello-di-argiano-sesti-brunello-di-montalcino-2016\/","title":{"rendered":"CASTELLO DI ARGIANO SESTI Brunello di Montalcino 2016"},"content":{"rendered":"<p>Il <strong>Brunello di Montalcino<\/strong>\u00a0 <strong>Sesti<\/strong> del <strong>Castello di Argiano<\/strong> \u00e8 un vino dall&#8217;innegabile fascino. Corredo aromatico complesso, presenza in bocca importante e lungo potenziale evolutivo lo collocano fra i top vini del borgo ilcinese. Il sangiovese proviene da vigneti con densit\u00e0 d&#8217;impianto di 5.400 viti per ettaro. Dopo la vendemmia i grappoli sono vinificati in acciaio. Il vino riposa poi per trentanove mesi in botti di quercia da 30 ettolitri. Nessuna filtrazione. Un anno di in bottiglia prima del rilascio in commercio<\/p>\n<p class=\"p1\">La tenuta di Sesti del Castello di Argiano si trova nel versante meridionale del quadrante di Montalcino. L&#8217;estensione della Tenuta \u00e8 poco pi\u00f9 di 100 ettari ma solo tredici sono dedicati alle vigne, il resto \u00e8 terreno boschivo, oliveti e pascoli. I vigneti sono esposti a sud a 350 m di altitudine allevate a cordone speronato<\/p>\n<p class=\"p1\">Le viti sono allevate in modo sostenibile, l&#8217;equivalente della lutte raisonn\u00e9e in Francia.<\/p>\n","protected":false},"excerpt":{"rendered":"<p>Il Brunello di Montalcino\u00a0 Sesti del Castello di Argiano \u00e8 un vino dall&#8217;innegabile fascino. Corredo aromatico complesso, presenza in bocca [&hellip;]<\/p>\n","protected":false},"featured_media":5270,"template":"","meta":[],"product_brand":[],"product_cat":[16,17],"product_tag":[121,135,34,137,20],"class_list":{"0":"post-6179","1":"product","2":"type-product","3":"status-publish","4":"has-post-thumbnail","6":"product_cat-bere","7":"product_cat-vini-rossi","8":"product_tag-brunello-di-montalcino","9":"product_tag-castello-di-argiano","10":"product_tag-scelto-da-riccardo","11":"product_tag-sesti","12":"product_tag-vetrina","13":"pa_categorie-speciali-brunello-di-montalcino","14":"pa_etichette-porciatti-consigliato-da-riccardo","15":"pa_produttore-castello-di-argiano","16":"pa_produttore-sesti","18":"first","19":"outofstock","20":"shipping-taxable","21":"purchasable","22":"product-type-simple"},"acf":[],"_links":{"self":[{"href":"https:\/\/casaporciatti.it\/shop\/wp-json\/wp\/v2\/product\/6179","targetHints":{"allow":["GET"]}}],"collection":[{"href":"https:\/\/casaporciatti.it\/shop\/wp-json\/wp\/v2\/product"}],"about":[{"href":"https:\/\/casaporciatti.it\/shop\/wp-json\/wp\/v2\/types\/product"}],"wp:featuredmedia":[{"embeddable":true,"href":"https:\/\/casaporciatti.it\/shop\/wp-json\/wp\/v2\/media\/5270"}],"wp:attachment":[{"href":"https:\/\/casaporciatti.it\/shop\/wp-json\/wp\/v2\/media?parent=6179"}],"wp:term":[{"taxonomy":"product_brand","embeddable":true,"href":"https:\/\/casaporciatti.it\/shop\/wp-json\/wp\/v2\/product_brand?post=6179"},{"taxonomy":"product_cat","embeddable":true,"href":"https:\/\/casaporciatti.it\/shop\/wp-json\/wp\/v2\/product_cat?post=6179"},{"taxonomy":"product_tag","embeddable":true,"href":"https:\/\/casaporciatti.it\/shop\/wp-json\/wp\/v2\/product_tag?post=6179"}],"curies":[{"name":"wp","href":"https:\/\/api.w.org\/{rel}","templated":true}]}}