{"id":6165,"date":"2023-02-14T17:26:37","date_gmt":"2023-02-14T16:26:37","guid":{"rendered":"https:\/\/casaporciatti.it\/shop\/prodotto\/erta-di-radda-chianti-classico-riserva-2019\/"},"modified":"2026-01-26T08:23:19","modified_gmt":"2026-01-26T07:23:19","slug":"erta-di-radda-chianti-classico-riserva-2022","status":"publish","type":"product","link":"https:\/\/casaporciatti.it\/shop\/prodotto\/erta-di-radda-chianti-classico-riserva-2022\/","title":{"rendered":"ERTA DI RADDA Chianti Classico Riserva 2022"},"content":{"rendered":"<p>Erta di Radda Chianti Classico Riserva 2022 \u00e8 la quinta annata di questa tipologia per la giovane realt\u00e0 raddese. Le uve sangiovese provengono dal vigneto pi\u00f9 vecchio dell&#8217;azienda e dopo una vinificazione tradizionale, il vino sosta per 24 mesi in botti rovere da 20 hl. La Riserva di di Diego Finocchi \u00e8 un vino di buona struttura e complessit\u00e0 aromatica. Non mancher\u00e0 di stupire tutti i fan del sangiovese di Radda in Chianti<\/p>\n<p>L\u2019 <strong>Erta di Radda<\/strong> \u00e8 una piccola azienda del <strong>Chianti Classico<\/strong> che si sta via via affermando sempre pi\u00f9 nella sottozona forse pi\u00f9 vocata della denominazione: <strong>Radda in Chiant<\/strong>i. A occuparsi dell&#8217;azienda c&#8217;\u00e8, <strong>Diego Finocchi<\/strong>, che si prende cura personalmente di tutte le attivit\u00e0, dalla potatura della vigna alla commercializzazione del vino.<\/p>\n<p>Il nome del vino \u00e8 legato alla pendenza dei vigneti che si trovano poco fuori il borgo. Erta sta in questo caso per salita.<\/p>\n<p>Diego \u00e8 sempre stato appassionato di vino e agricoltura e all&#8217;et\u00e0 di 24 anni decide di farne il suo lavoro. Coglie l&#8217;occasione di acquistare circa 5 di vecchie vigne da un contadino della zona e con un po&#8217; di sana incoscienza si mette a inseguire il proprio sogno.<\/p>\n<p>I vigneti impiantati nel 1967, sono stati, con il tempo, in parte rinnovati, 1 ettaro nel 2006 ed un ettaro nel 2009.<\/p>\n<p>I primi anni non sono stati facili e a parte un po&#8217; di vino lasciato per la famiglia e gli amici tutta la produzione veniva vendita. Fino al 2009 quando Diego decide di fare il gran passo e imbottigliare il suo primo Chianti Classico. Nasce l&#8217;Erta di Radda.<\/p>\n<p>Il rispetto per la natura, la biodiversit\u00e0 e la tradizione chiantigiana hanno portato Diego a scegliere il <strong>Biologico<\/strong> come sistema di conduzione del vigneto e il Sangiovese come attore principale per i suoi vini.<\/p>\n<p>&nbsp;<\/p>\n<p>&nbsp;<\/p>\n","protected":false},"excerpt":{"rendered":"<p>Erta di Radda Chianti Classico Riserva 2022 \u00e8 la quinta annata di questa tipologia per la giovane realt\u00e0 raddese. Le [&hellip;]<\/p>\n","protected":false},"featured_media":6166,"template":"","meta":[],"product_brand":[],"product_cat":[16,17],"product_tag":[37,223,34,21,22],"class_list":{"0":"post-6165","1":"product","2":"type-product","3":"status-publish","4":"has-post-thumbnail","6":"product_cat-bere","7":"product_cat-vini-rossi","8":"product_tag-chianti-classico-riserva","9":"product_tag-erta-di-radda","10":"product_tag-scelto-da-riccardo","11":"product_tag-vini-di-radda","12":"product_tag-vino-biologico","13":"pa_categorie-speciali-portami-in-chianti","14":"pa_categorie-speciali-vini-di-radda","15":"pa_categorie-speciali-vino-biologico","16":"pa_chianti-classico-vini-di-radda-in-chianti","17":"pa_etichette-porciatti-consigliato-da-riccardo","18":"pa_etichette-porciatti-vino-biologico","19":"pa_produttore-erta-di-radda","21":"first","22":"outofstock","23":"shipping-taxable","24":"purchasable","25":"product-type-simple"},"acf":[],"_links":{"self":[{"href":"https:\/\/casaporciatti.it\/shop\/wp-json\/wp\/v2\/product\/6165","targetHints":{"allow":["GET"]}}],"collection":[{"href":"https:\/\/casaporciatti.it\/shop\/wp-json\/wp\/v2\/product"}],"about":[{"href":"https:\/\/casaporciatti.it\/shop\/wp-json\/wp\/v2\/types\/product"}],"wp:featuredmedia":[{"embeddable":true,"href":"https:\/\/casaporciatti.it\/shop\/wp-json\/wp\/v2\/media\/6166"}],"wp:attachment":[{"href":"https:\/\/casaporciatti.it\/shop\/wp-json\/wp\/v2\/media?parent=6165"}],"wp:term":[{"taxonomy":"product_brand","embeddable":true,"href":"https:\/\/casaporciatti.it\/shop\/wp-json\/wp\/v2\/product_brand?post=6165"},{"taxonomy":"product_cat","embeddable":true,"href":"https:\/\/casaporciatti.it\/shop\/wp-json\/wp\/v2\/product_cat?post=6165"},{"taxonomy":"product_tag","embeddable":true,"href":"https:\/\/casaporciatti.it\/shop\/wp-json\/wp\/v2\/product_tag?post=6165"}],"curies":[{"name":"wp","href":"https:\/\/api.w.org\/{rel}","templated":true}]}}