{"id":6143,"date":"2023-02-14T17:26:37","date_gmt":"2023-02-14T16:26:37","guid":{"rendered":"https:\/\/casaporciatti.it\/shop\/prodotto\/poggio-landi-brunello-di-montalcino-2013\/"},"modified":"2023-03-16T11:49:22","modified_gmt":"2023-03-16T10:49:22","slug":"poggio-landi-brunello-di-montalcino-2013","status":"publish","type":"product","link":"https:\/\/casaporciatti.it\/shop\/prodotto\/poggio-landi-brunello-di-montalcino-2013\/","title":{"rendered":"POGGIO LANDI Brunello di Montalcino 2013"},"content":{"rendered":"<p class=\"p1\">Le uve\u00a0 per produrre il <strong>Brunello di Montalcino<\/strong> <strong>Poggio Landi<\/strong> provengono dai vigneti posti nelle zone pi\u00f9 prestigiose di Montalcino, ad altitudini comprese tra 175 e 500 metri sul livello del mare. Questa biodiversit\u00e0, le differenze dei suoli e dell&#8217;esposizione, \u00e8 essenziale per produrre un Brunello che sia allo stesso tempo brillante, armonioso e complesso.<\/p>\n<p class=\"p1\">Il Brunello di Montalcino 2013 \u00e8 intenso ed elegante.\u00a0 Vinificazione tradizionale. Dopo due settimane di fermentazione naturale e spontanea, il vino viene trasferito in botti di rovere francese da 30 Hl e 54 Hl, dove invecchia per 38 mesi. Affinamento\u00a0 minimo della bottiglia 6 mesi.<\/p>\n<p class=\"p1\">Al naso \u00e8 intenso con aromi di frutti rossi maturi arricchiti da pepe nero e liquirizia. In bocca \u00e8 ben equilibrato con un tannino persistente e setoso<\/p>\n<p class=\"p1\">Superbo con formaggi stagionati e selvaggina.<\/p>\n<p>&nbsp;<\/p>\n<p class=\"p1\">.<\/p>\n","protected":false},"excerpt":{"rendered":"<p>Le uve\u00a0 per produrre il Brunello di Montalcino Poggio Landi provengono dai vigneti posti nelle zone pi\u00f9 prestigiose di Montalcino, [&hellip;]<\/p>\n","protected":false},"featured_media":6144,"template":"","meta":[],"product_brand":[],"product_cat":[16,17,35],"product_tag":[121,244],"class_list":{"0":"post-6143","1":"product","2":"type-product","3":"status-publish","4":"has-post-thumbnail","6":"product_cat-bere","7":"product_cat-vini-rossi","8":"product_cat-in-evidenza","9":"product_tag-brunello-di-montalcino","10":"product_tag-poggio-landi","11":"pa_categorie-speciali-brunello-di-montalcino","12":"pa_produttore-poggio-landi","14":"first","15":"outofstock","16":"sale","17":"shipping-taxable","18":"purchasable","19":"product-type-simple"},"acf":[],"_links":{"self":[{"href":"https:\/\/casaporciatti.it\/shop\/wp-json\/wp\/v2\/product\/6143","targetHints":{"allow":["GET"]}}],"collection":[{"href":"https:\/\/casaporciatti.it\/shop\/wp-json\/wp\/v2\/product"}],"about":[{"href":"https:\/\/casaporciatti.it\/shop\/wp-json\/wp\/v2\/types\/product"}],"wp:featuredmedia":[{"embeddable":true,"href":"https:\/\/casaporciatti.it\/shop\/wp-json\/wp\/v2\/media\/6144"}],"wp:attachment":[{"href":"https:\/\/casaporciatti.it\/shop\/wp-json\/wp\/v2\/media?parent=6143"}],"wp:term":[{"taxonomy":"product_brand","embeddable":true,"href":"https:\/\/casaporciatti.it\/shop\/wp-json\/wp\/v2\/product_brand?post=6143"},{"taxonomy":"product_cat","embeddable":true,"href":"https:\/\/casaporciatti.it\/shop\/wp-json\/wp\/v2\/product_cat?post=6143"},{"taxonomy":"product_tag","embeddable":true,"href":"https:\/\/casaporciatti.it\/shop\/wp-json\/wp\/v2\/product_tag?post=6143"}],"curies":[{"name":"wp","href":"https:\/\/api.w.org\/{rel}","templated":true}]}}