{"id":6131,"date":"2023-02-14T17:26:37","date_gmt":"2023-02-14T16:26:37","guid":{"rendered":"https:\/\/casaporciatti.it\/shop\/prodotto\/chateau-batailley-pauillac-grand-cru-classe-2007\/"},"modified":"2023-03-16T11:49:21","modified_gmt":"2023-03-16T10:49:21","slug":"chateau-batailley-pauillac-grand-cru-classe-2007","status":"publish","type":"product","link":"https:\/\/casaporciatti.it\/shop\/prodotto\/chateau-batailley-pauillac-grand-cru-classe-2007\/","title":{"rendered":"CHATEAU BATAILLEY Pauillac Grand Cru Class\u00e9 2007"},"content":{"rendered":"<p>Il Pauillac Grand Cru Class\u00e9 Ch\u00e2teau Batailley 2007 offre un attraente bouquet di grafite e di cedro seguiti da frutta scura. Al palato \u00e8 di corpo, definito e piacevole. Concentrato e classico nello stile tipico di questa tenuta, chiude con dettagli e persistenza gradevoli. Un millesimo sottovalutato che si beve ora, ma continuer\u00e0 a dare piacere per 7-10 anni.<\/p>\n<p>Ch\u00e2teau Batailley deve il suo nome alla battaglia (&#8220;bataille&#8221;) che ebbe luogo dove oggi si trovano il castello e il vigneto durante la Guerra dei Cent&#8217;anni, intorno al 1453. In questa battaglia, i francesi riconquistarono il vicino Ch\u00e2teau Latour dagli inglesi, un punto cruciale per porre fine al regno di 300 anni degli inglesi in Aquitania.<\/p>\n<p>I vigneti si estendono su 57 ettari con un&#8217;et\u00e0 media dei vigneti di 40 anni. Il terreno \u00e8 siliceo e ghiaioso, ma il cuore del vigneto \u00e8 su un profondo letto di ghiaia su un sottosuolo di argilla e arenaria.<\/p>\n","protected":false},"excerpt":{"rendered":"<p>Il Pauillac Grand Cru Class\u00e9 Ch\u00e2teau Batailley 2007 offre un attraente bouquet di grafite e di cedro seguiti da frutta [&hellip;]<\/p>\n","protected":false},"featured_media":6132,"template":"","meta":[],"product_brand":[],"product_cat":[16,17],"product_tag":[238,240],"class_list":{"0":"post-6131","1":"product","2":"type-product","3":"status-publish","4":"has-post-thumbnail","6":"product_cat-bere","7":"product_cat-vini-rossi","8":"product_tag-bordeaux","9":"product_tag-chateau-batailley","10":"pa_categorie-speciali-vini-pregiati-e-rari","11":"pa_produttore-chateau-batailley","13":"first","14":"outofstock","15":"shipping-taxable","16":"purchasable","17":"product-type-simple"},"acf":[],"_links":{"self":[{"href":"https:\/\/casaporciatti.it\/shop\/wp-json\/wp\/v2\/product\/6131","targetHints":{"allow":["GET"]}}],"collection":[{"href":"https:\/\/casaporciatti.it\/shop\/wp-json\/wp\/v2\/product"}],"about":[{"href":"https:\/\/casaporciatti.it\/shop\/wp-json\/wp\/v2\/types\/product"}],"wp:featuredmedia":[{"embeddable":true,"href":"https:\/\/casaporciatti.it\/shop\/wp-json\/wp\/v2\/media\/6132"}],"wp:attachment":[{"href":"https:\/\/casaporciatti.it\/shop\/wp-json\/wp\/v2\/media?parent=6131"}],"wp:term":[{"taxonomy":"product_brand","embeddable":true,"href":"https:\/\/casaporciatti.it\/shop\/wp-json\/wp\/v2\/product_brand?post=6131"},{"taxonomy":"product_cat","embeddable":true,"href":"https:\/\/casaporciatti.it\/shop\/wp-json\/wp\/v2\/product_cat?post=6131"},{"taxonomy":"product_tag","embeddable":true,"href":"https:\/\/casaporciatti.it\/shop\/wp-json\/wp\/v2\/product_tag?post=6131"}],"curies":[{"name":"wp","href":"https:\/\/api.w.org\/{rel}","templated":true}]}}