{"id":6128,"date":"2023-02-14T17:26:23","date_gmt":"2023-02-14T16:26:23","guid":{"rendered":"https:\/\/casaporciatti.it\/shop\/prodotto\/domaine-de-leglise-pomerol-2008\/"},"modified":"2024-07-17T10:25:02","modified_gmt":"2024-07-17T08:25:02","slug":"domaine-de-leglise-pomerol-2008","status":"publish","type":"product","link":"https:\/\/casaporciatti.it\/shop\/prodotto\/domaine-de-leglise-pomerol-2008\/","title":{"rendered":"DOMAINE DE L&#8217;EGLISE Pomerol 2008"},"content":{"rendered":"<p>Il Pomerol Domaine de l&#8217;Eglise ha profumi intensi di caff\u00e8, prugna e lampone. Vibrante al palato con un&#8217;ottima struttura, frutta dolce concentrata e buona freschezza. La trama \u00e8 morbida con tannini arrotondati e un finale elegante.<\/p>\n<p>Il Domaine de l&#8217;Eglise \u00e8 la tenuta pi\u00f9 antica del famoso altopiano di Pomerol, menzionata per la prima volta nel Vieux Papiers du Libournais nel 1589. Originariamente di propriet\u00e0 della chiesa, la tenuta fu secolarizzata nel XVIII secolo. Il Domaine de l&#8217;Eglise si trova accanto alla chiesa di Pomerol, a due passi dallo Ch\u00e2teau Petrus. Nel 1973 il castello \u00e8 stato acquistato dalla famiglia Cast\u00e9ja.<\/p>\n<p>Il vino rotondo e fruttato del Domaine de l&#8217;Eglise \u00e8 da molti anni tra i pi\u00f9 ricercati di Pomerol.<\/p>\n<p>Le viti sono allevate secondo il metodo di allevamento a Guyot Doppio e Singolo e sono coltivate in ghiaia su terreni sabbioso-argillosi.<\/p>\n<p>Vinificazione<br \/>\nLa fermentazione avviene in tini termoregolati, seguita da maturazione in barriques di rovere francese per un periodo dai 16 ai 18 mesi. Il 60% delle barriques nuove.<\/p>\n<p>&nbsp;<\/p>\n","protected":false},"excerpt":{"rendered":"<p>Il Pomerol Domaine de l&#8217;Eglise ha profumi intensi di caff\u00e8, prugna e lampone. Vibrante al palato con un&#8217;ottima struttura, frutta [&hellip;]<\/p>\n","protected":false},"featured_media":6129,"template":"","meta":[],"product_brand":[],"product_cat":[16,17],"product_tag":[238,239],"class_list":{"0":"post-6128","1":"product","2":"type-product","3":"status-publish","4":"has-post-thumbnail","6":"product_cat-bere","7":"product_cat-vini-rossi","8":"product_tag-bordeaux","9":"product_tag-domaine-de-leglise","10":"pa_categorie-speciali-vini-pregiati-e-rari","11":"pa_produttore-domaine-de-leglise","13":"first","14":"instock","15":"shipping-taxable","16":"purchasable","17":"product-type-simple"},"acf":[],"_links":{"self":[{"href":"https:\/\/casaporciatti.it\/shop\/wp-json\/wp\/v2\/product\/6128","targetHints":{"allow":["GET"]}}],"collection":[{"href":"https:\/\/casaporciatti.it\/shop\/wp-json\/wp\/v2\/product"}],"about":[{"href":"https:\/\/casaporciatti.it\/shop\/wp-json\/wp\/v2\/types\/product"}],"wp:featuredmedia":[{"embeddable":true,"href":"https:\/\/casaporciatti.it\/shop\/wp-json\/wp\/v2\/media\/6129"}],"wp:attachment":[{"href":"https:\/\/casaporciatti.it\/shop\/wp-json\/wp\/v2\/media?parent=6128"}],"wp:term":[{"taxonomy":"product_brand","embeddable":true,"href":"https:\/\/casaporciatti.it\/shop\/wp-json\/wp\/v2\/product_brand?post=6128"},{"taxonomy":"product_cat","embeddable":true,"href":"https:\/\/casaporciatti.it\/shop\/wp-json\/wp\/v2\/product_cat?post=6128"},{"taxonomy":"product_tag","embeddable":true,"href":"https:\/\/casaporciatti.it\/shop\/wp-json\/wp\/v2\/product_tag?post=6128"}],"curies":[{"name":"wp","href":"https:\/\/api.w.org\/{rel}","templated":true}]}}