{"id":6125,"date":"2023-02-14T17:26:23","date_gmt":"2023-02-14T16:26:23","guid":{"rendered":"https:\/\/casaporciatti.it\/shop\/prodotto\/domaine-ponsot-morey-saint-denis-aoc-cuvee-des-grives-2019\/"},"modified":"2025-11-26T07:58:07","modified_gmt":"2025-11-26T06:58:07","slug":"domaine-ponsot-morey-saint-denis-aoc-cuvee-des-grives-2023","status":"publish","type":"product","link":"https:\/\/casaporciatti.it\/shop\/prodotto\/domaine-ponsot-morey-saint-denis-aoc-cuvee-des-grives-2023\/","title":{"rendered":"DOMAINE PONSOT Morey-Saint-Denis AOC Cuv\u00e9e des Grives 2023"},"content":{"rendered":"<p>Il Morey-Saint-Denis Cuv\u00e9e des Grives 2023 del Domaine Ponsot si apre nel bicchiere con aromi di spezie dolci, ciliegie, frutti di bosco e sottobosco di conifere. Al palato \u00e8 fresco e pieno, carnoso e succulento, con tannini fini e un nucleo succoso di frutta. Di tutti i vini di Ponsot, questo \u00e8 forse il pi\u00f9 adatto al consumo anche da giovane, ma non ha paura di sostare anni in cantina prima di essere apprezzato.<\/p>\n<p>La storia del Domaine Ponsot inizia nel 1872 quando William Ponsot acquist\u00f2 una tenuta vinicola a Morey-Saint-Denis e vi stabil\u00ec la sua casa. I suoi principali appezzamenti di terreno a quel tempo erano il Clos des Monts-Luisants e il Clos de la Roche. Suo nipote e figlioccio, Hippolyte Ponsot, rilev\u00f2 il domaine nel 1920 e nel 1932 inizi\u00f2 a imbottigliare tutto il suo raccolto al domaine, una rarit\u00e0 per l&#8217;epoca. Alla fine la tenuta pass\u00f2 al figlio di Hippolyte Jean-Marie, e pi\u00f9 tardi ai figli di Jean-Marie, Laurent e Rose-Marie.<\/p>\n<p>Oggi, Rose-Marie Ponsot \u00e8 l&#8217;amministratore unico della societ\u00e0, distaccato da Alexandre Abel. Libero dalle ultime mode, Domaine Ponsot ha sempre cercato di esprimere la ricchezza del terroir della Borgogna attraverso pratiche di coltivazione naturale. L&#8217;intervento umano \u00e8 limitato e applicato solo all&#8217;aiuto di cui la vite ha bisogno.<\/p>\n<p>I vigneti sono in condizioni eccezionali grazie alla lunga tradizione della famiglia di lasciare che la natura prenda il comando del lavoro<\/p>\n","protected":false},"excerpt":{"rendered":"<p>Il Morey-Saint-Denis Cuv\u00e9e des Grives 2023 del Domaine Ponsot si apre nel bicchiere con aromi di spezie dolci, ciliegie, frutti [&hellip;]<\/p>\n","protected":false},"featured_media":6126,"template":"","meta":[],"product_brand":[],"product_cat":[16,17],"product_tag":[225,237],"class_list":{"0":"post-6125","1":"product","2":"type-product","3":"status-publish","4":"has-post-thumbnail","6":"product_cat-bere","7":"product_cat-vini-rossi","8":"product_tag-borgogna","9":"product_tag-domaine-ponsot","10":"pa_categorie-speciali-vini-pregiati-e-rari","11":"pa_produttore-domaine-ponsot","13":"first","14":"instock","15":"shipping-taxable","16":"purchasable","17":"product-type-simple"},"acf":[],"_links":{"self":[{"href":"https:\/\/casaporciatti.it\/shop\/wp-json\/wp\/v2\/product\/6125","targetHints":{"allow":["GET"]}}],"collection":[{"href":"https:\/\/casaporciatti.it\/shop\/wp-json\/wp\/v2\/product"}],"about":[{"href":"https:\/\/casaporciatti.it\/shop\/wp-json\/wp\/v2\/types\/product"}],"wp:featuredmedia":[{"embeddable":true,"href":"https:\/\/casaporciatti.it\/shop\/wp-json\/wp\/v2\/media\/6126"}],"wp:attachment":[{"href":"https:\/\/casaporciatti.it\/shop\/wp-json\/wp\/v2\/media?parent=6125"}],"wp:term":[{"taxonomy":"product_brand","embeddable":true,"href":"https:\/\/casaporciatti.it\/shop\/wp-json\/wp\/v2\/product_brand?post=6125"},{"taxonomy":"product_cat","embeddable":true,"href":"https:\/\/casaporciatti.it\/shop\/wp-json\/wp\/v2\/product_cat?post=6125"},{"taxonomy":"product_tag","embeddable":true,"href":"https:\/\/casaporciatti.it\/shop\/wp-json\/wp\/v2\/product_tag?post=6125"}],"curies":[{"name":"wp","href":"https:\/\/api.w.org\/{rel}","templated":true}]}}