{"id":6122,"date":"2023-02-14T17:26:23","date_gmt":"2023-02-14T16:26:23","guid":{"rendered":"https:\/\/casaporciatti.it\/shop\/prodotto\/domaine-gros-frere-et-souer-vosne-romanee-aoc-2016\/"},"modified":"2023-03-16T11:49:17","modified_gmt":"2023-03-16T10:49:17","slug":"domaine-gros-frere-et-souer-vosne-romanee-aoc-2016","status":"publish","type":"product","link":"https:\/\/casaporciatti.it\/shop\/prodotto\/domaine-gros-frere-et-souer-vosne-romanee-aoc-2016\/","title":{"rendered":"DOMAINE GROS Fr\u00e8re et Souer Vosne-Roman\u00e9e AOC 2016"},"content":{"rendered":"<p>Il Vosne-Roman\u00e9e Village 2016 del Domaine Gros Fr\u00e8re et Souer matura in pi\u00e8ce di rovere nuove al 100%.\u00a0 Offre un bouquet profumato di amarena candita e mirtillo rosso che\u00a0 gestisce bene il legno nuovo. Al palato \u00e8 di medio corpo con tannini succulenti.<\/p>\n<p>Il Domaine Gros Fr\u00e8re et Souer produce vino a Vosne-Romane\u00e9 da oltre 160 anni.<\/p>\n<p>Il Domaine Gros-Renaudot, come era conosciuto il Domaine, comprendeva partecipazioni significative nei Grand Cru di Richebourg, Clos de Vougeot, Grand \u00c9ch\u00e9zeaux ed \u00c9ch\u00e9zeaux.<\/p>\n<p>Nel 1963 la Tenuta \u00e8 stata divisa in 4 parti e 2 di queste sono state unite per creare il Domaine Gros Fr\u00e8re et Soeur. Il domaine \u00e8 gestito da Bernard Gros, uno dei figli di Jean Gros, anche se il nome e le propriet\u00e0 provengono dal fratello e dalla sorella di Jean, Gustave e Colette Gros.<\/p>\n<p>Una parte significativa della tenuta \u00e8 stata reimpiantata relativamente di recente, dalla met\u00e0 degli anni &#8217;80 in poi, quando Bernard \u00e8 subentrato a suo zio Gustave, il che spiega la declassificazione di alcuni Grand Cru in denominazioni minori.<\/p>\n<p>I vini vengono vinificati in vasche di cemento e poi maturati in botti di rovere (100% nuove per i Grand Crus e 50% per i Premier Crus). Il nuovo rovere viene utilizzato generosamente conferendo una copertura lucida. I vini tendono ad essere di colore intenso, ricchi di aromi al naso e di corpo al palato.<\/p>\n","protected":false},"excerpt":{"rendered":"<p>Il Vosne-Roman\u00e9e Village 2016 del Domaine Gros Fr\u00e8re et Souer matura in pi\u00e8ce di rovere nuove al 100%.\u00a0 Offre un [&hellip;]<\/p>\n","protected":false},"featured_media":6123,"template":"","meta":[],"product_brand":[],"product_cat":[16,17],"product_tag":[225,236],"class_list":{"0":"post-6122","1":"product","2":"type-product","3":"status-publish","4":"has-post-thumbnail","6":"product_cat-bere","7":"product_cat-vini-rossi","8":"product_tag-borgogna","9":"product_tag-domaine-gros-frere-et-souer","10":"pa_categorie-speciali-vini-pregiati-e-rari","11":"pa_produttore-domaine-gros-frere-et-sour","13":"first","14":"outofstock","15":"shipping-taxable","16":"purchasable","17":"product-type-simple"},"acf":[],"_links":{"self":[{"href":"https:\/\/casaporciatti.it\/shop\/wp-json\/wp\/v2\/product\/6122","targetHints":{"allow":["GET"]}}],"collection":[{"href":"https:\/\/casaporciatti.it\/shop\/wp-json\/wp\/v2\/product"}],"about":[{"href":"https:\/\/casaporciatti.it\/shop\/wp-json\/wp\/v2\/types\/product"}],"wp:featuredmedia":[{"embeddable":true,"href":"https:\/\/casaporciatti.it\/shop\/wp-json\/wp\/v2\/media\/6123"}],"wp:attachment":[{"href":"https:\/\/casaporciatti.it\/shop\/wp-json\/wp\/v2\/media?parent=6122"}],"wp:term":[{"taxonomy":"product_brand","embeddable":true,"href":"https:\/\/casaporciatti.it\/shop\/wp-json\/wp\/v2\/product_brand?post=6122"},{"taxonomy":"product_cat","embeddable":true,"href":"https:\/\/casaporciatti.it\/shop\/wp-json\/wp\/v2\/product_cat?post=6122"},{"taxonomy":"product_tag","embeddable":true,"href":"https:\/\/casaporciatti.it\/shop\/wp-json\/wp\/v2\/product_tag?post=6122"}],"curies":[{"name":"wp","href":"https:\/\/api.w.org\/{rel}","templated":true}]}}