{"id":6110,"date":"2023-02-14T17:26:23","date_gmt":"2023-02-14T16:26:23","guid":{"rendered":"https:\/\/casaporciatti.it\/shop\/prodotto\/domaine-michel-bouzereau-bourgogne-chardonnay-aoc-2018\/"},"modified":"2025-07-17T10:14:21","modified_gmt":"2025-07-17T08:14:21","slug":"domaine-michel-bouzereau-bourgogne-chardonnay-aoc-2023","status":"publish","type":"product","link":"https:\/\/casaporciatti.it\/shop\/prodotto\/domaine-michel-bouzereau-bourgogne-chardonnay-aoc-2023\/","title":{"rendered":"DOMAINE MICHEL BOUZEREAU Bourgogne Chardonnay AOC 2023"},"content":{"rendered":"<p>Il Bourgogne Chardonnay del\u00a0Domaine Michel Bouzereau\u00a0\u00e8 un vino meravigliosamente aromatico, floreale con sentori di miele e un ingresso al palato fine e maturo.<\/p>\n<p>Da quattro ettari di vigneto tra Puligny e Meursault, nel 2018 il mix \u00e8 60-40 a favore di Meursault, e l&#8217;affinamento \u00e8 del 60% in botti da 300 litri, con il resto in barriques da 228 litri. Questo \u00e8 un vino importante per il Domaine Michel Bouzereau, e molta cura \u00e8 profusa per creare un Borgogna\u00a0 Chardonnay moderno e appagante<\/p>\n<p>Il clan Bouzereau \u00e8 molto diffuso nel villaggio di Meursault, con il Domaine Michel Bouzereau in prima linea. Michel Bouzereau proviene da una grande famiglia di produttori di vino e ha ricoperto la carica di Presidente dell&#8217;Unione dei coltivatori della Borgogna. La sua \u00e8 sicuramente una voce da ascoltare. I sui vini sono molto tradizionali. Fermenta in botte e li lascia nove mesi sui lieviti. Determinato a che i suoi Borgogna odorino e sappiano solo di vino, al legno nuovo \u00e8 riconosciuta una minima importanza. Il figlio di Michel, Jean Baptiste, \u00e8 ora responsabile della produzione dei diciassette vini di questa tenuta di 11 ettari.<\/p>\n<p>Jean-Baptiste ha rispettato le pratiche pi\u00f9 tradizionaliste del padre, ma ha instillato nei vini un elemento pi\u00f9 fresco e vivace che ne esalta il fascino. Sono vini che offrono un ottimo rapporto qualit\u00e0-prezzo e sono esempi di riferimento per ciascuno dei Cru.<\/p>\n<p>Il loro Bourgogne Blanc proviene da vigneti che si trovano all&#8217;interno dei confini di Meursault ma appena fuori dalla denominazione. Per questo il suo Borgogna generico \u00e8 ritenuto eccellente per il buon rapporto qualit\u00e0-prezzo, soprattutto perch\u00e9 questo vino \u00e8 trattato con la stessa cura, attenzione e invecchiamento in botte dei suoi fratelli pi\u00f9 anziani.<\/p>\n","protected":false},"excerpt":{"rendered":"<p>Il Bourgogne Chardonnay del\u00a0Domaine Michel Bouzereau\u00a0\u00e8 un vino meravigliosamente aromatico, floreale con sentori di miele e un ingresso al palato [&hellip;]<\/p>\n","protected":false},"featured_media":6111,"template":"","meta":[],"product_brand":[],"product_cat":[16,182],"product_tag":[225,234],"class_list":{"0":"post-6110","1":"product","2":"type-product","3":"status-publish","4":"has-post-thumbnail","6":"product_cat-bere","7":"product_cat-vini-bianchi","8":"product_tag-borgogna","9":"product_tag-domaine-michel-bouzereau","10":"pa_produttore-michel-bouzerau-et-fils","12":"first","13":"instock","14":"shipping-taxable","15":"purchasable","16":"product-type-simple"},"acf":[],"_links":{"self":[{"href":"https:\/\/casaporciatti.it\/shop\/wp-json\/wp\/v2\/product\/6110","targetHints":{"allow":["GET"]}}],"collection":[{"href":"https:\/\/casaporciatti.it\/shop\/wp-json\/wp\/v2\/product"}],"about":[{"href":"https:\/\/casaporciatti.it\/shop\/wp-json\/wp\/v2\/types\/product"}],"wp:featuredmedia":[{"embeddable":true,"href":"https:\/\/casaporciatti.it\/shop\/wp-json\/wp\/v2\/media\/6111"}],"wp:attachment":[{"href":"https:\/\/casaporciatti.it\/shop\/wp-json\/wp\/v2\/media?parent=6110"}],"wp:term":[{"taxonomy":"product_brand","embeddable":true,"href":"https:\/\/casaporciatti.it\/shop\/wp-json\/wp\/v2\/product_brand?post=6110"},{"taxonomy":"product_cat","embeddable":true,"href":"https:\/\/casaporciatti.it\/shop\/wp-json\/wp\/v2\/product_cat?post=6110"},{"taxonomy":"product_tag","embeddable":true,"href":"https:\/\/casaporciatti.it\/shop\/wp-json\/wp\/v2\/product_tag?post=6110"}],"curies":[{"name":"wp","href":"https:\/\/api.w.org\/{rel}","templated":true}]}}