{"id":6092,"date":"2023-02-14T17:26:23","date_gmt":"2023-02-14T16:26:23","guid":{"rendered":"https:\/\/casaporciatti.it\/shop\/prodotto\/domaine-marc-roy-gevray-chambertin-aoc-la-justice-2015\/"},"modified":"2023-03-16T11:49:11","modified_gmt":"2023-03-16T10:49:11","slug":"domaine-marc-roy-gevray-chambertin-aoc-la-justice-2015","status":"publish","type":"product","link":"https:\/\/casaporciatti.it\/shop\/prodotto\/domaine-marc-roy-gevray-chambertin-aoc-la-justice-2015\/","title":{"rendered":"DOMAINE MARC ROY Gevray-Chambertin AOC La Justice 2015"},"content":{"rendered":"<p>Il Gevrey-Chambertin La Justice di Alexandrine Roy 2015 del Domaine Marc Roy \u00e8 un grande successo in questa annata, che spicca dal bicchiere con un superbo bouquet di prugne, cassis, lampone nero, peonia, terra ricca e sottili note di liquirizia e anice. Al palato il vino \u00e8 corposo, vellutato e vibrante, con un ampio trama di morbidi tannini, un nucleo profondo di frutta sapida e un finale lungo e preciso. L&#8217;equilibrio qui \u00e8 eccellente.<\/p>\n<p>Alexandrine Roy \u00e8 la quarta generazione della famiglia Roy a coltivare le vigne di propriet\u00e0 a Gevrey-Chambertin e Marsannay. Il Domaine Marc Roy \u00e8 una minuscola tenuta di soli quattro ettari. Alexandrine \u00e8 un vero agricoltore, che si occupa costantemente dei terreni dei suoi vecchi vigneti (molti dei quali hanno pi\u00f9 di 100 anni) per consentire alle radici di scavare in profondit\u00e0.<\/p>\n<p>I vini che derivano da questi appezzamenti delicatamente curati mostrano una deliziosa purezza ed eleganza che hanno raccolto gli elogi da tutto il mondo. Alexandrine consente alle sue vecchie viti di esprimersi con immensa profondit\u00e0 di sapore e chiarezza grazie ad un approccio poco intervenstista.<\/p>\n","protected":false},"excerpt":{"rendered":"<p>Il Gevrey-Chambertin La Justice di Alexandrine Roy 2015 del Domaine Marc Roy \u00e8 un grande successo in questa annata, che [&hellip;]<\/p>\n","protected":false},"featured_media":6093,"template":"","meta":[],"product_brand":[],"product_cat":[16,17],"product_tag":[225,230],"class_list":{"0":"post-6092","1":"product","2":"type-product","3":"status-publish","4":"has-post-thumbnail","6":"product_cat-bere","7":"product_cat-vini-rossi","8":"product_tag-borgogna","9":"product_tag-domaine-marc-roy","10":"pa_produttore-marc-roy","12":"first","13":"outofstock","14":"shipping-taxable","15":"purchasable","16":"product-type-simple"},"acf":[],"_links":{"self":[{"href":"https:\/\/casaporciatti.it\/shop\/wp-json\/wp\/v2\/product\/6092","targetHints":{"allow":["GET"]}}],"collection":[{"href":"https:\/\/casaporciatti.it\/shop\/wp-json\/wp\/v2\/product"}],"about":[{"href":"https:\/\/casaporciatti.it\/shop\/wp-json\/wp\/v2\/types\/product"}],"wp:featuredmedia":[{"embeddable":true,"href":"https:\/\/casaporciatti.it\/shop\/wp-json\/wp\/v2\/media\/6093"}],"wp:attachment":[{"href":"https:\/\/casaporciatti.it\/shop\/wp-json\/wp\/v2\/media?parent=6092"}],"wp:term":[{"taxonomy":"product_brand","embeddable":true,"href":"https:\/\/casaporciatti.it\/shop\/wp-json\/wp\/v2\/product_brand?post=6092"},{"taxonomy":"product_cat","embeddable":true,"href":"https:\/\/casaporciatti.it\/shop\/wp-json\/wp\/v2\/product_cat?post=6092"},{"taxonomy":"product_tag","embeddable":true,"href":"https:\/\/casaporciatti.it\/shop\/wp-json\/wp\/v2\/product_tag?post=6092"}],"curies":[{"name":"wp","href":"https:\/\/api.w.org\/{rel}","templated":true}]}}