{"id":6071,"date":"2023-02-14T17:26:23","date_gmt":"2023-02-14T16:26:23","guid":{"rendered":"https:\/\/casaporciatti.it\/shop\/prodotto\/domaine-faiveley-bourgogne-pinot-noir-aoc-2016\/"},"modified":"2024-07-17T10:24:44","modified_gmt":"2024-07-17T08:24:44","slug":"domaine-faiveley-bourgogne-cotes-de-nuits-les-dames-huguettes-2021","status":"publish","type":"product","link":"https:\/\/casaporciatti.it\/shop\/prodotto\/domaine-faiveley-bourgogne-cotes-de-nuits-les-dames-huguettes-2021\/","title":{"rendered":"DOMAINE FAIVELEY Bourgogne C\u00f4tes de Nuits Les Dames Huguettes 2021"},"content":{"rendered":"<p>Il Domaine Faiveley Bourgogne C\u00f4tes de Nuits Les Dames Huguettes rivela un delizioso bouquet di ciliegie mature, carne alla griglia e fumo di legna, incorniciato da un leggero tocco di riduzione che si dissolve rapidamente nel bicchiere. Al palato \u00e8 di medio corpo, comunque ricco e carnoso, con fresca succosit\u00e0 e tannini strutturanti giovanili e morbidi.<\/p>\n<p>Da oltre 180 anni l&#8217;amore per il vino si tramanda da una generazione di\u00a0 Faiveley all&#8217;altra. Il Domaine Faiveley \u00e8 rimasto nelle mani della stessa famiglia e sempre indipendente. Oggi Erwan Faiveley \u00e8 uno dei pi\u00f9 giovani direttori di un Domaine in Borgogna mai registrato. Erwan desidera rispettare le tradizioni e il savoir-faire della famiglia Faiveley, prestando grande attenzione ai professionisti che lo circondano, mentre la sua visione del futuro inizia a prendere forma.<\/p>\n<p>Il Domaine Faiveley \u00e8 uno dei pi\u00f9 grandi proprietari di vigneti della Borgogna. Quasi autosufficiente, Faiveley produce l&#8217;80% dei suoi vini con uva coltivata nei vigneti di famiglia e quasi tutti i suoi vini provengno della C\u00f4te d&#8217;Or. La politica della famiglia \u00e8 sempre stata di acquistare terreni nelle zone pi\u00f9 vocate. Nell&#8217;arco di sette generazioni il Domaine Faiveley ha accumulato vigneti nei Cru pi\u00f9 prestigiosi: Corton, Corton-Charlemagne, Mazis-Chambertin, Chambertin Clos de B\u00e8ze, Latrici\u00e8res-Chambertin, Musigny, Ech\u00e9zeaux e Clos Vougeot &#8211; i gioielli della Borgogna &#8211; producendo vini rari e preziosi.<\/p>\n","protected":false},"excerpt":{"rendered":"<p>Il Domaine Faiveley Bourgogne C\u00f4tes de Nuits Les Dames Huguettes rivela un delizioso bouquet di ciliegie mature, carne alla griglia [&hellip;]<\/p>\n","protected":false},"featured_media":11776,"template":"","meta":[],"product_brand":[],"product_cat":[16,17],"product_tag":[225,227],"class_list":{"0":"post-6071","1":"product","2":"type-product","3":"status-publish","4":"has-post-thumbnail","6":"product_cat-bere","7":"product_cat-vini-rossi","8":"product_tag-borgogna","9":"product_tag-domaine-faiveley","10":"pa_produttore-domaine-faiveley","12":"first","13":"instock","14":"shipping-taxable","15":"purchasable","16":"product-type-simple"},"acf":[],"_links":{"self":[{"href":"https:\/\/casaporciatti.it\/shop\/wp-json\/wp\/v2\/product\/6071","targetHints":{"allow":["GET"]}}],"collection":[{"href":"https:\/\/casaporciatti.it\/shop\/wp-json\/wp\/v2\/product"}],"about":[{"href":"https:\/\/casaporciatti.it\/shop\/wp-json\/wp\/v2\/types\/product"}],"wp:featuredmedia":[{"embeddable":true,"href":"https:\/\/casaporciatti.it\/shop\/wp-json\/wp\/v2\/media\/11776"}],"wp:attachment":[{"href":"https:\/\/casaporciatti.it\/shop\/wp-json\/wp\/v2\/media?parent=6071"}],"wp:term":[{"taxonomy":"product_brand","embeddable":true,"href":"https:\/\/casaporciatti.it\/shop\/wp-json\/wp\/v2\/product_brand?post=6071"},{"taxonomy":"product_cat","embeddable":true,"href":"https:\/\/casaporciatti.it\/shop\/wp-json\/wp\/v2\/product_cat?post=6071"},{"taxonomy":"product_tag","embeddable":true,"href":"https:\/\/casaporciatti.it\/shop\/wp-json\/wp\/v2\/product_tag?post=6071"}],"curies":[{"name":"wp","href":"https:\/\/api.w.org\/{rel}","templated":true}]}}