{"id":6054,"date":"2023-02-14T17:26:07","date_gmt":"2023-02-14T16:26:07","guid":{"rendered":"https:\/\/casaporciatti.it\/shop\/prodotto\/antinori-grappa-di-tignanello\/"},"modified":"2025-10-21T10:26:16","modified_gmt":"2025-10-21T08:26:16","slug":"antinori-grappa-di-tignanello","status":"publish","type":"product","link":"https:\/\/casaporciatti.it\/shop\/prodotto\/antinori-grappa-di-tignanello\/","title":{"rendered":"ANTINORI Grappa di Tignanello"},"content":{"rendered":"<p class=\"p1\"><b>La Grappa Tignanello<\/b><\/p>\n<p class=\"p2\">Proveniente dal Vigneto Tignanello, \u00e8 una specialit\u00e0 prodotta in quantit\u00e0 limitata nata per proporre i profumi e gli aromi delle uve nate in terra chiantigiana in un distillato fine ed aromatico.<\/p>\n<p>La famiglia\u00a0<strong>Antinori<\/strong>\u00a0\u00e8 coinvolta nella produzione del vino da oltre sei secoli, da quando, nel 1385, Giovanni di Piero Antinori entr\u00f2 come membro, \u201cArte Fiorentina\u201d, l\u2019Associazione dei Vinattieri della citt\u00e0 di Firenze. Durante tutto questo lungo periodo, da ben ventisei generazioni, la famiglia ha sempre svolto in prima persona questo lavoro con scelte coraggiose e, a volte, innovative, ma mantenendo sempre, inalterato, un rispetto fondamentale per la tradizione e per il territorio in cui operano.<\/p>\n","protected":false},"excerpt":{"rendered":"<p>La Grappa Tignanello Proveniente dal Vigneto Tignanello, \u00e8 una specialit\u00e0 prodotta in quantit\u00e0 limitata nata per proporre i profumi e [&hellip;]<\/p>\n","protected":false},"featured_media":6055,"template":"","meta":[],"product_brand":[],"product_cat":[16,212],"product_tag":[90,214],"class_list":{"0":"post-6054","1":"product","2":"type-product","3":"status-publish","4":"has-post-thumbnail","6":"product_cat-bere","7":"product_cat-distillati","8":"product_tag-antinori","9":"product_tag-grappa","10":"pa_produttore-antinori","12":"first","13":"instock","14":"shipping-taxable","15":"purchasable","16":"product-type-simple"},"acf":[],"_links":{"self":[{"href":"https:\/\/casaporciatti.it\/shop\/wp-json\/wp\/v2\/product\/6054","targetHints":{"allow":["GET"]}}],"collection":[{"href":"https:\/\/casaporciatti.it\/shop\/wp-json\/wp\/v2\/product"}],"about":[{"href":"https:\/\/casaporciatti.it\/shop\/wp-json\/wp\/v2\/types\/product"}],"wp:featuredmedia":[{"embeddable":true,"href":"https:\/\/casaporciatti.it\/shop\/wp-json\/wp\/v2\/media\/6055"}],"wp:attachment":[{"href":"https:\/\/casaporciatti.it\/shop\/wp-json\/wp\/v2\/media?parent=6054"}],"wp:term":[{"taxonomy":"product_brand","embeddable":true,"href":"https:\/\/casaporciatti.it\/shop\/wp-json\/wp\/v2\/product_brand?post=6054"},{"taxonomy":"product_cat","embeddable":true,"href":"https:\/\/casaporciatti.it\/shop\/wp-json\/wp\/v2\/product_cat?post=6054"},{"taxonomy":"product_tag","embeddable":true,"href":"https:\/\/casaporciatti.it\/shop\/wp-json\/wp\/v2\/product_tag?post=6054"}],"curies":[{"name":"wp","href":"https:\/\/api.w.org\/{rel}","templated":true}]}}