{"id":6031,"date":"2023-02-14T17:26:07","date_gmt":"2023-02-14T16:26:07","guid":{"rendered":"https:\/\/casaporciatti.it\/shop\/prodotto\/rocca-di-montegrossi-geremia-toscana-igt-2017\/"},"modified":"2023-07-19T10:29:43","modified_gmt":"2023-07-19T08:29:43","slug":"rocca-di-montegrossi-geremia-toscana-igt-2017","status":"publish","type":"product","link":"https:\/\/casaporciatti.it\/shop\/prodotto\/rocca-di-montegrossi-geremia-toscana-igt-2017\/","title":{"rendered":"ROCCA DI MONTEGROSSI GEREMIA Toscana IGT 2017"},"content":{"rendered":"<p class=\"p1\"><strong>Rocca di Montegrossi<\/strong>\u00a0si trova a Monti nel comune di Gaiole in Chianti vicino alla chiesa romanica di San Marcellino.<\/p>\n<p class=\"p1\">La tenuta comprende circa 100 ettari; 20 dei quali sono vitati, altri 20 sono oliveti, e il resto \u00e8 bosco. I vigneti sono su dolci colline orientate a sud-est con terreni argillosi calcarei, ad altitudini tra 340 e 510 metri sul livello del mare. Il vitigno principale \u00e8 il Sangiovese (13 ettari), seguito dal Merlot (2,5 ettari), mentre i restanti 4,5 ettari sono piantati a Canaiolo, Colorino, Cabernet Sauvignon, Pugnitello e Malvasia Bianca del Chianti.<\/p>\n<p class=\"p1\">Il nome\u00a0<strong>Ricasoli<\/strong>\u00a0\u00e8 inestricabilmente legato non solo alla storia del Chianti, ma anche alla storia della Toscana. Geremia, il fondatore della famiglia Ricasoli-Firidolfi, fond\u00f2 un castello (o Rocca) a Montegrossi nel VII secolo d.C. Nel 1141, il Castello di Brolio pass\u00f2 fra le propriet\u00e0 di famiglia e i Ricasoli entrarono nel mondo del vino. Fu qui che il \u201cBarone di ferro\u201d Bettino Ricasoli cre\u00f2 la \u201cricetta\u201d per il Chianti nel 1872.<\/p>\n<p class=\"p1\"><strong>Marco Ricasoli-Firidolf<\/strong>i, diretto discendente del Barone di Ferro, produce uno dei migliori Chianti Classico sul mercato.<\/p>\n<p class=\"p1\">La qualit\u00e0 \u00e8 sempre fondamentale, ma anche il rispetto dell\u2019ambiente e la conservazione delle risorse naturali rivestivano un\u2019importanza cruciale per Rocca di Montegrossi. Nel 2006, \u00e8 iniziato il laborioso processo di conversione alla viticoltura biologica, che \u00e8 stato completato nel 2010. Marco utilizza pannelli solari per ricavare parte dell\u2019energia necessaria per la sua cantina, mentre il resto proviene esclusivamente da fonti rinnovabili certificate.<\/p>\n<p class=\"p2\"><b>Il Geremia Toscana IGT di Rocca di Montegrossi<\/b>\u00a0esprime il terroir di Monti in Chianti con le variet\u00e0 di bordolesi: Merlot e Cabernet Sauvignon (rispettivamente 70% e 30%). Invecchia esclusivamente in barriques di Allier per circa 24 mesi, dopodich\u00e9 viene imbottigliato senza filtrazione e affinato in bottiglia per altri 18 mesi. \u00c8 un vino potente e intenso che mostra anche eleganza ed equilibrio, facendo emergere il carattere del terroir.<\/p>\n","protected":false},"excerpt":{"rendered":"<p>Rocca di Montegrossi\u00a0si trova a Monti nel comune di Gaiole in Chianti vicino alla chiesa romanica di San Marcellino. La [&hellip;]<\/p>\n","protected":false},"featured_media":6032,"template":"","meta":[],"product_brand":[],"product_cat":[16,17],"product_tag":[59,93],"class_list":{"0":"post-6031","1":"product","2":"type-product","3":"status-publish","4":"has-post-thumbnail","6":"product_cat-bere","7":"product_cat-vini-rossi","8":"product_tag-rocca-di-montegrossi","9":"product_tag-toscana-igt","10":"pa_chianti-classico-vini-di-gaiole-in-chianti","11":"pa_produttore-rocca-di-montegrossi","13":"first","14":"outofstock","15":"shipping-taxable","16":"purchasable","17":"product-type-simple"},"acf":[],"_links":{"self":[{"href":"https:\/\/casaporciatti.it\/shop\/wp-json\/wp\/v2\/product\/6031","targetHints":{"allow":["GET"]}}],"collection":[{"href":"https:\/\/casaporciatti.it\/shop\/wp-json\/wp\/v2\/product"}],"about":[{"href":"https:\/\/casaporciatti.it\/shop\/wp-json\/wp\/v2\/types\/product"}],"wp:featuredmedia":[{"embeddable":true,"href":"https:\/\/casaporciatti.it\/shop\/wp-json\/wp\/v2\/media\/6032"}],"wp:attachment":[{"href":"https:\/\/casaporciatti.it\/shop\/wp-json\/wp\/v2\/media?parent=6031"}],"wp:term":[{"taxonomy":"product_brand","embeddable":true,"href":"https:\/\/casaporciatti.it\/shop\/wp-json\/wp\/v2\/product_brand?post=6031"},{"taxonomy":"product_cat","embeddable":true,"href":"https:\/\/casaporciatti.it\/shop\/wp-json\/wp\/v2\/product_cat?post=6031"},{"taxonomy":"product_tag","embeddable":true,"href":"https:\/\/casaporciatti.it\/shop\/wp-json\/wp\/v2\/product_tag?post=6031"}],"curies":[{"name":"wp","href":"https:\/\/api.w.org\/{rel}","templated":true}]}}