{"id":6028,"date":"2023-02-14T17:26:07","date_gmt":"2023-02-14T16:26:07","guid":{"rendered":"https:\/\/casaporciatti.it\/shop\/prodotto\/rocca-di-montegrossi-rosato-di-toscana-2021\/"},"modified":"2025-10-21T11:17:05","modified_gmt":"2025-10-21T09:17:05","slug":"rocca-di-montegrossi-rosato-2024","status":"publish","type":"product","link":"https:\/\/casaporciatti.it\/shop\/prodotto\/rocca-di-montegrossi-rosato-2024\/","title":{"rendered":"ROCCA DI MONTEGROSSI Rosato 2024"},"content":{"rendered":"<p class=\"p1\">Il Rocca di Montegrossi\u00a0Rosato \u00e8 100% Sangiovese dalle uve del vigneto San Marcellino di produzione biologica. L&#8217; uva \u00e8 stata raccolta a settembre, macerata a freddo e fatta fermentare in acciaio, prima di riposare sulle fecce fini per 3-4 mesi in serbatoi di acciaio a temperatura controllata.<\/p>\n<p class=\"p1\">Rocca di Montegrossi\u00a0si trova a Monti nel comune di Gaiole in Chianti vicino alla chiesa romanica di San Marcellino.<\/p>\n<p class=\"p1\">La tenuta comprende circa 100 ettari; 20 dei quali sono vitati, altri 20 sono oliveti, e il resto \u00e8 bosco. I vigneti sono su dolci colline orientate a sud-est con terreni argillosi calcarei, ad altitudini tra 340 e 510 metri sul livello del mare. Il vitigno principale \u00e8 il Sangiovese (13 ettari), seguito dal Merlot (2,5 ettari), mentre i restanti 4,5 ettari sono piantati a Canaiolo, Colorino, Cabernet Sauvignon, Pugnitello e Malvasia Bianca del Chianti.<\/p>\n<p class=\"p1\">Il nome\u00a0Ricasoli\u00a0\u00e8 inestricabilmente legato non solo alla storia del Chianti, ma anche alla storia della Toscana. Geremia, il fondatore della famiglia Ricasoli-Firidolfi, fond\u00f2 un castello (o Rocca) a Montegrossi nel VII secolo d.C. Nel 1141, il Castello di Brolio pass\u00f2 fra le propriet\u00e0 di famiglia e i Ricasoli entrarono nel mondo del vino. Fu qui che il \u201cBarone di ferro\u201d Bettino Ricasoli cre\u00f2 la \u201cricetta\u201d per il Chianti nel 1872.<\/p>\n<p class=\"p1\">Marco Ricasoli-Firidolfi, diretto discendente del Barone di Ferro, produce uno dei migliori Chianti Classico sul mercato.<\/p>\n<p class=\"p1\">La qualit\u00e0 \u00e8 sempre fondamentale, ma anche il rispetto dell\u2019ambiente e la conservazione delle risorse naturali rivestivano un\u2019importanza cruciale per Rocca di Montegrossi. Nel 2006, \u00e8 iniziato il laborioso processo di conversione alla viticoltura biologica, che \u00e8 stato completato nel 2010. Marco utilizza pannelli solari per ricavare parte dell\u2019energia necessaria per la sua cantina, mentre il resto proviene esclusivamente da fonti rinnovabili certificate.<\/p>\n<p class=\"p2\">\n","protected":false},"excerpt":{"rendered":"<p>Il Rocca di Montegrossi\u00a0Rosato \u00e8 100% Sangiovese dalle uve del vigneto San Marcellino di produzione biologica. L&#8217; uva \u00e8 stata [&hellip;]<\/p>\n","protected":false},"featured_media":6029,"template":"","meta":[],"product_brand":[],"product_cat":[16,82,35],"product_tag":[59,83,26,84,22],"class_list":{"0":"post-6028","1":"product","2":"type-product","3":"status-publish","4":"has-post-thumbnail","6":"product_cat-bere","7":"product_cat-vini-rosati","8":"product_cat-in-evidenza","9":"product_tag-rocca-di-montegrossi","10":"product_tag-rosato","11":"product_tag-vini-di-gaiole","12":"product_tag-vini-per-lestate","13":"product_tag-vino-biologico","14":"pa_categorie-speciali-vini-di-gaiole-in-chianti","15":"pa_categorie-speciali-vini-per-lestate","16":"pa_categorie-speciali-vino-biologico","17":"pa_chianti-classico-vini-di-gaiole-in-chianti","18":"pa_etichette-porciatti-vino-biologico","19":"pa_produttore-rocca-di-montegrossi","21":"first","22":"outofstock","23":"sale","24":"shipping-taxable","25":"purchasable","26":"product-type-simple"},"acf":[],"_links":{"self":[{"href":"https:\/\/casaporciatti.it\/shop\/wp-json\/wp\/v2\/product\/6028","targetHints":{"allow":["GET"]}}],"collection":[{"href":"https:\/\/casaporciatti.it\/shop\/wp-json\/wp\/v2\/product"}],"about":[{"href":"https:\/\/casaporciatti.it\/shop\/wp-json\/wp\/v2\/types\/product"}],"wp:featuredmedia":[{"embeddable":true,"href":"https:\/\/casaporciatti.it\/shop\/wp-json\/wp\/v2\/media\/6029"}],"wp:attachment":[{"href":"https:\/\/casaporciatti.it\/shop\/wp-json\/wp\/v2\/media?parent=6028"}],"wp:term":[{"taxonomy":"product_brand","embeddable":true,"href":"https:\/\/casaporciatti.it\/shop\/wp-json\/wp\/v2\/product_brand?post=6028"},{"taxonomy":"product_cat","embeddable":true,"href":"https:\/\/casaporciatti.it\/shop\/wp-json\/wp\/v2\/product_cat?post=6028"},{"taxonomy":"product_tag","embeddable":true,"href":"https:\/\/casaporciatti.it\/shop\/wp-json\/wp\/v2\/product_tag?post=6028"}],"curies":[{"name":"wp","href":"https:\/\/api.w.org\/{rel}","templated":true}]}}