{"id":6019,"date":"2023-02-14T17:26:07","date_gmt":"2023-02-14T16:26:07","guid":{"rendered":"https:\/\/casaporciatti.it\/shop\/prodotto\/il-barlettaio-sangiovese-toscana-igt-2012\/"},"modified":"2023-03-16T11:48:57","modified_gmt":"2023-03-16T10:48:57","slug":"il-barlettaio-sangiovese-toscana-igt-2012","status":"publish","type":"product","link":"https:\/\/casaporciatti.it\/shop\/prodotto\/il-barlettaio-sangiovese-toscana-igt-2012\/","title":{"rendered":"IL BARLETTAIO SANGIOVESE Toscana IGT 2012"},"content":{"rendered":"<p>Il Barlettaio di\u00a0<strong>Radda in Chianti<\/strong>, \u00e8 una piccola azienda a conduzione familiare le cui vigne si trovano proprio fuori il borgo. Il volto dietro il\u00a0<strong>Barlettaio<\/strong>\u00a0\u00e8 quello di Francesco Bertozzi che in questa attivit\u00e0 ha riversato tutta la sua passione per il Chianti Classico.<\/p>\n<p class=\"p1\">Le vigne sono a circa 500 metri slm, e danno vita a vini freschi e particolarmente vivaci, e con profumi fini di grande complessit\u00e0. Tutto ci\u00f2 contribuisce alla naturale longevit\u00e0 di questi vini.<br \/>\nI terreni della zona sono essenzialmente macigno toscano, alberese e galestro, cio\u00e8 arenarie, argille e calcari che donano ai vini una struttura tannica molto elegante e un\u2019accattivante sapidit\u00e0 gustativa che ne allunga moltissimo la persistenza in bocca.<\/p>\n<p>Il Barlettaio lavora in biologico. I vini non sono mai banali, ma di carattere e fedeli interpreti del territorio raddese<\/p>\n<p>Il <b>Sangiovese\u00a0<\/b>de Il Barlettaio \u00e8 vino un importante. Note balsamiche e speziate al naso. In bocca avvolgente e dalla fitta trama tannica<\/p>\n","protected":false},"excerpt":{"rendered":"<p>Il Barlettaio di\u00a0Radda in Chianti, \u00e8 una piccola azienda a conduzione familiare le cui vigne si trovano proprio fuori il [&hellip;]<\/p>\n","protected":false},"featured_media":6020,"template":"","meta":[],"product_brand":[],"product_cat":[16,17],"product_tag":[39,93],"class_list":{"0":"post-6019","1":"product","2":"type-product","3":"status-publish","4":"has-post-thumbnail","6":"product_cat-bere","7":"product_cat-vini-rossi","8":"product_tag-il-barlettaio","9":"product_tag-toscana-igt","10":"pa_chianti-classico-vini-di-radda-in-chianti","11":"pa_produttore-il-barlettaio","13":"first","14":"outofstock","15":"shipping-taxable","16":"purchasable","17":"product-type-simple"},"acf":[],"_links":{"self":[{"href":"https:\/\/casaporciatti.it\/shop\/wp-json\/wp\/v2\/product\/6019","targetHints":{"allow":["GET"]}}],"collection":[{"href":"https:\/\/casaporciatti.it\/shop\/wp-json\/wp\/v2\/product"}],"about":[{"href":"https:\/\/casaporciatti.it\/shop\/wp-json\/wp\/v2\/types\/product"}],"wp:featuredmedia":[{"embeddable":true,"href":"https:\/\/casaporciatti.it\/shop\/wp-json\/wp\/v2\/media\/6020"}],"wp:attachment":[{"href":"https:\/\/casaporciatti.it\/shop\/wp-json\/wp\/v2\/media?parent=6019"}],"wp:term":[{"taxonomy":"product_brand","embeddable":true,"href":"https:\/\/casaporciatti.it\/shop\/wp-json\/wp\/v2\/product_brand?post=6019"},{"taxonomy":"product_cat","embeddable":true,"href":"https:\/\/casaporciatti.it\/shop\/wp-json\/wp\/v2\/product_cat?post=6019"},{"taxonomy":"product_tag","embeddable":true,"href":"https:\/\/casaporciatti.it\/shop\/wp-json\/wp\/v2\/product_tag?post=6019"}],"curies":[{"name":"wp","href":"https:\/\/api.w.org\/{rel}","templated":true}]}}