{"id":5999,"date":"2023-02-14T17:25:42","date_gmt":"2023-02-14T16:25:42","guid":{"rendered":"https:\/\/casaporciatti.it\/shop\/prodotto\/felsina-i-sistri-chardonnay-di-toscana-2019\/"},"modified":"2025-08-29T09:11:15","modified_gmt":"2025-08-29T07:11:15","slug":"felsina-i-sistri-chardonnay-di-toscana-2022","status":"publish","type":"product","link":"https:\/\/casaporciatti.it\/shop\/prodotto\/felsina-i-sistri-chardonnay-di-toscana-2022\/","title":{"rendered":"FELSINA I SISTRI Chardonnay di Toscana 2022"},"content":{"rendered":"<p class=\"p1\">Il nome dello Chardonnay di <strong>F\u00e8lsina I Sistri<\/strong>\u00a0 deriva da uno strumento musicale dell&#8217;antica Mesopotamia e dell&#8217;Egitto. Lo strumento e la sua musica erano dedicati al culto di Iside, la dea dell&#8217;agricoltura e della nascita.<\/p>\n<p class=\"p1\">Questo splendido Chardonnay si presenta nel bicchiere con un morbido colore dorato e luminoso. Gran carattere e intensit\u00e0 aromatica grazie alla qualit\u00e0 del frutto. In alternanza sentori pi\u00f9 caldi di pesca, pera e albicocca, ma si anche toni pi\u00f9 freschi di menta e mandorla. Dodici mesi in barrique gli conferiscono una piacevole sensazione cremosa sul finale.<\/p>\n<p>Era il 1966 quando Domenico Poggialini compr\u00f2 la propriet\u00e0 di\u00a0<strong>Felsina<\/strong>\u00a0nel comprensorio della\u00a0<strong>Berardenga<\/strong>\u00a0all\u2019estremo sud della denominazione del\u00a0<strong>Chianti Classico.<\/strong><\/p>\n<p>A quel tempo l\u2019azienda esisteva prevalentemente per la produzione di olio, cereali e altri raccolti. Di vigne ce n\u2019erano appena 2,5 ettari e mentre Domenico e suo figlio Beppe lavoravano duro per espandere le vigne e la cantina durante i primi anni, fu solo con l\u2019arrivo di Giuseppe Mazzacolin a seguito del matrimonio con la figlia di Domenico, Gloria, che Felsina prese il volo.<\/p>\n<p>Con Mazzacolin arriv\u00f2 anche la consulenza enologica di Bernabei e l\u2019esigenza di concentrarsi sul Sangiovese come vitigno principe dell\u2019azienda al contrario della moda del periodo che vedeva affidarsi a vitigni bordolesi.<\/p>\n<p>I vini di Felsina sono figli del loro terroir che \u00e8 molto variegato. I suoli possono essere argillo-sabbiosi con depositi marini oppure sassosi (alberese) e poveri.<\/p>\n<p>Il risultato \u00e8 una paletta entusiasmante di Chianti Classico che hanno in comune un corpo generoso, grande complessit\u00e0 e note di frutta e sottobosco sempre ben percepibili<\/p>\n<p class=\"p1\">\n","protected":false},"excerpt":{"rendered":"<p>Il nome dello Chardonnay di F\u00e8lsina I Sistri\u00a0 deriva da uno strumento musicale dell&#8217;antica Mesopotamia e dell&#8217;Egitto. Lo strumento e [&hellip;]<\/p>\n","protected":false},"featured_media":6000,"template":"","meta":[],"product_brand":[],"product_cat":[16,182],"product_tag":[63,93],"class_list":{"0":"post-5999","1":"product","2":"type-product","3":"status-publish","4":"has-post-thumbnail","6":"product_cat-bere","7":"product_cat-vini-bianchi","8":"product_tag-felsina","9":"product_tag-toscana-igt","10":"pa_categorie-speciali-vini-per-lestate","11":"pa_chianti-classico-vini-di-castelnuovo-berardenga","12":"pa_produttore-felsina","14":"first","15":"outofstock","16":"shipping-taxable","17":"purchasable","18":"product-type-simple"},"acf":[],"_links":{"self":[{"href":"https:\/\/casaporciatti.it\/shop\/wp-json\/wp\/v2\/product\/5999","targetHints":{"allow":["GET"]}}],"collection":[{"href":"https:\/\/casaporciatti.it\/shop\/wp-json\/wp\/v2\/product"}],"about":[{"href":"https:\/\/casaporciatti.it\/shop\/wp-json\/wp\/v2\/types\/product"}],"wp:featuredmedia":[{"embeddable":true,"href":"https:\/\/casaporciatti.it\/shop\/wp-json\/wp\/v2\/media\/6000"}],"wp:attachment":[{"href":"https:\/\/casaporciatti.it\/shop\/wp-json\/wp\/v2\/media?parent=5999"}],"wp:term":[{"taxonomy":"product_brand","embeddable":true,"href":"https:\/\/casaporciatti.it\/shop\/wp-json\/wp\/v2\/product_brand?post=5999"},{"taxonomy":"product_cat","embeddable":true,"href":"https:\/\/casaporciatti.it\/shop\/wp-json\/wp\/v2\/product_cat?post=5999"},{"taxonomy":"product_tag","embeddable":true,"href":"https:\/\/casaporciatti.it\/shop\/wp-json\/wp\/v2\/product_tag?post=5999"}],"curies":[{"name":"wp","href":"https:\/\/api.w.org\/{rel}","templated":true}]}}