{"id":5882,"date":"2023-02-14T17:25:27","date_gmt":"2023-02-14T16:25:27","guid":{"rendered":"https:\/\/casaporciatti.it\/shop\/prodotto\/avignonesi-vin-santo-di-montepulciano-occhio-di-pernice-2005\/"},"modified":"2024-09-12T12:23:57","modified_gmt":"2024-09-12T10:23:57","slug":"avignonesi-vin-santo-di-montepulciano-occhio-di-pernice-2010","status":"publish","type":"product","link":"https:\/\/casaporciatti.it\/shop\/prodotto\/avignonesi-vin-santo-di-montepulciano-occhio-di-pernice-2010\/","title":{"rendered":"AVIGNONESI Vin Santo di Montepulciano Occhio di Pernice 2010"},"content":{"rendered":"<p>Avignonesi Vin Santo Occhio di Pernice 2010 si presenta nel bicchiere con un bel color mattone d\u2019intensa luminosit\u00e0. Viscoso. Avvolge l\u2019olfatto con note di nocino, panforte e tabacco, mou e panpepato, fichi secchi e croccantino alle arachidi con sfumature speziate natalizie. Sorso dall\u2019avvolgente carica zuccherina, sostenuto da una freschezza inaspettata, \u00e8 morbido e sapido allo stesso tempo e caratterizzato da un finale intramontabile.<\/p>\n<p>Un vino da meditazione, \u00e8 perfetto con la pasticceria secca e con formaggi erborinati.<\/p>\n<p>Il Vin Santo \u00e8 un vino dolce profondamente radicato nella tradizione toscana. I primi riferimenti risalgono al Rinascimento, che \u00e8 anche il momento in cui la famiglia Avignonesi entr\u00f2 in scena per la prima volta. Il Vin Santo Occhio di Pernice Avignonesi \u00e8 prodotto con la madre (lievito) che \u00e8 stata tramandata da generazioni e conferisce quel sapore etereo. Questo vino dolce \u00e8 il risultato di un processo di invecchiamento eccezionalmente lungo durante il quale pi\u00f9 della met\u00e0 di questo prezioso liquido evapora.<\/p>\n<p>&nbsp;<\/p>\n","protected":false},"excerpt":{"rendered":"<p>Avignonesi Vin Santo Occhio di Pernice 2010 si presenta nel bicchiere con un bel color mattone d\u2019intensa luminosit\u00e0. Viscoso. Avvolge [&hellip;]<\/p>\n","protected":false},"featured_media":5883,"template":"","meta":[],"product_brand":[],"product_cat":[16,209],"product_tag":[169,34,210,91],"class_list":{"0":"post-5882","1":"product","2":"type-product","3":"status-publish","4":"has-post-thumbnail","6":"product_cat-bere","7":"product_cat-dolce","8":"product_tag-avignonesi","9":"product_tag-scelto-da-riccardo","10":"product_tag-vin-santo","11":"product_tag-vini-pregiati-e-rari","12":"pa_etichette-porciatti-consigliato-da-riccardo","13":"pa_produttore-avignonesi","15":"first","16":"outofstock","17":"shipping-taxable","18":"purchasable","19":"product-type-simple"},"acf":[],"_links":{"self":[{"href":"https:\/\/casaporciatti.it\/shop\/wp-json\/wp\/v2\/product\/5882","targetHints":{"allow":["GET"]}}],"collection":[{"href":"https:\/\/casaporciatti.it\/shop\/wp-json\/wp\/v2\/product"}],"about":[{"href":"https:\/\/casaporciatti.it\/shop\/wp-json\/wp\/v2\/types\/product"}],"wp:featuredmedia":[{"embeddable":true,"href":"https:\/\/casaporciatti.it\/shop\/wp-json\/wp\/v2\/media\/5883"}],"wp:attachment":[{"href":"https:\/\/casaporciatti.it\/shop\/wp-json\/wp\/v2\/media?parent=5882"}],"wp:term":[{"taxonomy":"product_brand","embeddable":true,"href":"https:\/\/casaporciatti.it\/shop\/wp-json\/wp\/v2\/product_brand?post=5882"},{"taxonomy":"product_cat","embeddable":true,"href":"https:\/\/casaporciatti.it\/shop\/wp-json\/wp\/v2\/product_cat?post=5882"},{"taxonomy":"product_tag","embeddable":true,"href":"https:\/\/casaporciatti.it\/shop\/wp-json\/wp\/v2\/product_tag?post=5882"}],"curies":[{"name":"wp","href":"https:\/\/api.w.org\/{rel}","templated":true}]}}