{"id":5870,"date":"2023-02-14T17:25:27","date_gmt":"2023-02-14T16:25:27","guid":{"rendered":"https:\/\/casaporciatti.it\/shop\/prodotto\/querciabella-batar-toscana-bianco-igt-2019\/"},"modified":"2026-03-31T12:10:40","modified_gmt":"2026-03-31T10:10:40","slug":"querciabella-batar-2022","status":"publish","type":"product","link":"https:\/\/casaporciatti.it\/shop\/prodotto\/querciabella-batar-2022\/","title":{"rendered":"QUERCIABELLA BATAR 2022"},"content":{"rendered":"<p data-start=\"188\" data-end=\"466\">Il <strong data-start=\"191\" data-end=\"218\">Querciabella Bat\u00e0r 2022<\/strong> \u00e8 uno dei pi\u00f9 celebri vini bianchi di Toscana, nato nel cuore del Chianti Classico. La tenuta Querciabella, a Greve in Chianti, \u00e8 immersa in un bosco di querce che protegge i vigneti coltivati secondo i principi dell\u2019<strong data-start=\"436\" data-end=\"463\">agricoltura biodinamica<\/strong>.<\/p>\n<p data-start=\"468\" data-end=\"834\">Fondata nel 1974 da Giuseppe Castiglioni, appassionato di Bordeaux e Borgogna, l\u2019azienda \u00e8 cresciuta da un solo ettaro di vigne a oltre 70, distribuiti tra Greve, Panzano, Radda e Gaiole. Oggi \u00e8 guidata dal figlio Sebastiano, che ha trasformato Querciabella in una delle realt\u00e0 pi\u00f9 innovative del vino italiano, pioniera della <strong data-start=\"795\" data-end=\"831\">viticoltura vegana e sostenibile<\/strong>.<\/p>\n<p data-start=\"836\" data-end=\"1261\">Bat\u00e0r nasce nel 1988 da un vigneto coltivato in biologico fin dall\u2019inizio e convertito interamente alla biodinamica nel 2000. \u00c8 prodotto da un elegante blend di <strong data-start=\"997\" data-end=\"1026\">Pinot Bianco e Chardonnay<\/strong>, che trova sulle colline toscane un terroir ideale. Il vino affina lentamente, raggiungendo la sua massima espressione dopo almeno cinque anni dalla vendemmia, regalando un bouquet complesso e armonioso, con straordinaria longevit\u00e0.<\/p>\n<p data-start=\"1263\" data-end=\"1422\">Perfetto per chi cerca un <strong data-start=\"1289\" data-end=\"1325\">vino bianco toscano di prestigio<\/strong>, il Bat\u00e0r 2022 accompagna piatti raffinati di pesce, carni bianche e cucina vegetariana gourmet.<\/p>\n","protected":false},"excerpt":{"rendered":"<p>Il Querciabella Bat\u00e0r 2022 \u00e8 uno dei pi\u00f9 celebri vini bianchi di Toscana, nato nel cuore del Chianti Classico. La [&hellip;]<\/p>\n","protected":false},"featured_media":5871,"template":"","meta":[],"product_brand":[],"product_cat":[16,182],"product_tag":[88,93,91,22],"class_list":{"0":"post-5870","1":"product","2":"type-product","3":"status-publish","4":"has-post-thumbnail","6":"product_cat-bere","7":"product_cat-vini-bianchi","8":"product_tag-querciabella","9":"product_tag-toscana-igt","10":"product_tag-vini-pregiati-e-rari","11":"product_tag-vino-biologico","12":"pa_categorie-speciali-vini-pregiati-e-rari","13":"pa_categorie-speciali-vino-biologico","14":"pa_produttore-querciabella","16":"first","17":"instock","18":"shipping-taxable","19":"purchasable","20":"product-type-simple"},"acf":[],"_links":{"self":[{"href":"https:\/\/casaporciatti.it\/shop\/wp-json\/wp\/v2\/product\/5870","targetHints":{"allow":["GET"]}}],"collection":[{"href":"https:\/\/casaporciatti.it\/shop\/wp-json\/wp\/v2\/product"}],"about":[{"href":"https:\/\/casaporciatti.it\/shop\/wp-json\/wp\/v2\/types\/product"}],"wp:featuredmedia":[{"embeddable":true,"href":"https:\/\/casaporciatti.it\/shop\/wp-json\/wp\/v2\/media\/5871"}],"wp:attachment":[{"href":"https:\/\/casaporciatti.it\/shop\/wp-json\/wp\/v2\/media?parent=5870"}],"wp:term":[{"taxonomy":"product_brand","embeddable":true,"href":"https:\/\/casaporciatti.it\/shop\/wp-json\/wp\/v2\/product_brand?post=5870"},{"taxonomy":"product_cat","embeddable":true,"href":"https:\/\/casaporciatti.it\/shop\/wp-json\/wp\/v2\/product_cat?post=5870"},{"taxonomy":"product_tag","embeddable":true,"href":"https:\/\/casaporciatti.it\/shop\/wp-json\/wp\/v2\/product_tag?post=5870"}],"curies":[{"name":"wp","href":"https:\/\/api.w.org\/{rel}","templated":true}]}}