{"id":5838,"date":"2023-02-14T17:25:15","date_gmt":"2023-02-14T16:25:15","guid":{"rendered":"https:\/\/casaporciatti.it\/shop\/prodotto\/antinori-solaia-2016-toscana-igt\/"},"modified":"2024-02-11T15:50:55","modified_gmt":"2024-02-11T14:50:55","slug":"antinori-solaia-2020","status":"publish","type":"product","link":"https:\/\/casaporciatti.it\/shop\/prodotto\/antinori-solaia-2020\/","title":{"rendered":"ANTINORI SOLAIA 2020"},"content":{"rendered":"<p>Il <strong>Solaia 2020<\/strong> \u00e8 prodotto dalla famiglia <strong>Antinori<\/strong> a Tenuta Tignanello in Toscana. La prima annata del Solaia \u00e8 stata la 1978 da un assemblaggio di Cabernet sauvignon (80%)e Cabernet Franc (20%). Gi\u00e0 nel 1979 per\u00f2 le percentuali cambiano. Il sangiovese entra a far parte dell&#8217;uvaggio con un 20% e da allora niente \u00e8 cambiato, tranne nella difficile 2002 dove ritorna Cabernet in purezza.<\/p>\n<p>Il nome Solaia deriva dal nome dell&#8217;omonimo vigneto di circa 20 ettari esposto a sud-ovest tra i 350 e i 400 metri s.l.m. su un suolo roccioso calcareo con roccia di alberese e galestro, nelle campagne chiantigiane non lontano da Firenze.<\/p>\n<p>Da molti anni questa bottiglia \u00e8 considerata un &#8220;must have&#8221; fra i collezionisti e gli amanti del buon vino. Immancabile al sicuro nelle migliori cantine del mondo e sulle tavole pi\u00f9 importanti.<\/p>\n<p>&nbsp;<\/p>\n","protected":false},"excerpt":{"rendered":"<p>Il Solaia 2020 \u00e8 prodotto dalla famiglia Antinori a Tenuta Tignanello in Toscana. La prima annata del Solaia \u00e8 stata [&hellip;]<\/p>\n","protected":false},"featured_media":5064,"template":"","meta":[],"product_brand":[],"product_cat":[16,17,35],"product_tag":[96,93,91,69],"class_list":{"0":"post-5838","1":"product","2":"type-product","3":"status-publish","4":"has-post-thumbnail","6":"product_cat-bere","7":"product_cat-vini-rossi","8":"product_cat-in-evidenza","9":"product_tag-solaia","10":"product_tag-toscana-igt","11":"product_tag-vini-pregiati-e-rari","12":"product_tag-vino-pluripremiato","13":"pa_categorie-speciali-vini-pregiati-e-rari","14":"pa_etichette-porciatti-vino-pluripremiato","15":"pa_produttore-antinori","17":"first","18":"instock","19":"shipping-taxable","20":"purchasable","21":"product-type-simple"},"acf":[],"_links":{"self":[{"href":"https:\/\/casaporciatti.it\/shop\/wp-json\/wp\/v2\/product\/5838","targetHints":{"allow":["GET"]}}],"collection":[{"href":"https:\/\/casaporciatti.it\/shop\/wp-json\/wp\/v2\/product"}],"about":[{"href":"https:\/\/casaporciatti.it\/shop\/wp-json\/wp\/v2\/types\/product"}],"wp:featuredmedia":[{"embeddable":true,"href":"https:\/\/casaporciatti.it\/shop\/wp-json\/wp\/v2\/media\/5064"}],"wp:attachment":[{"href":"https:\/\/casaporciatti.it\/shop\/wp-json\/wp\/v2\/media?parent=5838"}],"wp:term":[{"taxonomy":"product_brand","embeddable":true,"href":"https:\/\/casaporciatti.it\/shop\/wp-json\/wp\/v2\/product_brand?post=5838"},{"taxonomy":"product_cat","embeddable":true,"href":"https:\/\/casaporciatti.it\/shop\/wp-json\/wp\/v2\/product_cat?post=5838"},{"taxonomy":"product_tag","embeddable":true,"href":"https:\/\/casaporciatti.it\/shop\/wp-json\/wp\/v2\/product_tag?post=5838"}],"curies":[{"name":"wp","href":"https:\/\/api.w.org\/{rel}","templated":true}]}}