{"id":5835,"date":"2023-02-14T17:25:15","date_gmt":"2023-02-14T16:25:15","guid":{"rendered":"https:\/\/casaporciatti.it\/shop\/prodotto\/gaja-gaja-rey-langhe-doc-2015\/"},"modified":"2025-05-14T05:50:00","modified_gmt":"2025-05-14T03:50:00","slug":"gaja-gaja-rey-langhe-chardonnay-2021","status":"publish","type":"product","link":"https:\/\/casaporciatti.it\/shop\/prodotto\/gaja-gaja-rey-langhe-chardonnay-2021\/","title":{"rendered":"GAJA GAJA &amp; REY Langhe Chardonnay 2021"},"content":{"rendered":"<p>Il<strong> Gaja &amp; Rey<\/strong> <strong>Chardonnay <\/strong>\u00e8 una pura espressione\u00a0delle langhe ed \u00e8 considerato uno dei pi\u00f9 grandi vini bianchi italiani. La cantina sta passando a barriques usate e a botti grandi per sottolineare ancor di\u00a0 pi\u00f9 la territorialit\u00e0 di questo bianco. Il vino ha aromi di mela, pesca bianca, salvia selvatica, zenzero e miele. Magnifico vino bianco al grande potenziale evolutivo<\/p>\n<p><strong>Gaja<\/strong> \u00e8 una delle aziende vinicole pi\u00f9 prestigiose italiane. Fu fondata nel 1859 da Giovanni Gaja, ma \u00e8 diventata la star dell&#8217;enologia contemporanea con <strong>Angelo Gaja<\/strong> &#8211; il pronipote di Giovanni, che per primo ha introdotto concetti e pratiche tecnologiche innovative in Langa. Oggi\u00a0Angelo Gaja \u00e8 ancora il proprietario della cantina, anche se gran parte del lavoro di gestione \u00e8 affidato alle sue due figlie. Oltre alle aziende piemontesi, Gaja negli ultimi anni si \u00e8 espansa anche in Toscana, dove ora possiede diversi vigneti nelle zone pi\u00f9 vocate di Bolgheri e Montalcino<\/p>\n","protected":false},"excerpt":{"rendered":"<p>Il Gaja &amp; Rey Chardonnay \u00e8 una pura espressione\u00a0delle langhe ed \u00e8 considerato uno dei pi\u00f9 grandi vini bianchi italiani. [&hellip;]<\/p>\n","protected":false},"featured_media":5836,"template":"","meta":[],"product_brand":[],"product_cat":[16,182],"product_tag":[159,200],"class_list":{"0":"post-5835","1":"product","2":"type-product","3":"status-publish","4":"has-post-thumbnail","6":"product_cat-bere","7":"product_cat-vini-bianchi","8":"product_tag-gaja","9":"product_tag-gaja-rey","10":"pa_produttore-gaja","12":"first","13":"instock","14":"shipping-taxable","15":"purchasable","16":"product-type-simple"},"acf":[],"_links":{"self":[{"href":"https:\/\/casaporciatti.it\/shop\/wp-json\/wp\/v2\/product\/5835","targetHints":{"allow":["GET"]}}],"collection":[{"href":"https:\/\/casaporciatti.it\/shop\/wp-json\/wp\/v2\/product"}],"about":[{"href":"https:\/\/casaporciatti.it\/shop\/wp-json\/wp\/v2\/types\/product"}],"wp:featuredmedia":[{"embeddable":true,"href":"https:\/\/casaporciatti.it\/shop\/wp-json\/wp\/v2\/media\/5836"}],"wp:attachment":[{"href":"https:\/\/casaporciatti.it\/shop\/wp-json\/wp\/v2\/media?parent=5835"}],"wp:term":[{"taxonomy":"product_brand","embeddable":true,"href":"https:\/\/casaporciatti.it\/shop\/wp-json\/wp\/v2\/product_brand?post=5835"},{"taxonomy":"product_cat","embeddable":true,"href":"https:\/\/casaporciatti.it\/shop\/wp-json\/wp\/v2\/product_cat?post=5835"},{"taxonomy":"product_tag","embeddable":true,"href":"https:\/\/casaporciatti.it\/shop\/wp-json\/wp\/v2\/product_tag?post=5835"}],"curies":[{"name":"wp","href":"https:\/\/api.w.org\/{rel}","templated":true}]}}