{"id":5821,"date":"2023-02-14T17:25:15","date_gmt":"2023-02-14T16:25:15","guid":{"rendered":"https:\/\/casaporciatti.it\/shop\/prodotto\/fontodi-flaccianello-della-pieve-toscana-igt-2017\/"},"modified":"2025-09-12T09:42:05","modified_gmt":"2025-09-12T07:42:05","slug":"fontodi-flaccianello-della-pieve-2019","status":"publish","type":"product","link":"https:\/\/casaporciatti.it\/shop\/prodotto\/fontodi-flaccianello-della-pieve-2019\/","title":{"rendered":"FONTODI FLACCIANELLO DELLA PIEVE 2019"},"content":{"rendered":"<p><strong>Fontodi<\/strong> <strong>Flaccianello della Pieve 2019 <\/strong>\u00a0\u00e8 una delle etichette pi\u00f9 rappresentative e conosciute nella zona del Chianti Classico e dell&#8217;intera Toscana.<\/p>\n<p>Nasce dalla selezione delle migliori uve di tutta la propriet\u00e0 e affina per 24 mesi in barriques di Troncais e Allier. Ne nasce un Sangiovese ricco, potente e dalla fitta trama tannica.\u00a0 Questa \u00e8 la bottiglia di spicco dell&#8217;azienda, quella pi\u00f9 rinomata e amata; una splendida bottiglia da bere subito o dimenticare in cantina per alcuni anni.<\/p>\n<p>Fontodi \u00e8 una certezza, sempre. Il Flaccianello della Pieve \u00e8 la sua creazione migliore<\/p>\n<p>L&#8217;Azienda Agricola <strong>Fontodi\u00a0<\/strong>\u00e8 stata acquistata\u00a0dalla famiglia Manetti nel 1968. La sua posizione\u00a0 &#8211; proprio al centro della denominazione <strong>Chianti Classico<\/strong>, con vigne che guardano\u00a0 a sud, suoli ricchi di galestro, nel bellissimo anfiteatro naturale che \u00e8 la Conca d&#8217;oro di <strong>Panzano in Chianti <\/strong>a circa 400\u00a0 m slm &#8211; \u00e8 dominante.<\/p>\n<p>La conduzione \u00e8 biologica ormai da molti anni; c&#8217;\u00e8 perfino una piccolo gruppetto di Chianine dalle quali si ricava la base del concime per fertilizzare le viti. Alcune vecchie viti degli anni &#8217;60 e &#8217;70 sono ancora in produzione, ma la maggior parte sono state sostituite da vigneti ad alta densit\u00e0 le cui piante derivano sia da selezione massale che dai miglior cloni emersi durante il progetto Chianti Classico 2000.<\/p>\n<p>La relativamente recente costruzione della nuova cantina \u00e8 perfettamente equipaggiata e funziona secondo i principi di gravit\u00e0 che elimina la necessit\u00e0 dei pompaggi. Tutto \u00e8 stato pensato e progettato per realizzare i migliori vini possibili.<\/p>\n<p>.<\/p>\n","protected":false},"excerpt":{"rendered":"<p>Fontodi Flaccianello della Pieve 2019 \u00a0\u00e8 una delle etichette pi\u00f9 rappresentative e conosciute nella zona del Chianti Classico e dell&#8217;intera [&hellip;]<\/p>\n","protected":false},"featured_media":5819,"template":"","meta":[],"product_brand":[],"product_cat":[16,17,35],"product_tag":[198,71,93,2459],"class_list":{"0":"post-5821","1":"product","2":"type-product","3":"status-publish","4":"has-post-thumbnail","6":"product_cat-bere","7":"product_cat-vini-rossi","8":"product_cat-in-evidenza","9":"product_tag-flaccianello-della-pieve","10":"product_tag-fontodi","11":"product_tag-toscana-igt","12":"product_tag-vini-di-panza","13":"pa_categorie-speciali-vini-pregiati-e-rari","14":"pa_chianti-classico-vini-di-panzano","15":"pa_produttore-fontodi","17":"first","18":"instock","19":"shipping-taxable","20":"purchasable","21":"product-type-simple"},"acf":[],"_links":{"self":[{"href":"https:\/\/casaporciatti.it\/shop\/wp-json\/wp\/v2\/product\/5821","targetHints":{"allow":["GET"]}}],"collection":[{"href":"https:\/\/casaporciatti.it\/shop\/wp-json\/wp\/v2\/product"}],"about":[{"href":"https:\/\/casaporciatti.it\/shop\/wp-json\/wp\/v2\/types\/product"}],"wp:featuredmedia":[{"embeddable":true,"href":"https:\/\/casaporciatti.it\/shop\/wp-json\/wp\/v2\/media\/5819"}],"wp:attachment":[{"href":"https:\/\/casaporciatti.it\/shop\/wp-json\/wp\/v2\/media?parent=5821"}],"wp:term":[{"taxonomy":"product_brand","embeddable":true,"href":"https:\/\/casaporciatti.it\/shop\/wp-json\/wp\/v2\/product_brand?post=5821"},{"taxonomy":"product_cat","embeddable":true,"href":"https:\/\/casaporciatti.it\/shop\/wp-json\/wp\/v2\/product_cat?post=5821"},{"taxonomy":"product_tag","embeddable":true,"href":"https:\/\/casaporciatti.it\/shop\/wp-json\/wp\/v2\/product_tag?post=5821"}],"curies":[{"name":"wp","href":"https:\/\/api.w.org\/{rel}","templated":true}]}}