{"id":5811,"date":"2023-02-14T17:25:15","date_gmt":"2023-02-14T16:25:15","guid":{"rendered":"https:\/\/casaporciatti.it\/shop\/prodotto\/mastrojanni-rosso-di-montalcino-2019\/"},"modified":"2024-11-06T10:27:45","modified_gmt":"2024-11-06T09:27:45","slug":"mastrojanni-rosso-di-montalcino-2021","status":"publish","type":"product","link":"https:\/\/casaporciatti.it\/shop\/prodotto\/mastrojanni-rosso-di-montalcino-2021\/","title":{"rendered":"MASTROJANNI Rosso di Montalcino 2021"},"content":{"rendered":"<p>Il <strong>Rosso di Montalcino<\/strong> di <strong>Mastrojanni<\/strong>\u00a0trascorre 6-7 mesi in botti di rovere di Allier e viene poi affinato in bottiglia prima di essere immesso sul mercato.<\/p>\n<p class=\"p1\">Al naso propone note di frutta rossa, ciliegie e prugne, con un ingresso in bocca tannico e un finale molto lungo, persistente e sapido. Un piccolo Brunello che dir\u00e0 la sua ancora per molto<\/p>\n<p class=\"p1\">Mastrojanni si trova a <strong>Castelnuovo dell&#8217;Abate,<\/strong> nell&#8217;angolo sud-orientale di Montalcino, in provincia di Siena. Il suolo conferisce grande carattere al Sangiovese di questa storica tenuta. I terreni sono ricchi di ghiaia, argilla, calcare e arenaria. Mastrojanni si estende per oltre 90 ettari, 25 dei quali vitati. Gli ettari dedicati al Brunello di Montalcino sono 14, con vigneti spesso sopra i 35 anni d&#8217;et\u00e0. L&#8217;altezza varia da 150 metri a 420 metri sul livello del mare. L&#8217;area gode di esposizione a 360\u00b0, con pendenze pi\u00f9 o meno ripide. La densit\u00e0 media \u00e8 di 5.300 viti per ettaro, con una resa inferiore a 5 tonnellate per ettaro.<\/p>\n<p class=\"p1\">Mastrojanni ha scritto la storia con i suoi vini sin dal 1975, collezionando premi concessi dai pi\u00f9 bravi critici enologici. Oggi, grazie ad un terroir eccezionale e uomini che hanno creduto in questo progetto per decenni, Mastrojanni \u00e8 diventato uno dei produttori pi\u00f9 apprezzati di Montalcino.<\/p>\n<p>Alla guida della propriet\u00e0 c&#8217;\u00e8 dal 2008 il Gruppo Illy che \u00e8 ambasciatore italiano nel mondo per i prodotti di alta qualit\u00e0<\/p>\n","protected":false},"excerpt":{"rendered":"<p>Il Rosso di Montalcino di Mastrojanni\u00a0trascorre 6-7 mesi in botti di rovere di Allier e viene poi affinato in bottiglia [&hellip;]<\/p>\n","protected":false},"featured_media":5812,"template":"","meta":[],"product_brand":[],"product_cat":[16,17],"product_tag":[196,120],"class_list":{"0":"post-5811","1":"product","2":"type-product","3":"status-publish","4":"has-post-thumbnail","6":"product_cat-bere","7":"product_cat-vini-rossi","8":"product_tag-mastrojanni","9":"product_tag-rosso-di-montalcino","10":"pa_produttore-mastrojanni","12":"first","13":"outofstock","14":"shipping-taxable","15":"purchasable","16":"product-type-simple"},"acf":[],"_links":{"self":[{"href":"https:\/\/casaporciatti.it\/shop\/wp-json\/wp\/v2\/product\/5811","targetHints":{"allow":["GET"]}}],"collection":[{"href":"https:\/\/casaporciatti.it\/shop\/wp-json\/wp\/v2\/product"}],"about":[{"href":"https:\/\/casaporciatti.it\/shop\/wp-json\/wp\/v2\/types\/product"}],"wp:featuredmedia":[{"embeddable":true,"href":"https:\/\/casaporciatti.it\/shop\/wp-json\/wp\/v2\/media\/5812"}],"wp:attachment":[{"href":"https:\/\/casaporciatti.it\/shop\/wp-json\/wp\/v2\/media?parent=5811"}],"wp:term":[{"taxonomy":"product_brand","embeddable":true,"href":"https:\/\/casaporciatti.it\/shop\/wp-json\/wp\/v2\/product_brand?post=5811"},{"taxonomy":"product_cat","embeddable":true,"href":"https:\/\/casaporciatti.it\/shop\/wp-json\/wp\/v2\/product_cat?post=5811"},{"taxonomy":"product_tag","embeddable":true,"href":"https:\/\/casaporciatti.it\/shop\/wp-json\/wp\/v2\/product_tag?post=5811"}],"curies":[{"name":"wp","href":"https:\/\/api.w.org\/{rel}","templated":true}]}}